{"id":4895,"date":"2023-05-11T13:38:44","date_gmt":"2023-05-11T13:38:44","guid":{"rendered":"https:\/\/visitbaceno.it\/marmitte-del-diavolo\/"},"modified":"2024-05-05T08:37:02","modified_gmt":"2024-05-05T08:37:02","slug":"marmitte-del-diavolo","status":"publish","type":"page","link":"https:\/\/visitbaceno.it\/de\/marmitte-del-diavolo\/","title":{"rendered":"&#8222;Marmitte del Diavolo&#8220;"},"content":{"rendered":"\t\t<div data-elementor-type=\"wp-page\" data-elementor-id=\"4895\" class=\"elementor elementor-4895 elementor-1830\">\n\t\t\t\t\t\t\t\t\t<section class=\"elementor-section elementor-top-section elementor-element elementor-element-cffb3dd elementor-section-boxed elementor-section-height-default elementor-section-height-default\" data-id=\"cffb3dd\" data-element_type=\"section\" data-settings=\"{&quot;jet_parallax_layout_list&quot;:[]}\">\n\t\t\t\t\t\t<div class=\"elementor-container elementor-column-gap-default\">\n\t\t\t\t\t<div class=\"elementor-column elementor-col-33 elementor-top-column elementor-element elementor-element-8cfb243\" data-id=\"8cfb243\" data-element_type=\"column\">\n\t\t\t<div class=\"elementor-widget-wrap elementor-element-populated\">\n\t\t\t\t\t\t\t\t<div class=\"elementor-element elementor-element-78d3004 elementor-widget elementor-widget-text-editor\" data-id=\"78d3004\" data-element_type=\"widget\" data-widget_type=\"text-editor.default\">\n\t\t\t\t<div class=\"elementor-widget-container\">\n\t\t\t<style>\/*! elementor - v3.13.3 - 28-05-2023 *\/\n.elementor-widget-text-editor.elementor-drop-cap-view-stacked .elementor-drop-cap{background-color:#69727d;color:#fff}.elementor-widget-text-editor.elementor-drop-cap-view-framed .elementor-drop-cap{color:#69727d;border:3px solid;background-color:transparent}.elementor-widget-text-editor:not(.elementor-drop-cap-view-default) .elementor-drop-cap{margin-top:8px}.elementor-widget-text-editor:not(.elementor-drop-cap-view-default) .elementor-drop-cap-letter{width:1em;height:1em}.elementor-widget-text-editor .elementor-drop-cap{float:left;text-align:center;line-height:1;font-size:50px}.elementor-widget-text-editor .elementor-drop-cap-letter{display:inline-block}<\/style>\t\t\t\t<p><strong>&#8222;Le Marmitte del Diavolo&#8220;<\/strong> sind tiefe Felsformationen, die durch die Erosion von Wasser und Gletschern entstanden sind. Der Legende nach &#8211; daher der Name &#8211; werden sie jedoch auf das Werfen von Steinen vom Teufel zur\u00fcckgef\u00fchrt.<br \/>Es ist nicht nur ein Ort von <strong>au\u00dferordentlichem geologischem Wert<\/strong>, sondern auch von gro\u00dfer Sch\u00f6nheit und Zeugnis von der \u00fcberw\u00e4ltigenden Kraft der Natur. .\u00a0<\/p>\t\t\t\t\t\t<\/div>\n\t\t\t\t<\/div>\n\t\t\t\t\t<\/div>\n\t\t<\/div>\n\t\t\t\t<div class=\"elementor-column elementor-col-33 elementor-top-column elementor-element elementor-element-20b31e6\" data-id=\"20b31e6\" data-element_type=\"column\">\n\t\t\t<div class=\"elementor-widget-wrap elementor-element-populated\">\n\t\t\t\t\t\t\t\t<div class=\"elementor-element elementor-element-aa64c16 elementor-widget elementor-widget-text-editor\" data-id=\"aa64c16\" data-element_type=\"widget\" data-widget_type=\"text-editor.default\">\n\t\t\t\t<div class=\"elementor-widget-container\">\n\t\t\t\t\t\t\t<p>Er ist in 5 Minuten von dem Platz in der Ortsmitte aus zu erreichen<br \/>Der Weg f\u00fchrt \u00fcber Metalltreppen (mit Schutzbarrieren) bis zu einer kleinen Terrasse, von der aus man den <strong>spektakul\u00e4ren Blick<\/strong> hat.<\/p>\t\t\t\t\t\t<\/div>\n\t\t\t\t<\/div>\n\t\t\t\t\t<\/div>\n\t\t<\/div>\n\t\t\t\t<div class=\"elementor-column elementor-col-33 elementor-top-column elementor-element elementor-element-341d9b9\" data-id=\"341d9b9\" data-element_type=\"column\">\n\t\t\t<div class=\"elementor-widget-wrap elementor-element-populated\">\n\t\t\t\t\t\t\t\t<div class=\"elementor-element elementor-element-fb68736 elementor-widget elementor-widget-text-editor\" data-id=\"fb68736\" data-element_type=\"widget\" data-widget_type=\"text-editor.default\">\n\t\t\t\t<div class=\"elementor-widget-container\">\n\t\t\t\t\t\t\t<p>Das Wasser wirbelt durch zwei riesige Felsbl\u00f6cke, die die Form einer H\u00fctte haben, und st\u00fcrzt dann in die Tiefe: <strong>im Laufe der Jahrhunderte haben nat\u00fcrliche Erosionserscheinungen extravagante Felsformationen<\/strong>, H\u00f6hlen und heimt\u00fcckische Passagen geschaffen, die durch die tausendj\u00e4hrigen Streicheleinheiten des Wassers gegl\u00e4ttet wurden.<br \/>Ein paar Schritte weiter f\u00fchrt der Weg \u00fcber <strong>eine alte Steinbr\u00fccke<\/strong>.<\/p>\t\t\t\t\t\t<\/div>\n\t\t\t\t<\/div>\n\t\t\t\t\t<\/div>\n\t\t<\/div>\n\t\t\t\t\t\t\t<\/div>\n\t\t<\/section>\n\t\t\t\t<section class=\"elementor-section elementor-top-section elementor-element elementor-element-5471f42 elementor-section-boxed elementor-section-height-default elementor-section-height-default\" data-id=\"5471f42\" data-element_type=\"section\" data-settings=\"{&quot;jet_parallax_layout_list&quot;:[]}\">\n\t\t\t\t\t\t<div class=\"elementor-container elementor-column-gap-default\">\n\t\t\t\t\t<div class=\"elementor-column elementor-col-100 elementor-top-column elementor-element elementor-element-cba89ec\" data-id=\"cba89ec\" data-element_type=\"column\">\n\t\t\t<div class=\"elementor-widget-wrap elementor-element-populated\">\n\t\t\t\t\t\t\t\t<div class=\"elementor-element elementor-element-274075c elementor-widget elementor-widget-image\" data-id=\"274075c\" data-element_type=\"widget\" data-widget_type=\"image.default\">\n\t\t\t\t<div class=\"elementor-widget-container\">\n\t\t\t<style>\/*! elementor - v3.13.3 - 28-05-2023 *\/\n.elementor-widget-image{text-align:center}.elementor-widget-image a{display:inline-block}.elementor-widget-image a img[src$=\".svg\"]{width:48px}.elementor-widget-image img{vertical-align:middle;display:inline-block}<\/style>\t\t\t\t\t\t\t\t\t\t\t\t\t<a href=\"https:\/\/visitbaceno.it\/wp-content\/uploads\/2023\/05\/Marmitte-di-Croveo-Comune-di-Baceno-ph.-Alessandro-Pirocchi-scaled.jpg\" data-elementor-open-lightbox=\"yes\" data-elementor-lightbox-title=\"Marmitte di Croveo - Valle Antigorio, Comune di Baceno - ph. Alessandro Pirocchi\" data-e-action-hash=\"#elementor-action%3Aaction%3Dlightbox%26settings%3DeyJpZCI6MTgzNiwidXJsIjoiaHR0cHM6XC9cL3Zpc2l0YmFjZW5vLml0XC93cC1jb250ZW50XC91cGxvYWRzXC8yMDIzXC8wNVwvTWFybWl0dGUtZGktQ3JvdmVvLUNvbXVuZS1kaS1CYWNlbm8tcGguLUFsZXNzYW5kcm8tUGlyb2NjaGktc2NhbGVkLmpwZyJ9\">\n\t\t\t\t\t\t\t<img loading=\"lazy\" decoding=\"async\" width=\"1024\" height=\"768\" src=\"https:\/\/visitbaceno.it\/wp-content\/uploads\/2023\/05\/Marmitte-di-Croveo-Comune-di-Baceno-ph.-Alessandro-Pirocchi-1024x768.jpg\" class=\"attachment-large size-large wp-image-1836\" alt=\"Marmitte di Croveo - Valle Antigorio, Comune di Baceno - ph. Alessandro Pirocchi\" srcset=\"https:\/\/visitbaceno.it\/wp-content\/uploads\/2023\/05\/Marmitte-di-Croveo-Comune-di-Baceno-ph.-Alessandro-Pirocchi-1024x768.jpg 1024w, https:\/\/visitbaceno.it\/wp-content\/uploads\/2023\/05\/Marmitte-di-Croveo-Comune-di-Baceno-ph.-Alessandro-Pirocchi-300x225.jpg 300w, https:\/\/visitbaceno.it\/wp-content\/uploads\/2023\/05\/Marmitte-di-Croveo-Comune-di-Baceno-ph.-Alessandro-Pirocchi-768x576.jpg 768w, https:\/\/visitbaceno.it\/wp-content\/uploads\/2023\/05\/Marmitte-di-Croveo-Comune-di-Baceno-ph.-Alessandro-Pirocchi-1536x1152.jpg 1536w, https:\/\/visitbaceno.it\/wp-content\/uploads\/2023\/05\/Marmitte-di-Croveo-Comune-di-Baceno-ph.-Alessandro-Pirocchi-2048x1536.jpg 2048w, https:\/\/visitbaceno.it\/wp-content\/uploads\/2023\/05\/Marmitte-di-Croveo-Comune-di-Baceno-ph.-Alessandro-Pirocchi-600x450.jpg 600w\" sizes=\"auto, (max-width: 1024px) 100vw, 1024px\" \/>\t\t\t\t\t\t\t\t<\/a>\n\t\t\t\t\t\t\t\t\t\t\t\t\t\t\t<\/div>\n\t\t\t\t<\/div>\n\t\t\t\t\t<\/div>\n\t\t<\/div>\n\t\t\t\t\t\t\t<\/div>\n\t\t<\/section>\n\t\t\t\t\t\t\t<\/div>\n\t\t","protected":false},"excerpt":{"rendered":"<p>&#8222;Le Marmitte del Diavolo&#8220; sind tiefe Felsformationen, die durch die Erosion von Wasser und Gletschern entstanden sind. Der Legende nach &#8211; daher der Name &#8211; werden sie jedoch auf das Werfen von Steinen vom Teufel zur\u00fcckgef\u00fchrt.Es ist nicht nur ein Ort von au\u00dferordentlichem geologischem Wert, sondern auch von gro\u00dfer Sch\u00f6nheit und Zeugnis von der \u00fcberw\u00e4ltigenden [&hellip;]<\/p>\n","protected":false},"author":1,"featured_media":0,"parent":0,"menu_order":0,"comment_status":"closed","ping_status":"closed","template":"","meta":{"footnotes":""},"class_list":["post-4895","page","type-page","status-publish","hentry"],"_links":{"self":[{"href":"https:\/\/visitbaceno.it\/de\/wp-json\/wp\/v2\/pages\/4895","targetHints":{"allow":["GET"]}}],"collection":[{"href":"https:\/\/visitbaceno.it\/de\/wp-json\/wp\/v2\/pages"}],"about":[{"href":"https:\/\/visitbaceno.it\/de\/wp-json\/wp\/v2\/types\/page"}],"author":[{"embeddable":true,"href":"https:\/\/visitbaceno.it\/de\/wp-json\/wp\/v2\/users\/1"}],"replies":[{"embeddable":true,"href":"https:\/\/visitbaceno.it\/de\/wp-json\/wp\/v2\/comments?post=4895"}],"version-history":[{"count":6,"href":"https:\/\/visitbaceno.it\/de\/wp-json\/wp\/v2\/pages\/4895\/revisions"}],"predecessor-version":[{"id":5445,"href":"https:\/\/visitbaceno.it\/de\/wp-json\/wp\/v2\/pages\/4895\/revisions\/5445"}],"wp:attachment":[{"href":"https:\/\/visitbaceno.it\/de\/wp-json\/wp\/v2\/media?parent=4895"}],"curies":[{"name":"wp","href":"https:\/\/api.w.org\/{rel}","templated":true}]}}