{"id":5303,"date":"2023-03-21T17:49:40","date_gmt":"2023-03-21T17:49:40","guid":{"rendered":"https:\/\/visitbaceno.it\/baceno\/"},"modified":"2024-04-08T10:30:18","modified_gmt":"2024-04-08T10:30:18","slug":"baceno","status":"publish","type":"page","link":"https:\/\/visitbaceno.it\/de\/baceno\/","title":{"rendered":"Baceno"},"content":{"rendered":"\t\t<div data-elementor-type=\"wp-page\" data-elementor-id=\"5303\" class=\"elementor elementor-5303 elementor-1471\">\n\t\t\t\t\t\t\t\t\t<section class=\"elementor-section elementor-top-section elementor-element elementor-element-6ce8c9c1 elementor-section-boxed elementor-section-height-default elementor-section-height-default\" data-id=\"6ce8c9c1\" data-element_type=\"section\" data-settings=\"{&quot;jet_parallax_layout_list&quot;:[]}\">\n\t\t\t\t\t\t<div class=\"elementor-container elementor-column-gap-default\">\n\t\t\t\t\t<div class=\"elementor-column elementor-col-100 elementor-top-column elementor-element elementor-element-183f0544\" data-id=\"183f0544\" data-element_type=\"column\">\n\t\t\t<div class=\"elementor-widget-wrap elementor-element-populated\">\n\t\t\t\t\t\t\t\t<section class=\"elementor-section elementor-inner-section elementor-element elementor-element-b449723 elementor-section-boxed elementor-section-height-default elementor-section-height-default\" data-id=\"b449723\" data-element_type=\"section\" data-settings=\"{&quot;jet_parallax_layout_list&quot;:[]}\">\n\t\t\t\t\t\t<div class=\"elementor-container elementor-column-gap-default\">\n\t\t\t\t\t<div class=\"elementor-column elementor-col-50 elementor-inner-column elementor-element elementor-element-40ee3c4\" data-id=\"40ee3c4\" data-element_type=\"column\">\n\t\t\t<div class=\"elementor-widget-wrap elementor-element-populated\">\n\t\t\t\t\t\t\t\t<div class=\"elementor-element elementor-element-275d6f6 elementor-widget elementor-widget-text-editor\" data-id=\"275d6f6\" data-element_type=\"widget\" data-widget_type=\"text-editor.default\">\n\t\t\t\t<div class=\"elementor-widget-container\">\n\t\t\t<style>\/*! elementor - v3.13.3 - 28-05-2023 *\/\n.elementor-widget-text-editor.elementor-drop-cap-view-stacked .elementor-drop-cap{background-color:#69727d;color:#fff}.elementor-widget-text-editor.elementor-drop-cap-view-framed .elementor-drop-cap{color:#69727d;border:3px solid;background-color:transparent}.elementor-widget-text-editor:not(.elementor-drop-cap-view-default) .elementor-drop-cap{margin-top:8px}.elementor-widget-text-editor:not(.elementor-drop-cap-view-default) .elementor-drop-cap-letter{width:1em;height:1em}.elementor-widget-text-editor .elementor-drop-cap{float:left;text-align:center;line-height:1;font-size:50px}.elementor-widget-text-editor .elementor-drop-cap-letter{display:inline-block}<\/style>\t\t\t\t<p style=\"text-align: justify;\"><strong>Baceno<\/strong> liegt <strong>im Herzen des Antigoriotals<\/strong> und dient als Tor zu einigen der sch\u00f6nsten Ausflugsziele in den Alpen, wie dem <strong>Naturpark Veglia-Devero<\/strong>.<br \/>Die Geschichte des Ortes ist tief in der Vergangenheit verwurzelt: seit dem 3. Jahrtausend v. Chr. ist die Geschichte dieser Alpent\u00e4ler und ihrer V\u00f6lker durch Handeln und Austauschen und damit verschiedener V\u00f6lker gekennzeichnet.<br \/><strong>Die Zeit der Ausbreitung der Pest<\/strong> im 17. Jahrhundert und <strong>die schwarzen Seiten der Hexenprozesse von Croveo<\/strong> sind besonders dramatische Erinnerungen. An diese historische Zeit wird auch heute noch in Croveo mit einer Festveranstaltung erinnert.<\/p>\n\t\t\t\t\t\t<\/div>\n\t\t\t\t<\/div>\n\t\t\t\t\t<\/div>\n\t\t<\/div>\n\t\t\t\t<div class=\"elementor-column elementor-col-50 elementor-inner-column elementor-element elementor-element-0d78d65\" data-id=\"0d78d65\" data-element_type=\"column\">\n\t\t\t<div class=\"elementor-widget-wrap elementor-element-populated\">\n\t\t\t\t\t\t\t\t<div class=\"elementor-element elementor-element-2b7ada2 elementor-widget elementor-widget-text-editor\" data-id=\"2b7ada2\" data-element_type=\"widget\" data-widget_type=\"text-editor.default\">\n\t\t\t\t<div class=\"elementor-widget-container\">\n\t\t\t\t\t\t\t<p style=\"text-align: justify;\">In Baceno sind <strong>einige Geb\u00e4ude mit ihren charakteristischen Holzelementen<\/strong> und Steinplattend\u00e4chern erhalten geblieben.<br \/>Im Mittelpunkt des kulturellen, architektonischen und religi\u00f6sen Angebots von Baceno steht jedoch die <strong>Kirche San Gaudenzio<\/strong>, das symbolische Bauwerk des Dorfes Dieses geweihte Geb\u00e4ude, das sich auf einem hohen Felsvorsprung erhebt, ist <strong>eines der wichtigsten und attraktivsten religi\u00f6sen Zeugnisse des Alto Piemonte<\/strong>.<br \/>Zu Baceno geh\u00f6ren auch zahlreiche Ortsteile (Crampiolo, Crino, Croveo, Devero, Goglio, Graglia, Osso, Uresso) und Ortschaften (Cascine Vecchie, Esigo, Montepiano, Ponte Romano, Silogno, Verampio).<\/p>\n\t\t\t\t\t\t<\/div>\n\t\t\t\t<\/div>\n\t\t\t\t\t<\/div>\n\t\t<\/div>\n\t\t\t\t\t\t\t<\/div>\n\t\t<\/section>\n\t\t\t\t\t<\/div>\n\t\t<\/div>\n\t\t\t\t\t\t\t<\/div>\n\t\t<\/section>\n\t\t\t\t<section class=\"elementor-section elementor-top-section elementor-element elementor-element-8cee157 elementor-section-boxed elementor-section-height-default elementor-section-height-default\" data-id=\"8cee157\" data-element_type=\"section\" data-settings=\"{&quot;jet_parallax_layout_list&quot;:[]}\">\n\t\t\t\t\t\t<div class=\"elementor-container elementor-column-gap-default\">\n\t\t\t\t\t<div class=\"elementor-column elementor-col-100 elementor-top-column elementor-element elementor-element-f5d614a\" data-id=\"f5d614a\" data-element_type=\"column\">\n\t\t\t<div class=\"elementor-widget-wrap elementor-element-populated\">\n\t\t\t\t\t\t\t\t<div class=\"elementor-element elementor-element-6fc8e28 elementor-widget elementor-widget-image\" data-id=\"6fc8e28\" data-element_type=\"widget\" data-widget_type=\"image.default\">\n\t\t\t\t<div class=\"elementor-widget-container\">\n\t\t\t<style>\/*! elementor - v3.13.3 - 28-05-2023 *\/\n.elementor-widget-image{text-align:center}.elementor-widget-image a{display:inline-block}.elementor-widget-image a img[src$=\".svg\"]{width:48px}.elementor-widget-image img{vertical-align:middle;display:inline-block}<\/style>\t\t\t\t\t\t\t\t\t\t\t\t\t<a href=\"https:\/\/visitbaceno.it\/wp-content\/uploads\/2023\/06\/Baceno-Valle-Antigorio-ph.-Paolo-Sartori-3-scaled.jpg\" data-elementor-open-lightbox=\"yes\" data-elementor-lightbox-title=\"Baceno - Valle Antigorio - ph. Paolo Sartori\" data-e-action-hash=\"#elementor-action%3Aaction%3Dlightbox%26settings%3DeyJpZCI6MjQ3MywidXJsIjoiaHR0cHM6XC9cL3Zpc2l0YmFjZW5vLml0XC93cC1jb250ZW50XC91cGxvYWRzXC8yMDIzXC8wNlwvQmFjZW5vLVZhbGxlLUFudGlnb3Jpby1waC4tUGFvbG8tU2FydG9yaS0zLXNjYWxlZC5qcGcifQ%3D%3D\">\n\t\t\t\t\t\t\t<img loading=\"lazy\" decoding=\"async\" width=\"1024\" height=\"767\" src=\"https:\/\/visitbaceno.it\/wp-content\/uploads\/2023\/06\/Baceno-Valle-Antigorio-ph.-Paolo-Sartori-3-1024x767.jpg\" class=\"attachment-large size-large wp-image-2473\" alt=\"Baceno - Valle Antigorio - ph. Paolo Sartori\" srcset=\"https:\/\/visitbaceno.it\/wp-content\/uploads\/2023\/06\/Baceno-Valle-Antigorio-ph.-Paolo-Sartori-3-1024x767.jpg 1024w, https:\/\/visitbaceno.it\/wp-content\/uploads\/2023\/06\/Baceno-Valle-Antigorio-ph.-Paolo-Sartori-3-300x225.jpg 300w, https:\/\/visitbaceno.it\/wp-content\/uploads\/2023\/06\/Baceno-Valle-Antigorio-ph.-Paolo-Sartori-3-768x575.jpg 768w, https:\/\/visitbaceno.it\/wp-content\/uploads\/2023\/06\/Baceno-Valle-Antigorio-ph.-Paolo-Sartori-3-1536x1150.jpg 1536w, https:\/\/visitbaceno.it\/wp-content\/uploads\/2023\/06\/Baceno-Valle-Antigorio-ph.-Paolo-Sartori-3-2048x1534.jpg 2048w, https:\/\/visitbaceno.it\/wp-content\/uploads\/2023\/06\/Baceno-Valle-Antigorio-ph.-Paolo-Sartori-3-600x449.jpg 600w\" sizes=\"auto, (max-width: 1024px) 100vw, 1024px\" \/>\t\t\t\t\t\t\t\t<\/a>\n\t\t\t\t\t\t\t\t\t\t\t\t\t\t\t<\/div>\n\t\t\t\t<\/div>\n\t\t\t\t\t<\/div>\n\t\t<\/div>\n\t\t\t\t\t\t\t<\/div>\n\t\t<\/section>\n\t\t\t\t\t\t\t<\/div>\n\t\t","protected":false},"excerpt":{"rendered":"<p>Baceno liegt im Herzen des Antigoriotals und dient als Tor zu einigen der sch\u00f6nsten Ausflugsziele in den Alpen, wie dem Naturpark Veglia-Devero.Die Geschichte des Ortes ist tief in der Vergangenheit verwurzelt: seit dem 3. Jahrtausend v. Chr. ist die Geschichte dieser Alpent\u00e4ler und ihrer V\u00f6lker durch Handeln und Austauschen und damit verschiedener V\u00f6lker gekennzeichnet.Die Zeit [&hellip;]<\/p>\n","protected":false},"author":1,"featured_media":0,"parent":0,"menu_order":0,"comment_status":"closed","ping_status":"closed","template":"","meta":{"footnotes":""},"class_list":["post-5303","page","type-page","status-publish","hentry"],"_links":{"self":[{"href":"https:\/\/visitbaceno.it\/de\/wp-json\/wp\/v2\/pages\/5303","targetHints":{"allow":["GET"]}}],"collection":[{"href":"https:\/\/visitbaceno.it\/de\/wp-json\/wp\/v2\/pages"}],"about":[{"href":"https:\/\/visitbaceno.it\/de\/wp-json\/wp\/v2\/types\/page"}],"author":[{"embeddable":true,"href":"https:\/\/visitbaceno.it\/de\/wp-json\/wp\/v2\/users\/1"}],"replies":[{"embeddable":true,"href":"https:\/\/visitbaceno.it\/de\/wp-json\/wp\/v2\/comments?post=5303"}],"version-history":[{"count":7,"href":"https:\/\/visitbaceno.it\/de\/wp-json\/wp\/v2\/pages\/5303\/revisions"}],"predecessor-version":[{"id":5311,"href":"https:\/\/visitbaceno.it\/de\/wp-json\/wp\/v2\/pages\/5303\/revisions\/5311"}],"wp:attachment":[{"href":"https:\/\/visitbaceno.it\/de\/wp-json\/wp\/v2\/media?parent=5303"}],"curies":[{"name":"wp","href":"https:\/\/api.w.org\/{rel}","templated":true}]}}