{"id":5340,"date":"2023-05-10T13:01:56","date_gmt":"2023-05-10T13:01:56","guid":{"rendered":"https:\/\/visitbaceno.it\/?page_id=5340"},"modified":"2024-04-26T15:38:00","modified_gmt":"2024-04-26T15:38:00","slug":"die-geschichte-von-baceno","status":"publish","type":"page","link":"https:\/\/visitbaceno.it\/de\/die-geschichte-von-baceno\/","title":{"rendered":"Die Geschichte von Baceno"},"content":{"rendered":"\t\t<div data-elementor-type=\"wp-page\" data-elementor-id=\"5340\" class=\"elementor elementor-5340 elementor-1714\">\n\t\t\t\t\t\t\t\t\t<section class=\"elementor-section elementor-top-section elementor-element elementor-element-b9b8ab0 elementor-section-boxed elementor-section-height-default elementor-section-height-default\" data-id=\"b9b8ab0\" data-element_type=\"section\" data-settings=\"{&quot;jet_parallax_layout_list&quot;:[]}\">\n\t\t\t\t\t\t<div class=\"elementor-container elementor-column-gap-default\">\n\t\t\t\t\t<div class=\"elementor-column elementor-col-50 elementor-top-column elementor-element elementor-element-d4e1d09\" data-id=\"d4e1d09\" data-element_type=\"column\">\n\t\t\t<div class=\"elementor-widget-wrap elementor-element-populated\">\n\t\t\t\t\t\t\t\t<div class=\"elementor-element elementor-element-b2a9fbf elementor-widget elementor-widget-text-editor\" data-id=\"b2a9fbf\" data-element_type=\"widget\" data-widget_type=\"text-editor.default\">\n\t\t\t\t<div class=\"elementor-widget-container\">\n\t\t\t<style>\/*! elementor - v3.13.3 - 28-05-2023 *\/\n.elementor-widget-text-editor.elementor-drop-cap-view-stacked .elementor-drop-cap{background-color:#69727d;color:#fff}.elementor-widget-text-editor.elementor-drop-cap-view-framed .elementor-drop-cap{color:#69727d;border:3px solid;background-color:transparent}.elementor-widget-text-editor:not(.elementor-drop-cap-view-default) .elementor-drop-cap{margin-top:8px}.elementor-widget-text-editor:not(.elementor-drop-cap-view-default) .elementor-drop-cap-letter{width:1em;height:1em}.elementor-widget-text-editor .elementor-drop-cap{float:left;text-align:center;line-height:1;font-size:50px}.elementor-widget-text-editor .elementor-drop-cap-letter{display:inline-block}<\/style>\t\t\t\t<p>Die <strong>Geschichte von Baceno<\/strong> hat <strong>uralte Wurzeln<\/strong>: der Name der Hauptstadt des Antigorio-Tals taucht zum ersten Mal in einer Urkunde aus dem Jahr 918 auf, aber die Entdeckung eines Grabes aus dem <strong>2. Jahrhundert n. Chr.<\/strong> im Jahr 1958 zeugt von seinen noch \u00e4lteren Urspr\u00fcngen.<br \/>Dank seiner strategischen Lage am Zusammenfluss dreier T\u00e4ler spielte Baceno im Mittelalter eine wichtige Rolle f\u00fcr die T\u00e4ler des oberen Ossola, des Devero Antigorio und des Formazza.<\/p>\t\t\t\t\t\t<\/div>\n\t\t\t\t<\/div>\n\t\t\t\t\t<\/div>\n\t\t<\/div>\n\t\t\t\t<div class=\"elementor-column elementor-col-50 elementor-top-column elementor-element elementor-element-6e630c8\" data-id=\"6e630c8\" data-element_type=\"column\">\n\t\t\t<div class=\"elementor-widget-wrap elementor-element-populated\">\n\t\t\t\t\t\t\t\t<div class=\"elementor-element elementor-element-23b548f elementor-widget elementor-widget-text-editor\" data-id=\"23b548f\" data-element_type=\"widget\" data-widget_type=\"text-editor.default\">\n\t\t\t\t<div class=\"elementor-widget-container\">\n\t\t\t\t\t\t\t<p>Ab 1200 spielten die Familien De Rodis und De Baceno eine f\u00fchrende Rolle. Im Jahr 1381 kamen Baceno und das gesamte Ossola-Tal <strong>unter die Herrschaft der Familie Visconti<\/strong>, 1450 \u00fcbernahm die <strong>Familie Sforza<\/strong> die Herrschaft, und 1595 wurde das Gebiet als Lehen an die <strong>Familie Borromeo<\/strong> vergeben. Im Jahr 1647 wurden Baceno und alle anderen angrenzenden Orte von der Belehnung ausgenommen.<\/p>\t\t\t\t\t\t<\/div>\n\t\t\t\t<\/div>\n\t\t\t\t\t<\/div>\n\t\t<\/div>\n\t\t\t\t\t\t\t<\/div>\n\t\t<\/section>\n\t\t\t\t<section class=\"elementor-section elementor-top-section elementor-element elementor-element-7d77faf elementor-section-boxed elementor-section-height-default elementor-section-height-default\" data-id=\"7d77faf\" data-element_type=\"section\" data-settings=\"{&quot;jet_parallax_layout_list&quot;:[]}\">\n\t\t\t\t\t\t<div class=\"elementor-container elementor-column-gap-default\">\n\t\t\t\t\t<div class=\"elementor-column elementor-col-100 elementor-top-column elementor-element elementor-element-bca4a9c\" data-id=\"bca4a9c\" data-element_type=\"column\">\n\t\t\t<div class=\"elementor-widget-wrap elementor-element-populated\">\n\t\t\t\t\t\t\t\t<div class=\"elementor-element elementor-element-020e21b elementor-widget elementor-widget-image\" data-id=\"020e21b\" data-element_type=\"widget\" data-widget_type=\"image.default\">\n\t\t\t\t<div class=\"elementor-widget-container\">\n\t\t\t<style>\/*! elementor - v3.13.3 - 28-05-2023 *\/\n.elementor-widget-image{text-align:center}.elementor-widget-image a{display:inline-block}.elementor-widget-image a img[src$=\".svg\"]{width:48px}.elementor-widget-image img{vertical-align:middle;display:inline-block}<\/style>\t\t\t\t\t\t\t\t\t\t\t\t\t<a href=\"https:\/\/visitbaceno.it\/wp-content\/uploads\/2023\/05\/Storia-di-Baceno.jpg\" data-elementor-open-lightbox=\"yes\" data-elementor-lightbox-title=\"Un&#039;immagine storica di Baceno, Valle Antigorio\" data-e-action-hash=\"#elementor-action%3Aaction%3Dlightbox%26settings%3DeyJpZCI6MTcxNiwidXJsIjoiaHR0cHM6XC9cL3Zpc2l0YmFjZW5vLml0XC93cC1jb250ZW50XC91cGxvYWRzXC8yMDIzXC8wNVwvU3RvcmlhLWRpLUJhY2Vuby5qcGcifQ%3D%3D\">\n\t\t\t\t\t\t\t<img loading=\"lazy\" decoding=\"async\" width=\"1024\" height=\"637\" src=\"https:\/\/visitbaceno.it\/wp-content\/uploads\/2023\/05\/Storia-di-Baceno-1024x637.jpg\" class=\"attachment-large size-large wp-image-1716\" alt=\"Un&#039;immagine storica di Baceno, Valle Antigorio\" srcset=\"https:\/\/visitbaceno.it\/wp-content\/uploads\/2023\/05\/Storia-di-Baceno-1024x637.jpg 1024w, https:\/\/visitbaceno.it\/wp-content\/uploads\/2023\/05\/Storia-di-Baceno-300x187.jpg 300w, https:\/\/visitbaceno.it\/wp-content\/uploads\/2023\/05\/Storia-di-Baceno-768x478.jpg 768w, https:\/\/visitbaceno.it\/wp-content\/uploads\/2023\/05\/Storia-di-Baceno-1536x956.jpg 1536w, https:\/\/visitbaceno.it\/wp-content\/uploads\/2023\/05\/Storia-di-Baceno-600x373.jpg 600w, https:\/\/visitbaceno.it\/wp-content\/uploads\/2023\/05\/Storia-di-Baceno.jpg 1605w\" sizes=\"auto, (max-width: 1024px) 100vw, 1024px\" \/>\t\t\t\t\t\t\t\t<\/a>\n\t\t\t\t\t\t\t\t\t\t\t\t\t\t\t<\/div>\n\t\t\t\t<\/div>\n\t\t\t\t\t<\/div>\n\t\t<\/div>\n\t\t\t\t\t\t\t<\/div>\n\t\t<\/section>\n\t\t\t\t\t\t\t<\/div>\n\t\t","protected":false},"excerpt":{"rendered":"<p>Die Geschichte von Baceno hat uralte Wurzeln: der Name der Hauptstadt des Antigorio-Tals taucht zum ersten Mal in einer Urkunde aus dem Jahr 918 auf, aber die Entdeckung eines Grabes aus dem 2. Jahrhundert n. Chr. im Jahr 1958 zeugt von seinen noch \u00e4lteren Urspr\u00fcngen.Dank seiner strategischen Lage am Zusammenfluss dreier T\u00e4ler spielte Baceno im [&hellip;]<\/p>\n","protected":false},"author":1,"featured_media":0,"parent":0,"menu_order":0,"comment_status":"closed","ping_status":"closed","template":"","meta":{"footnotes":""},"class_list":["post-5340","page","type-page","status-publish","hentry"],"_links":{"self":[{"href":"https:\/\/visitbaceno.it\/de\/wp-json\/wp\/v2\/pages\/5340","targetHints":{"allow":["GET"]}}],"collection":[{"href":"https:\/\/visitbaceno.it\/de\/wp-json\/wp\/v2\/pages"}],"about":[{"href":"https:\/\/visitbaceno.it\/de\/wp-json\/wp\/v2\/types\/page"}],"author":[{"embeddable":true,"href":"https:\/\/visitbaceno.it\/de\/wp-json\/wp\/v2\/users\/1"}],"replies":[{"embeddable":true,"href":"https:\/\/visitbaceno.it\/de\/wp-json\/wp\/v2\/comments?post=5340"}],"version-history":[{"count":5,"href":"https:\/\/visitbaceno.it\/de\/wp-json\/wp\/v2\/pages\/5340\/revisions"}],"predecessor-version":[{"id":5347,"href":"https:\/\/visitbaceno.it\/de\/wp-json\/wp\/v2\/pages\/5340\/revisions\/5347"}],"wp:attachment":[{"href":"https:\/\/visitbaceno.it\/de\/wp-json\/wp\/v2\/media?parent=5340"}],"curies":[{"name":"wp","href":"https:\/\/api.w.org\/{rel}","templated":true}]}}