{"id":5350,"date":"2023-05-10T13:41:29","date_gmt":"2023-05-10T13:41:29","guid":{"rendered":"https:\/\/visitbaceno.it\/gelbe-flagge-von-a-c-t-italien\/"},"modified":"2024-04-26T16:02:42","modified_gmt":"2024-04-26T16:02:42","slug":"gelbe-flagge-von-a-c-t-italien","status":"publish","type":"page","link":"https:\/\/visitbaceno.it\/de\/gelbe-flagge-von-a-c-t-italien\/","title":{"rendered":"Gelbe Flagge von A.C.T. Italien"},"content":{"rendered":"\t\t<div data-elementor-type=\"wp-page\" data-elementor-id=\"5350\" class=\"elementor elementor-5350 elementor-1731\">\n\t\t\t\t\t\t\t\t\t<section class=\"elementor-section elementor-top-section elementor-element elementor-element-e389b89 elementor-section-boxed elementor-section-height-default elementor-section-height-default\" data-id=\"e389b89\" data-element_type=\"section\" data-settings=\"{&quot;jet_parallax_layout_list&quot;:[]}\">\n\t\t\t\t\t\t<div class=\"elementor-container elementor-column-gap-default\">\n\t\t\t\t\t<div class=\"elementor-column elementor-col-50 elementor-top-column elementor-element elementor-element-e16bf02\" data-id=\"e16bf02\" data-element_type=\"column\">\n\t\t\t<div class=\"elementor-widget-wrap elementor-element-populated\">\n\t\t\t\t\t\t\t\t<div class=\"elementor-element elementor-element-439a784 elementor-widget elementor-widget-text-editor\" data-id=\"439a784\" data-element_type=\"widget\" data-widget_type=\"text-editor.default\">\n\t\t\t\t<div class=\"elementor-widget-container\">\n\t\t\t<style>\/*! elementor - v3.13.3 - 28-05-2023 *\/\n.elementor-widget-text-editor.elementor-drop-cap-view-stacked .elementor-drop-cap{background-color:#69727d;color:#fff}.elementor-widget-text-editor.elementor-drop-cap-view-framed .elementor-drop-cap{color:#69727d;border:3px solid;background-color:transparent}.elementor-widget-text-editor:not(.elementor-drop-cap-view-default) .elementor-drop-cap{margin-top:8px}.elementor-widget-text-editor:not(.elementor-drop-cap-view-default) .elementor-drop-cap-letter{width:1em;height:1em}.elementor-widget-text-editor .elementor-drop-cap{float:left;text-align:center;line-height:1;font-size:50px}.elementor-widget-text-editor .elementor-drop-cap-letter{display:inline-block}<\/style>\t\t\t\tDie Gemeinde <strong>Baceno<\/strong> hat dank ihres gut ausgestatteten und funktionellen Wohnmobilstellplatzes die wichtige Anerkennung der <strong>Gelben Fahne von A.C.T. Italia erhalten.<\/strong> Das Zeichen ist eine <strong>Qualit\u00e4tsauszeichnung<\/strong>f\u00fcr Einrichtungen\/Orte, die in Gastfreundschaft und Dienstleistung investieren, um <em>den \u201eTourismus der Bewegung\u201c zu f\u00f6rdern.<\/em>.\nDer <strong>Reisemobilstellplatz <\/strong> befindet sich auf dem Sportplatz von Baceno und verf\u00fcgt \u00fcber <strong>20 Stellpl\u00e4tze<\/strong> mit Be- und Entladeservice, Stroms\u00e4ulen, M\u00fcllsammelstelle und Waschgelegenheit.\t\t\t\t\t\t<\/div>\n\t\t\t\t<\/div>\n\t\t\t\t\t<\/div>\n\t\t<\/div>\n\t\t\t\t<div class=\"elementor-column elementor-col-50 elementor-top-column elementor-element elementor-element-7f91a26\" data-id=\"7f91a26\" data-element_type=\"column\">\n\t\t\t<div class=\"elementor-widget-wrap elementor-element-populated\">\n\t\t\t\t\t\t\t\t<div class=\"elementor-element elementor-element-692b0ff elementor-widget elementor-widget-text-editor\" data-id=\"692b0ff\" data-element_type=\"widget\" data-widget_type=\"text-editor.default\">\n\t\t\t\t<div class=\"elementor-widget-container\">\n\t\t\t\t\t\t\t<p>Au\u00dferdem stehen den G\u00e4sten Fu\u00dfball-, Tennis-, Boccia- und Beachvolleyballpl\u00e4tze sowie Toiletten und eine gut ausgestattete Bar zur Verf\u00fcgung. Der Wohnmobilstellplatz Baceno ist <strong>zu jeder Jahreszeit ein idealer Ausgangspunkt f\u00fcr einen Urlaub in der Natur<\/strong>: Klettern und Trekking unterschiedlicher Schwierigkeitsgrade, Langlauf- und Alpinskifahren und Schneeschuhwandern sind nur einige der M\u00f6glichkeiten, die Baceno und das Antigorio-Tal bieten.<\/p>\n\t\t\t\t\t\t<\/div>\n\t\t\t\t<\/div>\n\t\t\t\t\t<\/div>\n\t\t<\/div>\n\t\t\t\t\t\t\t<\/div>\n\t\t<\/section>\n\t\t\t\t\t\t\t<\/div>\n\t\t","protected":false},"excerpt":{"rendered":"<p>Die Gemeinde Baceno hat dank ihres gut ausgestatteten und funktionellen Wohnmobilstellplatzes die wichtige Anerkennung der Gelben Fahne von A.C.T. Italia erhalten. Das Zeichen ist eine Qualit\u00e4tsauszeichnungf\u00fcr Einrichtungen\/Orte, die in Gastfreundschaft und Dienstleistung investieren, um den \u201eTourismus der Bewegung\u201c zu f\u00f6rdern.. Der Reisemobilstellplatz befindet sich auf dem Sportplatz von Baceno und verf\u00fcgt \u00fcber 20 Stellpl\u00e4tze mit [&hellip;]<\/p>\n","protected":false},"author":1,"featured_media":0,"parent":0,"menu_order":0,"comment_status":"closed","ping_status":"closed","template":"","meta":{"footnotes":""},"class_list":["post-5350","page","type-page","status-publish","hentry"],"_links":{"self":[{"href":"https:\/\/visitbaceno.it\/de\/wp-json\/wp\/v2\/pages\/5350","targetHints":{"allow":["GET"]}}],"collection":[{"href":"https:\/\/visitbaceno.it\/de\/wp-json\/wp\/v2\/pages"}],"about":[{"href":"https:\/\/visitbaceno.it\/de\/wp-json\/wp\/v2\/types\/page"}],"author":[{"embeddable":true,"href":"https:\/\/visitbaceno.it\/de\/wp-json\/wp\/v2\/users\/1"}],"replies":[{"embeddable":true,"href":"https:\/\/visitbaceno.it\/de\/wp-json\/wp\/v2\/comments?post=5350"}],"version-history":[{"count":1,"href":"https:\/\/visitbaceno.it\/de\/wp-json\/wp\/v2\/pages\/5350\/revisions"}],"predecessor-version":[{"id":5351,"href":"https:\/\/visitbaceno.it\/de\/wp-json\/wp\/v2\/pages\/5350\/revisions\/5351"}],"wp:attachment":[{"href":"https:\/\/visitbaceno.it\/de\/wp-json\/wp\/v2\/media?parent=5350"}],"curies":[{"name":"wp","href":"https:\/\/api.w.org\/{rel}","templated":true}]}}