{"id":5395,"date":"2023-05-10T15:29:14","date_gmt":"2023-05-10T15:29:14","guid":{"rendered":"https:\/\/visitbaceno.it\/kirchen-und-oratorien\/"},"modified":"2024-05-03T16:20:44","modified_gmt":"2024-05-03T16:20:44","slug":"kirchen-und-oratorien","status":"publish","type":"page","link":"https:\/\/visitbaceno.it\/de\/kirchen-und-oratorien\/","title":{"rendered":"Kirchen und Oratorien"},"content":{"rendered":"\t\t<div data-elementor-type=\"wp-page\" data-elementor-id=\"5395\" class=\"elementor elementor-5395 elementor-1760\">\n\t\t\t\t\t\t\t\t\t<section class=\"elementor-section elementor-top-section elementor-element elementor-element-2c19816 elementor-section-boxed elementor-section-height-default elementor-section-height-default\" data-id=\"2c19816\" data-element_type=\"section\" data-settings=\"{&quot;jet_parallax_layout_list&quot;:[]}\">\n\t\t\t\t\t\t<div class=\"elementor-container elementor-column-gap-default\">\n\t\t\t\t\t<div class=\"elementor-column elementor-col-100 elementor-top-column elementor-element elementor-element-74c666e\" data-id=\"74c666e\" data-element_type=\"column\">\n\t\t\t<div class=\"elementor-widget-wrap elementor-element-populated\">\n\t\t\t\t\t\t\t\t<div class=\"elementor-element elementor-element-36c2f4a elementor-widget elementor-widget-heading\" data-id=\"36c2f4a\" data-element_type=\"widget\" data-widget_type=\"heading.default\">\n\t\t\t\t<div class=\"elementor-widget-container\">\n\t\t\t<style>\/*! elementor - v3.13.3 - 28-05-2023 *\/\n.elementor-heading-title{padding:0;margin:0;line-height:1}.elementor-widget-heading .elementor-heading-title[class*=elementor-size-]>a{color:inherit;font-size:inherit;line-height:inherit}.elementor-widget-heading .elementor-heading-title.elementor-size-small{font-size:15px}.elementor-widget-heading .elementor-heading-title.elementor-size-medium{font-size:19px}.elementor-widget-heading .elementor-heading-title.elementor-size-large{font-size:29px}.elementor-widget-heading .elementor-heading-title.elementor-size-xl{font-size:39px}.elementor-widget-heading .elementor-heading-title.elementor-size-xxl{font-size:59px}<\/style><h2 class=\"elementor-heading-title elementor-size-default\">Die Kirche von Croveo<\/h2>\t\t<\/div>\n\t\t\t\t<\/div>\n\t\t\t\t\t<\/div>\n\t\t<\/div>\n\t\t\t\t\t\t\t<\/div>\n\t\t<\/section>\n\t\t\t\t<section class=\"elementor-section elementor-top-section elementor-element elementor-element-94e26fa elementor-section-boxed elementor-section-height-default elementor-section-height-default\" data-id=\"94e26fa\" data-element_type=\"section\" data-settings=\"{&quot;jet_parallax_layout_list&quot;:[]}\">\n\t\t\t\t\t\t<div class=\"elementor-container elementor-column-gap-default\">\n\t\t\t\t\t<div class=\"elementor-column elementor-col-50 elementor-top-column elementor-element elementor-element-f48e04a\" data-id=\"f48e04a\" data-element_type=\"column\">\n\t\t\t<div class=\"elementor-widget-wrap elementor-element-populated\">\n\t\t\t\t\t\t\t\t<div class=\"elementor-element elementor-element-530b982 elementor-widget elementor-widget-text-editor\" data-id=\"530b982\" data-element_type=\"widget\" data-widget_type=\"text-editor.default\">\n\t\t\t\t<div class=\"elementor-widget-container\">\n\t\t\t<style>\/*! elementor - v3.13.3 - 28-05-2023 *\/\n.elementor-widget-text-editor.elementor-drop-cap-view-stacked .elementor-drop-cap{background-color:#69727d;color:#fff}.elementor-widget-text-editor.elementor-drop-cap-view-framed .elementor-drop-cap{color:#69727d;border:3px solid;background-color:transparent}.elementor-widget-text-editor:not(.elementor-drop-cap-view-default) .elementor-drop-cap{margin-top:8px}.elementor-widget-text-editor:not(.elementor-drop-cap-view-default) .elementor-drop-cap-letter{width:1em;height:1em}.elementor-widget-text-editor .elementor-drop-cap{float:left;text-align:center;line-height:1;font-size:50px}.elementor-widget-text-editor .elementor-drop-cap-letter{display:inline-block}<\/style>\t\t\t\t<p>Die <strong>Kirche von Croveo, die der Geburt der Jungfrau Maria geweiht ist<\/strong>, wurde 1671 erbaut. Neben dem Steinkreuz zum Gedenken an die Pest von 1630 steht auf dem Kirchhof <strong>die Statue von Don Antonio Ruscetta<\/strong>, dem &#8222;Vipernpriester&#8220; von Croveo, an der genauen Stelle, an der der Priester fr\u00fcher Unterricht im Reptilienfangen gab.<\/p>\n\t\t\t\t\t\t<\/div>\n\t\t\t\t<\/div>\n\t\t\t\t\t<\/div>\n\t\t<\/div>\n\t\t\t\t<div class=\"elementor-column elementor-col-50 elementor-top-column elementor-element elementor-element-0b78023\" data-id=\"0b78023\" data-element_type=\"column\">\n\t\t\t<div class=\"elementor-widget-wrap elementor-element-populated\">\n\t\t\t\t\t\t\t\t<div class=\"elementor-element elementor-element-f360fed elementor-widget elementor-widget-text-editor\" data-id=\"f360fed\" data-element_type=\"widget\" data-widget_type=\"text-editor.default\">\n\t\t\t\t<div class=\"elementor-widget-container\">\n\t\t\t\t\t\t\t<p>Der Innenraum besteht aus <strong>drei Schiffen mit zwei Seitenkapellen und f\u00fcnf Alt\u00e4ren<\/strong>. Als wahre Kunstwerke gelten die drei geschnitzten Holzt\u00fcren, auf denen die Geburt der Jungfrau Maria und die zw\u00f6lf Apostel dargestellt sind.<br \/>Bemerkenswert ist der <strong>Glockenturm<\/strong>, der in den Felsen gebaut und \u00fcber f\u00fcnfzig Stufen zu erreichen ist.<\/p>\n\t\t\t\t\t\t<\/div>\n\t\t\t\t<\/div>\n\t\t\t\t\t<\/div>\n\t\t<\/div>\n\t\t\t\t\t\t\t<\/div>\n\t\t<\/section>\n\t\t\t\t<section class=\"elementor-section elementor-top-section elementor-element elementor-element-4f94672 elementor-section-boxed elementor-section-height-default elementor-section-height-default\" data-id=\"4f94672\" data-element_type=\"section\" data-settings=\"{&quot;jet_parallax_layout_list&quot;:[]}\">\n\t\t\t\t\t\t<div class=\"elementor-container elementor-column-gap-default\">\n\t\t\t\t\t<div class=\"elementor-column elementor-col-100 elementor-top-column elementor-element elementor-element-b05b2d5\" data-id=\"b05b2d5\" data-element_type=\"column\">\n\t\t\t<div class=\"elementor-widget-wrap elementor-element-populated\">\n\t\t\t\t\t\t\t\t<div class=\"elementor-element elementor-element-1fcb843 elementor-widget elementor-widget-image\" data-id=\"1fcb843\" data-element_type=\"widget\" data-widget_type=\"image.default\">\n\t\t\t\t<div class=\"elementor-widget-container\">\n\t\t\t<style>\/*! elementor - v3.13.3 - 28-05-2023 *\/\n.elementor-widget-image{text-align:center}.elementor-widget-image a{display:inline-block}.elementor-widget-image a img[src$=\".svg\"]{width:48px}.elementor-widget-image img{vertical-align:middle;display:inline-block}<\/style>\t\t\t\t\t\t\t\t\t\t\t\t\t<a href=\"https:\/\/visitbaceno.it\/wp-content\/uploads\/2023\/06\/Chiesa-di-Croveo-Baceno-Valle-Antigorio-ph.-Paolo-Sartori-3-scaled.jpg\" data-elementor-open-lightbox=\"yes\" data-elementor-lightbox-title=\"Chiesa di Croveo - Baceno - Valle Antigorio - ph. Paolo Sartori\" data-e-action-hash=\"#elementor-action%3Aaction%3Dlightbox%26settings%3DeyJpZCI6MjQ5MiwidXJsIjoiaHR0cHM6XC9cL3Zpc2l0YmFjZW5vLml0XC93cC1jb250ZW50XC91cGxvYWRzXC8yMDIzXC8wNlwvQ2hpZXNhLWRpLUNyb3Zlby1CYWNlbm8tVmFsbGUtQW50aWdvcmlvLXBoLi1QYW9sby1TYXJ0b3JpLTMtc2NhbGVkLmpwZyJ9\">\n\t\t\t\t\t\t\t<img loading=\"lazy\" decoding=\"async\" width=\"1024\" height=\"683\" src=\"https:\/\/visitbaceno.it\/wp-content\/uploads\/2023\/06\/Chiesa-di-Croveo-Baceno-Valle-Antigorio-ph.-Paolo-Sartori-3-1024x683.jpg\" class=\"attachment-large size-large wp-image-2492\" alt=\"Chiesa di Croveo - Baceno - Valle Antigorio - ph. Paolo Sartori\" srcset=\"https:\/\/visitbaceno.it\/wp-content\/uploads\/2023\/06\/Chiesa-di-Croveo-Baceno-Valle-Antigorio-ph.-Paolo-Sartori-3-1024x683.jpg 1024w, https:\/\/visitbaceno.it\/wp-content\/uploads\/2023\/06\/Chiesa-di-Croveo-Baceno-Valle-Antigorio-ph.-Paolo-Sartori-3-300x200.jpg 300w, https:\/\/visitbaceno.it\/wp-content\/uploads\/2023\/06\/Chiesa-di-Croveo-Baceno-Valle-Antigorio-ph.-Paolo-Sartori-3-768x512.jpg 768w, https:\/\/visitbaceno.it\/wp-content\/uploads\/2023\/06\/Chiesa-di-Croveo-Baceno-Valle-Antigorio-ph.-Paolo-Sartori-3-1536x1024.jpg 1536w, https:\/\/visitbaceno.it\/wp-content\/uploads\/2023\/06\/Chiesa-di-Croveo-Baceno-Valle-Antigorio-ph.-Paolo-Sartori-3-2048x1365.jpg 2048w, https:\/\/visitbaceno.it\/wp-content\/uploads\/2023\/06\/Chiesa-di-Croveo-Baceno-Valle-Antigorio-ph.-Paolo-Sartori-3-600x400.jpg 600w\" sizes=\"auto, (max-width: 1024px) 100vw, 1024px\" \/>\t\t\t\t\t\t\t\t<\/a>\n\t\t\t\t\t\t\t\t\t\t\t\t\t\t\t<\/div>\n\t\t\t\t<\/div>\n\t\t\t\t\t<\/div>\n\t\t<\/div>\n\t\t\t\t\t\t\t<\/div>\n\t\t<\/section>\n\t\t\t\t<section class=\"elementor-section elementor-top-section elementor-element elementor-element-1763f4d elementor-section-boxed elementor-section-height-default elementor-section-height-default\" data-id=\"1763f4d\" data-element_type=\"section\" data-settings=\"{&quot;jet_parallax_layout_list&quot;:[]}\">\n\t\t\t\t\t\t<div class=\"elementor-container elementor-column-gap-default\">\n\t\t\t\t\t<div class=\"elementor-column elementor-col-100 elementor-top-column elementor-element elementor-element-d68fc3f\" data-id=\"d68fc3f\" data-element_type=\"column\">\n\t\t\t<div class=\"elementor-widget-wrap elementor-element-populated\">\n\t\t\t\t\t\t\t\t<div class=\"elementor-element elementor-element-ba3dd33 elementor-widget-divider--view-line elementor-widget elementor-widget-divider\" data-id=\"ba3dd33\" data-element_type=\"widget\" data-widget_type=\"divider.default\">\n\t\t\t\t<div class=\"elementor-widget-container\">\n\t\t\t<style>\/*! elementor - v3.13.3 - 28-05-2023 *\/\n.elementor-widget-divider{--divider-border-style:none;--divider-border-width:1px;--divider-color:#0c0d0e;--divider-icon-size:20px;--divider-element-spacing:10px;--divider-pattern-height:24px;--divider-pattern-size:20px;--divider-pattern-url:none;--divider-pattern-repeat:repeat-x}.elementor-widget-divider .elementor-divider{display:flex}.elementor-widget-divider .elementor-divider__text{font-size:15px;line-height:1;max-width:95%}.elementor-widget-divider .elementor-divider__element{margin:0 var(--divider-element-spacing);flex-shrink:0}.elementor-widget-divider .elementor-icon{font-size:var(--divider-icon-size)}.elementor-widget-divider .elementor-divider-separator{display:flex;margin:0;direction:ltr}.elementor-widget-divider--view-line_icon .elementor-divider-separator,.elementor-widget-divider--view-line_text .elementor-divider-separator{align-items:center}.elementor-widget-divider--view-line_icon .elementor-divider-separator:after,.elementor-widget-divider--view-line_icon .elementor-divider-separator:before,.elementor-widget-divider--view-line_text .elementor-divider-separator:after,.elementor-widget-divider--view-line_text .elementor-divider-separator:before{display:block;content:\"\";border-bottom:0;flex-grow:1;border-top:var(--divider-border-width) var(--divider-border-style) var(--divider-color)}.elementor-widget-divider--element-align-left .elementor-divider .elementor-divider-separator>.elementor-divider__svg:first-of-type{flex-grow:0;flex-shrink:100}.elementor-widget-divider--element-align-left .elementor-divider-separator:before{content:none}.elementor-widget-divider--element-align-left .elementor-divider__element{margin-left:0}.elementor-widget-divider--element-align-right .elementor-divider .elementor-divider-separator>.elementor-divider__svg:last-of-type{flex-grow:0;flex-shrink:100}.elementor-widget-divider--element-align-right .elementor-divider-separator:after{content:none}.elementor-widget-divider--element-align-right .elementor-divider__element{margin-right:0}.elementor-widget-divider:not(.elementor-widget-divider--view-line_text):not(.elementor-widget-divider--view-line_icon) .elementor-divider-separator{border-top:var(--divider-border-width) var(--divider-border-style) var(--divider-color)}.elementor-widget-divider--separator-type-pattern{--divider-border-style:none}.elementor-widget-divider--separator-type-pattern.elementor-widget-divider--view-line .elementor-divider-separator,.elementor-widget-divider--separator-type-pattern:not(.elementor-widget-divider--view-line) .elementor-divider-separator:after,.elementor-widget-divider--separator-type-pattern:not(.elementor-widget-divider--view-line) .elementor-divider-separator:before,.elementor-widget-divider--separator-type-pattern:not([class*=elementor-widget-divider--view]) .elementor-divider-separator{width:100%;min-height:var(--divider-pattern-height);-webkit-mask-size:var(--divider-pattern-size) 100%;mask-size:var(--divider-pattern-size) 100%;-webkit-mask-repeat:var(--divider-pattern-repeat);mask-repeat:var(--divider-pattern-repeat);background-color:var(--divider-color);-webkit-mask-image:var(--divider-pattern-url);mask-image:var(--divider-pattern-url)}.elementor-widget-divider--no-spacing{--divider-pattern-size:auto}.elementor-widget-divider--bg-round{--divider-pattern-repeat:round}.rtl .elementor-widget-divider .elementor-divider__text{direction:rtl}.e-con-inner>.elementor-widget-divider,.e-con>.elementor-widget-divider{width:var(--container-widget-width,100%);--flex-grow:var(--container-widget-flex-grow)}<\/style>\t\t<div class=\"elementor-divider\">\n\t\t\t<span class=\"elementor-divider-separator\">\n\t\t\t\t\t\t<\/span>\n\t\t<\/div>\n\t\t\t\t<\/div>\n\t\t\t\t<\/div>\n\t\t\t\t\t<\/div>\n\t\t<\/div>\n\t\t\t\t\t\t\t<\/div>\n\t\t<\/section>\n\t\t\t\t<section class=\"elementor-section elementor-top-section elementor-element elementor-element-03513f4 elementor-section-boxed elementor-section-height-default elementor-section-height-default\" data-id=\"03513f4\" data-element_type=\"section\" data-settings=\"{&quot;jet_parallax_layout_list&quot;:[]}\">\n\t\t\t\t\t\t<div class=\"elementor-container elementor-column-gap-default\">\n\t\t\t\t\t<div class=\"elementor-column elementor-col-100 elementor-top-column elementor-element elementor-element-0349391\" data-id=\"0349391\" data-element_type=\"column\">\n\t\t\t<div class=\"elementor-widget-wrap elementor-element-populated\">\n\t\t\t\t\t\t\t\t<div class=\"elementor-element elementor-element-87b59ea elementor-widget elementor-widget-heading\" data-id=\"87b59ea\" data-element_type=\"widget\" data-widget_type=\"heading.default\">\n\t\t\t\t<div class=\"elementor-widget-container\">\n\t\t\t<h2 class=\"elementor-heading-title elementor-size-default\">Die Oratorien<\/h2>\t\t<\/div>\n\t\t\t\t<\/div>\n\t\t\t\t\t<\/div>\n\t\t<\/div>\n\t\t\t\t\t\t\t<\/div>\n\t\t<\/section>\n\t\t\t\t<section class=\"elementor-section elementor-top-section elementor-element elementor-element-1705519 elementor-section-boxed elementor-section-height-default elementor-section-height-default\" data-id=\"1705519\" data-element_type=\"section\" data-settings=\"{&quot;jet_parallax_layout_list&quot;:[]}\">\n\t\t\t\t\t\t<div class=\"elementor-container elementor-column-gap-default\">\n\t\t\t\t\t<div class=\"elementor-column elementor-col-100 elementor-top-column elementor-element elementor-element-e885ddc\" data-id=\"e885ddc\" data-element_type=\"column\">\n\t\t\t<div class=\"elementor-widget-wrap elementor-element-populated\">\n\t\t\t\t\t\t\t\t<div class=\"elementor-element elementor-element-09d1a08 elementor-widget elementor-widget-text-editor\" data-id=\"09d1a08\" data-element_type=\"widget\" data-widget_type=\"text-editor.default\">\n\t\t\t\t<div class=\"elementor-widget-container\">\n\t\t\t\t\t\t\t<p>Das Gemeindegebiet ist mit <strong>einer betr\u00e4chtlichen Anzahl von Oratorien<\/strong> \u00fcbers\u00e4t, die von einer tief in den Einwohnern verwurzelten Volksreligiosit\u00e4t zeugen. Im Folgenden sind die wichtigsten aufgef\u00fchrt:<\/p>\n\t\t\t\t\t\t<\/div>\n\t\t\t\t<\/div>\n\t\t\t\t\t<\/div>\n\t\t<\/div>\n\t\t\t\t\t\t\t<\/div>\n\t\t<\/section>\n\t\t\t\t<section class=\"elementor-section elementor-top-section elementor-element elementor-element-75feefe elementor-section-boxed elementor-section-height-default elementor-section-height-default\" data-id=\"75feefe\" data-element_type=\"section\" data-settings=\"{&quot;jet_parallax_layout_list&quot;:[]}\">\n\t\t\t\t\t\t<div class=\"elementor-container elementor-column-gap-default\">\n\t\t\t\t\t<div class=\"elementor-column elementor-col-50 elementor-top-column elementor-element elementor-element-c9f4878\" data-id=\"c9f4878\" data-element_type=\"column\">\n\t\t\t<div class=\"elementor-widget-wrap elementor-element-populated\">\n\t\t\t\t\t\t\t\t<div class=\"elementor-element elementor-element-06e8dd4 elementor-widget elementor-widget-text-editor\" data-id=\"06e8dd4\" data-element_type=\"widget\" data-widget_type=\"text-editor.default\">\n\t\t\t\t<div class=\"elementor-widget-container\">\n\t\t\t\t\t\t\t<ul>\n<li>Oratorium der Verk\u00fcndigung des Engels, 17. Jahrhundert, Ortsteil von Crino<\/li>\n<li>Oratorium von Sant\u2019Antonio da Padova, 17. Jahrhundert, Ortschaft S. Antonio<\/li>\n<li>Oratorium von San Carlo Borromeo, 17. Jahrhundert, Ortsteil von Graglia<\/li>\n<li>Oratorium von San Bartolomeo, 17. Jahrhundert, Ortsteil von Devero<\/li>\n<li>Oratorium von San Domenico, 17. Jahrhundert, Ortsteil von Osso<\/li>\n<li>Oratorium von San Pietro, 17. Jahrhundert, Ortsteil von Beola<\/li>\n<\/ul>\n\t\t\t\t\t\t<\/div>\n\t\t\t\t<\/div>\n\t\t\t\t\t<\/div>\n\t\t<\/div>\n\t\t\t\t<div class=\"elementor-column elementor-col-50 elementor-top-column elementor-element elementor-element-291947c\" data-id=\"291947c\" data-element_type=\"column\">\n\t\t\t<div class=\"elementor-widget-wrap elementor-element-populated\">\n\t\t\t\t\t\t\t\t<div class=\"elementor-element elementor-element-1df4ced elementor-widget elementor-widget-text-editor\" data-id=\"1df4ced\" data-element_type=\"widget\" data-widget_type=\"text-editor.default\">\n\t\t\t\t<div class=\"elementor-widget-container\">\n\t\t\t\t\t\t\t<ul>\n<li>Oratorium von San Rocco, 17. Jahrhundert, Ortsteil von Esigo<\/li>\n<li>Oratorium von Santa Croce, 17. Jahrhundert, Ortsteil von Goglio<\/li>\n<li>Oratorium von Madonna Addolorata, 17. Jahrhundert, Ortschaft Prea<\/li>\n<li>Oratorium von Madonna della Neve, 17. Jahrhundert, Ortsteil von Uresso<\/li>\n<li>Oratorium von Sant&#8217;Antonio Abate, 17. Jahrhundert, Ortsteil von Crampiolo<\/li>\n<li>Oratorium der Heimsuchung der Heiligen Elisabeth, 17. Jahrhundert, Ortschaft Ausone<\/li>\n<\/ul>\n\t\t\t\t\t\t<\/div>\n\t\t\t\t<\/div>\n\t\t\t\t\t<\/div>\n\t\t<\/div>\n\t\t\t\t\t\t\t<\/div>\n\t\t<\/section>\n\t\t\t\t\t\t\t<\/div>\n\t\t","protected":false},"excerpt":{"rendered":"<p>Die Kirche von Croveo Die Kirche von Croveo, die der Geburt der Jungfrau Maria geweiht ist, wurde 1671 erbaut. Neben dem Steinkreuz zum Gedenken an die Pest von 1630 steht auf dem Kirchhof die Statue von Don Antonio Ruscetta, dem &#8222;Vipernpriester&#8220; von Croveo, an der genauen Stelle, an der der Priester fr\u00fcher Unterricht im Reptilienfangen [&hellip;]<\/p>\n","protected":false},"author":1,"featured_media":0,"parent":0,"menu_order":0,"comment_status":"closed","ping_status":"closed","template":"","meta":{"footnotes":""},"class_list":["post-5395","page","type-page","status-publish","hentry"],"_links":{"self":[{"href":"https:\/\/visitbaceno.it\/de\/wp-json\/wp\/v2\/pages\/5395","targetHints":{"allow":["GET"]}}],"collection":[{"href":"https:\/\/visitbaceno.it\/de\/wp-json\/wp\/v2\/pages"}],"about":[{"href":"https:\/\/visitbaceno.it\/de\/wp-json\/wp\/v2\/types\/page"}],"author":[{"embeddable":true,"href":"https:\/\/visitbaceno.it\/de\/wp-json\/wp\/v2\/users\/1"}],"replies":[{"embeddable":true,"href":"https:\/\/visitbaceno.it\/de\/wp-json\/wp\/v2\/comments?post=5395"}],"version-history":[{"count":3,"href":"https:\/\/visitbaceno.it\/de\/wp-json\/wp\/v2\/pages\/5395\/revisions"}],"predecessor-version":[{"id":5398,"href":"https:\/\/visitbaceno.it\/de\/wp-json\/wp\/v2\/pages\/5395\/revisions\/5398"}],"wp:attachment":[{"href":"https:\/\/visitbaceno.it\/de\/wp-json\/wp\/v2\/media?parent=5395"}],"curies":[{"name":"wp","href":"https:\/\/api.w.org\/{rel}","templated":true}]}}