{"id":5410,"date":"2023-05-10T16:36:39","date_gmt":"2023-05-10T16:36:39","guid":{"rendered":"https:\/\/visitbaceno.it\/der-weg-borgo-antico-in-croveo\/"},"modified":"2024-05-03T17:05:06","modified_gmt":"2024-05-03T17:05:06","slug":"der-weg-borgo-antico-in-croveo","status":"publish","type":"page","link":"https:\/\/visitbaceno.it\/de\/der-weg-borgo-antico-in-croveo\/","title":{"rendered":"Der Weg &#8222;Borgo Antico&#8220; in Croveo"},"content":{"rendered":"\t\t<div data-elementor-type=\"wp-page\" data-elementor-id=\"5410\" class=\"elementor elementor-5410 elementor-1790\">\n\t\t\t\t\t\t\t\t\t<section class=\"elementor-section elementor-top-section elementor-element elementor-element-f405b12 elementor-section-boxed elementor-section-height-default elementor-section-height-default\" data-id=\"f405b12\" data-element_type=\"section\" data-settings=\"{&quot;jet_parallax_layout_list&quot;:[]}\">\n\t\t\t\t\t\t<div class=\"elementor-container elementor-column-gap-default\">\n\t\t\t\t\t<div class=\"elementor-column elementor-col-50 elementor-top-column elementor-element elementor-element-e73a1b2\" data-id=\"e73a1b2\" data-element_type=\"column\">\n\t\t\t<div class=\"elementor-widget-wrap elementor-element-populated\">\n\t\t\t\t\t\t\t\t<div class=\"elementor-element elementor-element-03b4088 elementor-widget elementor-widget-text-editor\" data-id=\"03b4088\" data-element_type=\"widget\" data-widget_type=\"text-editor.default\">\n\t\t\t\t<div class=\"elementor-widget-container\">\n\t\t\t<style>\/*! elementor - v3.13.3 - 28-05-2023 *\/\n.elementor-widget-text-editor.elementor-drop-cap-view-stacked .elementor-drop-cap{background-color:#69727d;color:#fff}.elementor-widget-text-editor.elementor-drop-cap-view-framed .elementor-drop-cap{color:#69727d;border:3px solid;background-color:transparent}.elementor-widget-text-editor:not(.elementor-drop-cap-view-default) .elementor-drop-cap{margin-top:8px}.elementor-widget-text-editor:not(.elementor-drop-cap-view-default) .elementor-drop-cap-letter{width:1em;height:1em}.elementor-widget-text-editor .elementor-drop-cap{float:left;text-align:center;line-height:1;font-size:50px}.elementor-widget-text-editor .elementor-drop-cap-letter{display:inline-block}<\/style>\t\t\t\t<p>Seit 2015 f\u00fchrt der <strong>Weg &#8222;Borgo Antico&#8220; durch das h\u00fcbsche D\u00f6rfchen Croveo<\/strong>. Anhand von <strong>elf multimedialen Totems<\/strong> erfahren die Besucher <strong>mehr \u00fcber die lokalen Geschichten<\/strong> im Zusammenhang mit der <strong>Inquisition <\/strong> und den <strong>Hexenprozessen <\/strong> sowie \u00fcber den &#8222;<strong>Vipernpriester<\/strong>&#8220; Don <strong>Amedeo Ruscetta<\/strong>.<\/p>\t\t\t\t\t\t<\/div>\n\t\t\t\t<\/div>\n\t\t\t\t\t<\/div>\n\t\t<\/div>\n\t\t\t\t<div class=\"elementor-column elementor-col-50 elementor-top-column elementor-element elementor-element-3729ba0\" data-id=\"3729ba0\" data-element_type=\"column\">\n\t\t\t<div class=\"elementor-widget-wrap elementor-element-populated\">\n\t\t\t\t\t\t\t\t<div class=\"elementor-element elementor-element-5e4d40e elementor-widget elementor-widget-text-editor\" data-id=\"5e4d40e\" data-element_type=\"widget\" data-widget_type=\"text-editor.default\">\n\t\t\t\t<div class=\"elementor-widget-container\">\n\t\t\t\t\t\t\t<p><strong>Die Tour beginnt im Zentrum von Croveo<\/strong> und <strong>endet bei den Strudelt\u00f6pfen &#8222;Marmitte del Diavolo&#8220;<\/strong>, geologische Formationen, die durch die Erosion von Wasser und Gletschern entstanden sind. Der Legende nach &#8211; daher der Name &#8211; werden sie jedoch auf das Werfen von Steinen vom Teufel zur\u00fcckgef\u00fchrt.<\/p>\n<p>Auf dem Dorfplatz befindet sich der <strong>Totempfahl <\/strong> zur Geschichte der Hexen im Antigorio-Tal, und dann in dieser Reihenfolge:<\/p>\n\t\t\t\t\t\t<\/div>\n\t\t\t\t<\/div>\n\t\t\t\t\t<\/div>\n\t\t<\/div>\n\t\t\t\t\t\t\t<\/div>\n\t\t<\/section>\n\t\t\t\t<section class=\"elementor-section elementor-top-section elementor-element elementor-element-5a91825 elementor-section-boxed elementor-section-height-default elementor-section-height-default\" data-id=\"5a91825\" data-element_type=\"section\" data-settings=\"{&quot;jet_parallax_layout_list&quot;:[]}\">\n\t\t\t\t\t\t<div class=\"elementor-container elementor-column-gap-default\">\n\t\t\t\t\t<div class=\"elementor-column elementor-col-50 elementor-top-column elementor-element elementor-element-0907661\" data-id=\"0907661\" data-element_type=\"column\">\n\t\t\t<div class=\"elementor-widget-wrap elementor-element-populated\">\n\t\t\t\t\t\t\t\t<div class=\"elementor-element elementor-element-cc6a407 elementor-widget elementor-widget-text-editor\" data-id=\"cc6a407\" data-element_type=\"widget\" data-widget_type=\"text-editor.default\">\n\t\t\t\t<div class=\"elementor-widget-container\">\n\t\t\t\t\t\t\t<ul>\n<li>Totem nr. 2 Don Ruscetta<\/li>\n<li>Totem nr. 3 Der Hanfanbau<\/li>\n<li>Totem nr. 4 Das Gef\u00e4ngnis<\/li>\n<li>Totem nr. 5 Der Weg zu den M\u00fchlen<\/li>\n<li>Totem nr. 6 Kreuzwege und Sabbate<\/li>\n<\/ul>\n\t\t\t\t\t\t<\/div>\n\t\t\t\t<\/div>\n\t\t\t\t\t<\/div>\n\t\t<\/div>\n\t\t\t\t<div class=\"elementor-column elementor-col-50 elementor-top-column elementor-element elementor-element-beb23a3\" data-id=\"beb23a3\" data-element_type=\"column\">\n\t\t\t<div class=\"elementor-widget-wrap elementor-element-populated\">\n\t\t\t\t\t\t\t\t<div class=\"elementor-element elementor-element-4092123 elementor-widget elementor-widget-text-editor\" data-id=\"4092123\" data-element_type=\"widget\" data-widget_type=\"text-editor.default\">\n\t\t\t\t<div class=\"elementor-widget-container\">\n\t\t\t\t\t\t\t<ul>\n<li>Totem nr. 7 Die Inquisitoren<\/li>\n<li>Totem nr. 8 Die Kelter von Croveo<\/li>\n<li>Totem nr. 9 Die Hexen, Wei\u00dfe Katzen, Schwarze Katzen<\/li>\n<li>Totem nr. 10 Die Physik<\/li>\n<li>Totem nr. 11 Der Waschtrog<\/li>\n<\/ul>\n\t\t\t\t\t\t<\/div>\n\t\t\t\t<\/div>\n\t\t\t\t\t<\/div>\n\t\t<\/div>\n\t\t\t\t\t\t\t<\/div>\n\t\t<\/section>\n\t\t\t\t<section class=\"elementor-section elementor-top-section elementor-element elementor-element-54e4746 elementor-section-boxed elementor-section-height-default elementor-section-height-default\" data-id=\"54e4746\" data-element_type=\"section\" data-settings=\"{&quot;jet_parallax_layout_list&quot;:[]}\">\n\t\t\t\t\t\t<div class=\"elementor-container elementor-column-gap-default\">\n\t\t\t\t\t<div class=\"elementor-column elementor-col-100 elementor-top-column elementor-element elementor-element-c7df4fa\" data-id=\"c7df4fa\" data-element_type=\"column\">\n\t\t\t<div class=\"elementor-widget-wrap elementor-element-populated\">\n\t\t\t\t\t\t\t\t<div class=\"elementor-element elementor-element-47ec436 elementor-widget elementor-widget-text-editor\" data-id=\"47ec436\" data-element_type=\"widget\" data-widget_type=\"text-editor.default\">\n\t\t\t\t<div class=\"elementor-widget-container\">\n\t\t\t\t\t\t\t<p>Weitere wertvolle Zeugnisse des <strong>alten b\u00e4uerlichen Handwerks<\/strong> sind die <strong>alte Molkerei<\/strong>, die <strong>M\u00fchle am Ghendola-Bach<\/strong> und die \u201e<strong>Rassia<\/strong>\u201c, ein traditionelles wasserbetriebenes S\u00e4gewerk.<\/p>\n\t\t\t\t\t\t<\/div>\n\t\t\t\t<\/div>\n\t\t\t\t\t<\/div>\n\t\t<\/div>\n\t\t\t\t\t\t\t<\/div>\n\t\t<\/section>\n\t\t\t\t<section class=\"elementor-section elementor-top-section elementor-element elementor-element-22cfa1c elementor-section-boxed elementor-section-height-default elementor-section-height-default\" data-id=\"22cfa1c\" data-element_type=\"section\" data-settings=\"{&quot;jet_parallax_layout_list&quot;:[]}\">\n\t\t\t\t\t\t<div class=\"elementor-container elementor-column-gap-default\">\n\t\t\t\t\t<div class=\"elementor-column elementor-col-100 elementor-top-column elementor-element elementor-element-dd40523\" data-id=\"dd40523\" data-element_type=\"column\">\n\t\t\t<div class=\"elementor-widget-wrap elementor-element-populated\">\n\t\t\t\t\t\t\t\t<div class=\"elementor-element elementor-element-3f996a3 elementor-widget elementor-widget-image\" data-id=\"3f996a3\" data-element_type=\"widget\" data-widget_type=\"image.default\">\n\t\t\t\t<div class=\"elementor-widget-container\">\n\t\t\t<style>\/*! elementor - v3.13.3 - 28-05-2023 *\/\n.elementor-widget-image{text-align:center}.elementor-widget-image a{display:inline-block}.elementor-widget-image a img[src$=\".svg\"]{width:48px}.elementor-widget-image img{vertical-align:middle;display:inline-block}<\/style>\t\t\t\t\t\t\t\t\t\t\t\t\t<a href=\"https:\/\/visitbaceno.it\/wp-content\/uploads\/2023\/06\/Croveo-frazione-di-Baceno-Valle-Antigorio-ph.-Paolo-Sartori-12-scaled.jpg\" data-elementor-open-lightbox=\"yes\" data-elementor-lightbox-title=\"Croveo, frazione di Baceno - Valle-Antigorio -ph. Paolo Sartori\" data-e-action-hash=\"#elementor-action%3Aaction%3Dlightbox%26settings%3DeyJpZCI6MjQ5MywidXJsIjoiaHR0cHM6XC9cL3Zpc2l0YmFjZW5vLml0XC93cC1jb250ZW50XC91cGxvYWRzXC8yMDIzXC8wNlwvQ3JvdmVvLWZyYXppb25lLWRpLUJhY2Vuby1WYWxsZS1BbnRpZ29yaW8tcGguLVBhb2xvLVNhcnRvcmktMTItc2NhbGVkLmpwZyJ9\">\n\t\t\t\t\t\t\t<img loading=\"lazy\" decoding=\"async\" width=\"1024\" height=\"681\" src=\"https:\/\/visitbaceno.it\/wp-content\/uploads\/2023\/06\/Croveo-frazione-di-Baceno-Valle-Antigorio-ph.-Paolo-Sartori-12-1024x681.jpg\" class=\"attachment-large size-large wp-image-2493\" alt=\"Croveo, frazione di Baceno - Valle-Antigorio -ph. Paolo Sartori\" srcset=\"https:\/\/visitbaceno.it\/wp-content\/uploads\/2023\/06\/Croveo-frazione-di-Baceno-Valle-Antigorio-ph.-Paolo-Sartori-12-1024x681.jpg 1024w, https:\/\/visitbaceno.it\/wp-content\/uploads\/2023\/06\/Croveo-frazione-di-Baceno-Valle-Antigorio-ph.-Paolo-Sartori-12-300x200.jpg 300w, https:\/\/visitbaceno.it\/wp-content\/uploads\/2023\/06\/Croveo-frazione-di-Baceno-Valle-Antigorio-ph.-Paolo-Sartori-12-768x511.jpg 768w, https:\/\/visitbaceno.it\/wp-content\/uploads\/2023\/06\/Croveo-frazione-di-Baceno-Valle-Antigorio-ph.-Paolo-Sartori-12-1536x1022.jpg 1536w, https:\/\/visitbaceno.it\/wp-content\/uploads\/2023\/06\/Croveo-frazione-di-Baceno-Valle-Antigorio-ph.-Paolo-Sartori-12-2048x1363.jpg 2048w, https:\/\/visitbaceno.it\/wp-content\/uploads\/2023\/06\/Croveo-frazione-di-Baceno-Valle-Antigorio-ph.-Paolo-Sartori-12-600x399.jpg 600w\" sizes=\"auto, (max-width: 1024px) 100vw, 1024px\" \/>\t\t\t\t\t\t\t\t<\/a>\n\t\t\t\t\t\t\t\t\t\t\t\t\t\t\t<\/div>\n\t\t\t\t<\/div>\n\t\t\t\t\t<\/div>\n\t\t<\/div>\n\t\t\t\t\t\t\t<\/div>\n\t\t<\/section>\n\t\t\t\t\t\t\t<\/div>\n\t\t","protected":false},"excerpt":{"rendered":"<p>Seit 2015 f\u00fchrt der Weg &#8222;Borgo Antico&#8220; durch das h\u00fcbsche D\u00f6rfchen Croveo. Anhand von elf multimedialen Totems erfahren die Besucher mehr \u00fcber die lokalen Geschichten im Zusammenhang mit der Inquisition und den Hexenprozessen sowie \u00fcber den &#8222;Vipernpriester&#8220; Don Amedeo Ruscetta. Die Tour beginnt im Zentrum von Croveo und endet bei den Strudelt\u00f6pfen &#8222;Marmitte del Diavolo&#8220;, [&hellip;]<\/p>\n","protected":false},"author":1,"featured_media":0,"parent":0,"menu_order":0,"comment_status":"closed","ping_status":"closed","template":"","meta":{"footnotes":""},"class_list":["post-5410","page","type-page","status-publish","hentry"],"_links":{"self":[{"href":"https:\/\/visitbaceno.it\/de\/wp-json\/wp\/v2\/pages\/5410","targetHints":{"allow":["GET"]}}],"collection":[{"href":"https:\/\/visitbaceno.it\/de\/wp-json\/wp\/v2\/pages"}],"about":[{"href":"https:\/\/visitbaceno.it\/de\/wp-json\/wp\/v2\/types\/page"}],"author":[{"embeddable":true,"href":"https:\/\/visitbaceno.it\/de\/wp-json\/wp\/v2\/users\/1"}],"replies":[{"embeddable":true,"href":"https:\/\/visitbaceno.it\/de\/wp-json\/wp\/v2\/comments?post=5410"}],"version-history":[{"count":4,"href":"https:\/\/visitbaceno.it\/de\/wp-json\/wp\/v2\/pages\/5410\/revisions"}],"predecessor-version":[{"id":5415,"href":"https:\/\/visitbaceno.it\/de\/wp-json\/wp\/v2\/pages\/5410\/revisions\/5415"}],"wp:attachment":[{"href":"https:\/\/visitbaceno.it\/de\/wp-json\/wp\/v2\/media?parent=5410"}],"curies":[{"name":"wp","href":"https:\/\/api.w.org\/{rel}","templated":true}]}}