{"id":5423,"date":"2023-05-10T17:07:18","date_gmt":"2023-05-10T17:07:18","guid":{"rendered":"https:\/\/visitbaceno.it\/cuggine\/"},"modified":"2024-05-05T08:22:00","modified_gmt":"2024-05-05T08:22:00","slug":"cuggine","status":"publish","type":"page","link":"https:\/\/visitbaceno.it\/de\/cuggine\/","title":{"rendered":"Cuggine"},"content":{"rendered":"\t\t<div data-elementor-type=\"wp-page\" data-elementor-id=\"5423\" class=\"elementor elementor-5423 elementor-1805\">\n\t\t\t\t\t\t\t\t\t<section class=\"elementor-section elementor-top-section elementor-element elementor-element-e953645 elementor-section-boxed elementor-section-height-default elementor-section-height-default\" data-id=\"e953645\" data-element_type=\"section\" data-settings=\"{&quot;jet_parallax_layout_list&quot;:[]}\">\n\t\t\t\t\t\t<div class=\"elementor-container elementor-column-gap-default\">\n\t\t\t\t\t<div class=\"elementor-column elementor-col-66 elementor-top-column elementor-element elementor-element-34e63b6\" data-id=\"34e63b6\" data-element_type=\"column\">\n\t\t\t<div class=\"elementor-widget-wrap elementor-element-populated\">\n\t\t\t\t\t\t\t\t<div class=\"elementor-element elementor-element-bea47bc elementor-widget elementor-widget-text-editor\" data-id=\"bea47bc\" data-element_type=\"widget\" data-widget_type=\"text-editor.default\">\n\t\t\t\t<div class=\"elementor-widget-container\">\n\t\t\t<style>\/*! elementor - v3.13.3 - 28-05-2023 *\/\n.elementor-widget-text-editor.elementor-drop-cap-view-stacked .elementor-drop-cap{background-color:#69727d;color:#fff}.elementor-widget-text-editor.elementor-drop-cap-view-framed .elementor-drop-cap{color:#69727d;border:3px solid;background-color:transparent}.elementor-widget-text-editor:not(.elementor-drop-cap-view-default) .elementor-drop-cap{margin-top:8px}.elementor-widget-text-editor:not(.elementor-drop-cap-view-default) .elementor-drop-cap-letter{width:1em;height:1em}.elementor-widget-text-editor .elementor-drop-cap{float:left;text-align:center;line-height:1;font-size:50px}.elementor-widget-text-editor .elementor-drop-cap-letter{display:inline-block}<\/style>\t\t\t\t<p>Entlang der Handelsstra\u00dfe vom Albrunpass liegt <strong>das alte Dorf Cuggine<\/strong>. <br \/>Das Dorf, das aus etwa <strong>einem Dutzend H\u00e4usern<\/strong> besteht, ist ein Beispiel f\u00fcr <strong>die traditionelle Architektur<\/strong>: massive Steinmauern, Doppelt\u00fcren, geschlitzte Fenster, monumentale Portale und die \u00dcberreste eines quadratischen Turms.<\/p><p>Zwischen dem 13. und dem 17. Jahrhundert spielte <strong>Cuggine<\/strong> eine wichtige Rolle als <strong>Zwischenstation f\u00fcr die Karawanen der H\u00e4ndler<\/strong>, die auf der beschwerlichen Alpen\u00fcberquerung der Bocchetta d&#8217;Arbola zwischen Mailand und Bern unterwegs waren.<\/p>\t\t\t\t\t\t<\/div>\n\t\t\t\t<\/div>\n\t\t\t\t\t<\/div>\n\t\t<\/div>\n\t\t\t\t<div class=\"elementor-column elementor-col-33 elementor-top-column elementor-element elementor-element-5fb4e2b\" data-id=\"5fb4e2b\" data-element_type=\"column\">\n\t\t\t<div class=\"elementor-widget-wrap elementor-element-populated\">\n\t\t\t\t\t\t\t\t<div class=\"elementor-element elementor-element-e33b8ab elementor-widget elementor-widget-image\" data-id=\"e33b8ab\" data-element_type=\"widget\" data-widget_type=\"image.default\">\n\t\t\t\t<div class=\"elementor-widget-container\">\n\t\t\t<style>\/*! elementor - v3.13.3 - 28-05-2023 *\/\n.elementor-widget-image{text-align:center}.elementor-widget-image a{display:inline-block}.elementor-widget-image a img[src$=\".svg\"]{width:48px}.elementor-widget-image img{vertical-align:middle;display:inline-block}<\/style>\t\t\t\t\t\t\t\t\t\t\t\t\t<a href=\"https:\/\/visitbaceno.it\/wp-content\/uploads\/2023\/05\/Anello-di-Cuggine.jpg\" data-elementor-open-lightbox=\"yes\" data-elementor-lightbox-title=\"Escursione in Valle Antigorio - Anello di Cuggine - Figure antropomorfe a Cuggine - ph. Alessandro Pirocchi\" data-e-action-hash=\"#elementor-action%3Aaction%3Dlightbox%26settings%3DeyJpZCI6MTk0NywidXJsIjoiaHR0cHM6XC9cL3Zpc2l0YmFjZW5vLml0XC93cC1jb250ZW50XC91cGxvYWRzXC8yMDIzXC8wNVwvQW5lbGxvLWRpLUN1Z2dpbmUuanBnIn0%3D\">\n\t\t\t\t\t\t\t<img loading=\"lazy\" decoding=\"async\" width=\"591\" height=\"444\" src=\"https:\/\/visitbaceno.it\/wp-content\/uploads\/2023\/05\/Anello-di-Cuggine.jpg\" class=\"attachment-large size-large wp-image-1947\" alt=\"Escursione in Valle Antigorio - Anello di Cuggine - Figure antropomorfe a Cuggine - ph. Alessandro Pirocchi\" srcset=\"https:\/\/visitbaceno.it\/wp-content\/uploads\/2023\/05\/Anello-di-Cuggine.jpg 591w, https:\/\/visitbaceno.it\/wp-content\/uploads\/2023\/05\/Anello-di-Cuggine-300x225.jpg 300w\" sizes=\"auto, (max-width: 591px) 100vw, 591px\" \/>\t\t\t\t\t\t\t\t<\/a>\n\t\t\t\t\t\t\t\t\t\t\t\t\t\t\t<\/div>\n\t\t\t\t<\/div>\n\t\t\t\t\t<\/div>\n\t\t<\/div>\n\t\t\t\t\t\t\t<\/div>\n\t\t<\/section>\n\t\t\t\t<section class=\"elementor-section elementor-top-section elementor-element elementor-element-79cc890 elementor-section-boxed elementor-section-height-default elementor-section-height-default\" data-id=\"79cc890\" data-element_type=\"section\" data-settings=\"{&quot;jet_parallax_layout_list&quot;:[]}\">\n\t\t\t\t\t\t<div class=\"elementor-container elementor-column-gap-default\">\n\t\t\t\t\t<div class=\"elementor-column elementor-col-50 elementor-top-column elementor-element elementor-element-dd63f3c\" data-id=\"dd63f3c\" data-element_type=\"column\">\n\t\t\t<div class=\"elementor-widget-wrap elementor-element-populated\">\n\t\t\t\t\t\t\t\t<div class=\"elementor-element elementor-element-e61d9d4 elementor-widget elementor-widget-text-editor\" data-id=\"e61d9d4\" data-element_type=\"widget\" data-widget_type=\"text-editor.default\">\n\t\t\t\t<div class=\"elementor-widget-container\">\n\t\t\t\t\t\t\t<p>Die Rolle des Dorfes wurde im 17. Jahrhundert sowohl durch <strong>die Pestepidemien, die die Einwohner ausrotteten<\/strong>, als auch durch die &#8222;Via del Sempione&#8220;, die in den folgenden Jahren dank der gro\u00dfen Stra\u00dfeninvestitionen des Barons Kaspar Jodok von Stockalper realisiert wurde, geschw\u00e4cht.<\/p>\t\t\t\t\t\t<\/div>\n\t\t\t\t<\/div>\n\t\t\t\t\t<\/div>\n\t\t<\/div>\n\t\t\t\t<div class=\"elementor-column elementor-col-50 elementor-top-column elementor-element elementor-element-50aa02a\" data-id=\"50aa02a\" data-element_type=\"column\">\n\t\t\t<div class=\"elementor-widget-wrap elementor-element-populated\">\n\t\t\t\t\t\t\t\t<div class=\"elementor-element elementor-element-a673ddc elementor-widget elementor-widget-text-editor\" data-id=\"a673ddc\" data-element_type=\"widget\" data-widget_type=\"text-editor.default\">\n\t\t\t\t<div class=\"elementor-widget-container\">\n\t\t\t\t\t\t\t<p><strong>Das \u00e4lteste Geb\u00e4ude<\/strong> von Cuggine stammt aus dem <strong>11. Jahrhundert<\/strong>: Die auf dem T\u00fcrsturz des Portals eingravierte Jahreszahl 1582 bezieht sich auf sp\u00e4tere Restaurierungsarbeiten. Das mit geschnitzten Figuren verzierte <strong>monumentale patrizische Steinportal<\/strong> ist eines der \u00e4ltesten Beispiele weltlicher Kunst im Ossola-Tal.<\/p>\t\t\t\t\t\t<\/div>\n\t\t\t\t<\/div>\n\t\t\t\t\t<\/div>\n\t\t<\/div>\n\t\t\t\t\t\t\t<\/div>\n\t\t<\/section>\n\t\t\t\t\t\t\t<\/div>\n\t\t","protected":false},"excerpt":{"rendered":"<p>Entlang der Handelsstra\u00dfe vom Albrunpass liegt das alte Dorf Cuggine. Das Dorf, das aus etwa einem Dutzend H\u00e4usern besteht, ist ein Beispiel f\u00fcr die traditionelle Architektur: massive Steinmauern, Doppelt\u00fcren, geschlitzte Fenster, monumentale Portale und die \u00dcberreste eines quadratischen Turms. Zwischen dem 13. und dem 17. Jahrhundert spielte Cuggine eine wichtige Rolle als Zwischenstation f\u00fcr die [&hellip;]<\/p>\n","protected":false},"author":1,"featured_media":0,"parent":0,"menu_order":0,"comment_status":"closed","ping_status":"closed","template":"","meta":{"footnotes":""},"class_list":["post-5423","page","type-page","status-publish","hentry"],"_links":{"self":[{"href":"https:\/\/visitbaceno.it\/de\/wp-json\/wp\/v2\/pages\/5423","targetHints":{"allow":["GET"]}}],"collection":[{"href":"https:\/\/visitbaceno.it\/de\/wp-json\/wp\/v2\/pages"}],"about":[{"href":"https:\/\/visitbaceno.it\/de\/wp-json\/wp\/v2\/types\/page"}],"author":[{"embeddable":true,"href":"https:\/\/visitbaceno.it\/de\/wp-json\/wp\/v2\/users\/1"}],"replies":[{"embeddable":true,"href":"https:\/\/visitbaceno.it\/de\/wp-json\/wp\/v2\/comments?post=5423"}],"version-history":[{"count":3,"href":"https:\/\/visitbaceno.it\/de\/wp-json\/wp\/v2\/pages\/5423\/revisions"}],"predecessor-version":[{"id":5427,"href":"https:\/\/visitbaceno.it\/de\/wp-json\/wp\/v2\/pages\/5423\/revisions\/5427"}],"wp:attachment":[{"href":"https:\/\/visitbaceno.it\/de\/wp-json\/wp\/v2\/media?parent=5423"}],"curies":[{"name":"wp","href":"https:\/\/api.w.org\/{rel}","templated":true}]}}