{"id":5447,"date":"2023-05-11T13:45:35","date_gmt":"2023-05-11T13:45:35","guid":{"rendered":"https:\/\/visitbaceno.it\/?page_id=5447"},"modified":"2024-05-05T09:02:24","modified_gmt":"2024-05-05T09:02:24","slug":"naturpark-veglia-devero","status":"publish","type":"page","link":"https:\/\/visitbaceno.it\/de\/naturpark-veglia-devero\/","title":{"rendered":"Naturpark Veglia Devero"},"content":{"rendered":"\t\t<div data-elementor-type=\"wp-page\" data-elementor-id=\"5447\" class=\"elementor elementor-5447 elementor-1840\">\n\t\t\t\t\t\t\t\t\t<section class=\"elementor-section elementor-top-section elementor-element elementor-element-8a13614 elementor-section-boxed elementor-section-height-default elementor-section-height-default\" data-id=\"8a13614\" data-element_type=\"section\" data-settings=\"{&quot;jet_parallax_layout_list&quot;:[]}\">\n\t\t\t\t\t\t<div class=\"elementor-container elementor-column-gap-default\">\n\t\t\t\t\t<div class=\"elementor-column elementor-col-50 elementor-top-column elementor-element elementor-element-992a6bf\" data-id=\"992a6bf\" data-element_type=\"column\">\n\t\t\t<div class=\"elementor-widget-wrap elementor-element-populated\">\n\t\t\t\t\t\t\t\t<div class=\"elementor-element elementor-element-c7699a9 elementor-widget elementor-widget-text-editor\" data-id=\"c7699a9\" data-element_type=\"widget\" data-widget_type=\"text-editor.default\">\n\t\t\t\t<div class=\"elementor-widget-container\">\n\t\t\t<style>\/*! elementor - v3.13.3 - 28-05-2023 *\/\n.elementor-widget-text-editor.elementor-drop-cap-view-stacked .elementor-drop-cap{background-color:#69727d;color:#fff}.elementor-widget-text-editor.elementor-drop-cap-view-framed .elementor-drop-cap{color:#69727d;border:3px solid;background-color:transparent}.elementor-widget-text-editor:not(.elementor-drop-cap-view-default) .elementor-drop-cap{margin-top:8px}.elementor-widget-text-editor:not(.elementor-drop-cap-view-default) .elementor-drop-cap-letter{width:1em;height:1em}.elementor-widget-text-editor .elementor-drop-cap{float:left;text-align:center;line-height:1;font-size:50px}.elementor-widget-text-editor .elementor-drop-cap-letter{display:inline-block}<\/style>\t\t\t\t<p>Der unber\u00fchrte <strong>Naturpark Alpe Veglia-Devero<\/strong> ist <strong>eine der artenreichsten Landschaften<\/strong> der Alpen und wurde 1995 gegr\u00fcndet.<\/p><p>Der Naturpark besteht aus <strong>zwei gro\u00dfen Becken eiszeitlichen Ursprungs<\/strong> und geh\u00f6rt administrativ zu den Gemeinden Varzo, Trasquera, Baceno und Crodo.<\/p>\t\t\t\t\t\t<\/div>\n\t\t\t\t<\/div>\n\t\t\t\t\t<\/div>\n\t\t<\/div>\n\t\t\t\t<div class=\"elementor-column elementor-col-50 elementor-top-column elementor-element elementor-element-c0b452e\" data-id=\"c0b452e\" data-element_type=\"column\">\n\t\t\t<div class=\"elementor-widget-wrap elementor-element-populated\">\n\t\t\t\t\t\t\t\t<div class=\"elementor-element elementor-element-7546239 elementor-widget elementor-widget-text-editor\" data-id=\"7546239\" data-element_type=\"widget\" data-widget_type=\"text-editor.default\">\n\t\t\t\t<div class=\"elementor-widget-container\">\n\t\t\t\t\t\t\t<p>Er ist ein <strong>gesch\u00fctztes Gebiet<\/strong>, das sich \u00fcber <strong>8.000 Hektar<\/strong> vom Monte Leone bis zur Punta d\u2019Arbola (Ofernhorn) erstreckt. Das Gebiet grenzt im Osten an das Formazza-Tal, im S\u00fcdosten an das Antigorio-Tal, im S\u00fcden an das Divedro-Tal, im S\u00fcdwesten an das Simplon-Tal in der Schweiz und im Norden an den Naturpark Binntal, einen Ausl\u00e4ufer des Rhonetals im Kanton Wallis.<\/p>\t\t\t\t\t\t<\/div>\n\t\t\t\t<\/div>\n\t\t\t\t\t<\/div>\n\t\t<\/div>\n\t\t\t\t\t\t\t<\/div>\n\t\t<\/section>\n\t\t\t\t<section class=\"elementor-section elementor-top-section elementor-element elementor-element-3561883 elementor-section-boxed elementor-section-height-default elementor-section-height-default\" data-id=\"3561883\" data-element_type=\"section\" data-settings=\"{&quot;jet_parallax_layout_list&quot;:[]}\">\n\t\t\t\t\t\t<div class=\"elementor-container elementor-column-gap-default\">\n\t\t\t\t\t<div class=\"elementor-column elementor-col-100 elementor-top-column elementor-element elementor-element-770e3ae\" data-id=\"770e3ae\" data-element_type=\"column\">\n\t\t\t<div class=\"elementor-widget-wrap elementor-element-populated\">\n\t\t\t\t\t\t\t\t<div class=\"elementor-element elementor-element-e4f0615 elementor-widget elementor-widget-image\" data-id=\"e4f0615\" data-element_type=\"widget\" data-widget_type=\"image.default\">\n\t\t\t\t<div class=\"elementor-widget-container\">\n\t\t\t<style>\/*! elementor - v3.13.3 - 28-05-2023 *\/\n.elementor-widget-image{text-align:center}.elementor-widget-image a{display:inline-block}.elementor-widget-image a img[src$=\".svg\"]{width:48px}.elementor-widget-image img{vertical-align:middle;display:inline-block}<\/style>\t\t\t\t\t\t\t\t\t\t\t\t\t<a href=\"https:\/\/visitbaceno.it\/wp-content\/uploads\/2023\/05\/Diga-di-Codelago-Alpe-Devero-Comune-di-Baceno-ph.-Paolo-Sartori-2-scaled.jpg\" data-elementor-open-lightbox=\"yes\" data-elementor-lightbox-title=\"Autunno alla diga di Codelago - Alpe Devero, Comune di Baceno - ph. Paolo Sartori\" data-e-action-hash=\"#elementor-action%3Aaction%3Dlightbox%26settings%3DeyJpZCI6MTg0NSwidXJsIjoiaHR0cHM6XC9cL3Zpc2l0YmFjZW5vLml0XC93cC1jb250ZW50XC91cGxvYWRzXC8yMDIzXC8wNVwvRGlnYS1kaS1Db2RlbGFnby1BbHBlLURldmVyby1Db211bmUtZGktQmFjZW5vLXBoLi1QYW9sby1TYXJ0b3JpLTItc2NhbGVkLmpwZyJ9\">\n\t\t\t\t\t\t\t<img loading=\"lazy\" decoding=\"async\" width=\"1024\" height=\"680\" src=\"https:\/\/visitbaceno.it\/wp-content\/uploads\/2023\/05\/Diga-di-Codelago-Alpe-Devero-Comune-di-Baceno-ph.-Paolo-Sartori-2-1024x680.jpg\" class=\"attachment-large size-large wp-image-1845\" alt=\"Autunno alla diga di Codelago - Alpe Devero, Comune di Baceno - ph. Paolo Sartori\" srcset=\"https:\/\/visitbaceno.it\/wp-content\/uploads\/2023\/05\/Diga-di-Codelago-Alpe-Devero-Comune-di-Baceno-ph.-Paolo-Sartori-2-1024x680.jpg 1024w, https:\/\/visitbaceno.it\/wp-content\/uploads\/2023\/05\/Diga-di-Codelago-Alpe-Devero-Comune-di-Baceno-ph.-Paolo-Sartori-2-300x199.jpg 300w, https:\/\/visitbaceno.it\/wp-content\/uploads\/2023\/05\/Diga-di-Codelago-Alpe-Devero-Comune-di-Baceno-ph.-Paolo-Sartori-2-768x510.jpg 768w, https:\/\/visitbaceno.it\/wp-content\/uploads\/2023\/05\/Diga-di-Codelago-Alpe-Devero-Comune-di-Baceno-ph.-Paolo-Sartori-2-1536x1020.jpg 1536w, https:\/\/visitbaceno.it\/wp-content\/uploads\/2023\/05\/Diga-di-Codelago-Alpe-Devero-Comune-di-Baceno-ph.-Paolo-Sartori-2-2048x1361.jpg 2048w, https:\/\/visitbaceno.it\/wp-content\/uploads\/2023\/05\/Diga-di-Codelago-Alpe-Devero-Comune-di-Baceno-ph.-Paolo-Sartori-2-600x399.jpg 600w\" sizes=\"auto, (max-width: 1024px) 100vw, 1024px\" \/>\t\t\t\t\t\t\t\t<\/a>\n\t\t\t\t\t\t\t\t\t\t\t\t\t\t\t<\/div>\n\t\t\t\t<\/div>\n\t\t\t\t\t<\/div>\n\t\t<\/div>\n\t\t\t\t\t\t\t<\/div>\n\t\t<\/section>\n\t\t\t\t<section class=\"elementor-section elementor-top-section elementor-element elementor-element-7bc0444 elementor-section-boxed elementor-section-height-default elementor-section-height-default\" data-id=\"7bc0444\" data-element_type=\"section\" data-settings=\"{&quot;jet_parallax_layout_list&quot;:[]}\">\n\t\t\t\t\t\t<div class=\"elementor-container elementor-column-gap-default\">\n\t\t\t\t\t<div class=\"elementor-column elementor-col-50 elementor-top-column elementor-element elementor-element-2bb7a39\" data-id=\"2bb7a39\" data-element_type=\"column\">\n\t\t\t<div class=\"elementor-widget-wrap elementor-element-populated\">\n\t\t\t\t\t\t\t\t<div class=\"elementor-element elementor-element-9cb8a91 elementor-widget elementor-widget-text-editor\" data-id=\"9cb8a91\" data-element_type=\"widget\" data-widget_type=\"text-editor.default\">\n\t\t\t\t<div class=\"elementor-widget-container\">\n\t\t\t\t\t\t\t<p>Der <strong>erste Kern<\/strong> des Naturparks <strong>wurde Ende der 1970er Jahre<\/strong> zum Schutz der Veglia-Alm eingerichtet, w\u00e4hrend das Devero-Gebiet erst Anfang der 1990er Jahre Teil des Schutzgebiets wurde.<\/p>\t\t\t\t\t\t<\/div>\n\t\t\t\t<\/div>\n\t\t\t\t\t<\/div>\n\t\t<\/div>\n\t\t\t\t<div class=\"elementor-column elementor-col-50 elementor-top-column elementor-element elementor-element-63a0c57\" data-id=\"63a0c57\" data-element_type=\"column\">\n\t\t\t<div class=\"elementor-widget-wrap elementor-element-populated\">\n\t\t\t\t\t\t\t\t<div class=\"elementor-element elementor-element-34f8620 elementor-widget elementor-widget-text-editor\" data-id=\"34f8620\" data-element_type=\"widget\" data-widget_type=\"text-editor.default\">\n\t\t\t\t<div class=\"elementor-widget-container\">\n\t\t\t\t\t\t\t<p>Aufgrund seiner Lage war dieses Gebiet seit jeher <strong>ein wichtiger Durchgangsort f\u00fcr Waren und Menschen<\/strong>, und es ist kein Zufall, dass hier die ersten Spuren menschlicher Anwesenheit auf pr\u00e4historische Zeiten zur\u00fcckgehen.<\/p>\t\t\t\t\t\t<\/div>\n\t\t\t\t<\/div>\n\t\t\t\t\t<\/div>\n\t\t<\/div>\n\t\t\t\t\t\t\t<\/div>\n\t\t<\/section>\n\t\t\t\t<section class=\"elementor-section elementor-top-section elementor-element elementor-element-4e4d115 elementor-section-boxed elementor-section-height-default elementor-section-height-default\" data-id=\"4e4d115\" data-element_type=\"section\" data-settings=\"{&quot;jet_parallax_layout_list&quot;:[]}\">\n\t\t\t\t\t\t<div class=\"elementor-container elementor-column-gap-default\">\n\t\t\t\t\t<div class=\"elementor-column elementor-col-33 elementor-top-column elementor-element elementor-element-fc85e5e\" data-id=\"fc85e5e\" data-element_type=\"column\">\n\t\t\t<div class=\"elementor-widget-wrap elementor-element-populated\">\n\t\t\t\t\t\t\t\t<div class=\"elementor-element elementor-element-55ceb00 elementor-widget elementor-widget-image\" data-id=\"55ceb00\" data-element_type=\"widget\" data-widget_type=\"image.default\">\n\t\t\t\t<div class=\"elementor-widget-container\">\n\t\t\t\t\t\t\t\t\t\t\t\t\t\t\t\t<a href=\"https:\/\/visitbaceno.it\/wp-content\/uploads\/2023\/05\/Alpe-Crampiolo-Devero-Autunno-Comune-di-Baceno-ph.-Paolo-Sartori-1-scaled.jpg\" data-elementor-open-lightbox=\"yes\" data-elementor-lightbox-title=\"Autunno all&#039;Alpe Crampiolo e Punta d&#039;Arbola - Baceno, Valle Antigorio - ph. Paolo Sartori\" data-e-action-hash=\"#elementor-action%3Aaction%3Dlightbox%26settings%3DeyJpZCI6MTg0NiwidXJsIjoiaHR0cHM6XC9cL3Zpc2l0YmFjZW5vLml0XC93cC1jb250ZW50XC91cGxvYWRzXC8yMDIzXC8wNVwvQWxwZS1DcmFtcGlvbG8tRGV2ZXJvLUF1dHVubm8tQ29tdW5lLWRpLUJhY2Vuby1waC4tUGFvbG8tU2FydG9yaS0xLXNjYWxlZC5qcGcifQ%3D%3D\">\n\t\t\t\t\t\t\t<img loading=\"lazy\" decoding=\"async\" width=\"1024\" height=\"680\" src=\"https:\/\/visitbaceno.it\/wp-content\/uploads\/2023\/05\/Alpe-Crampiolo-Devero-Autunno-Comune-di-Baceno-ph.-Paolo-Sartori-1-1024x680.jpg\" class=\"attachment-large size-large wp-image-1846\" alt=\"Autunno all&#039;Alpe Crampiolo e Punta d&#039;Arbola - Baceno, Valle Antigorio - ph. Paolo Sartori\" srcset=\"https:\/\/visitbaceno.it\/wp-content\/uploads\/2023\/05\/Alpe-Crampiolo-Devero-Autunno-Comune-di-Baceno-ph.-Paolo-Sartori-1-1024x680.jpg 1024w, https:\/\/visitbaceno.it\/wp-content\/uploads\/2023\/05\/Alpe-Crampiolo-Devero-Autunno-Comune-di-Baceno-ph.-Paolo-Sartori-1-300x199.jpg 300w, https:\/\/visitbaceno.it\/wp-content\/uploads\/2023\/05\/Alpe-Crampiolo-Devero-Autunno-Comune-di-Baceno-ph.-Paolo-Sartori-1-768x510.jpg 768w, https:\/\/visitbaceno.it\/wp-content\/uploads\/2023\/05\/Alpe-Crampiolo-Devero-Autunno-Comune-di-Baceno-ph.-Paolo-Sartori-1-1536x1020.jpg 1536w, https:\/\/visitbaceno.it\/wp-content\/uploads\/2023\/05\/Alpe-Crampiolo-Devero-Autunno-Comune-di-Baceno-ph.-Paolo-Sartori-1-2048x1361.jpg 2048w, https:\/\/visitbaceno.it\/wp-content\/uploads\/2023\/05\/Alpe-Crampiolo-Devero-Autunno-Comune-di-Baceno-ph.-Paolo-Sartori-1-600x399.jpg 600w\" sizes=\"auto, (max-width: 1024px) 100vw, 1024px\" \/>\t\t\t\t\t\t\t\t<\/a>\n\t\t\t\t\t\t\t\t\t\t\t\t\t\t\t<\/div>\n\t\t\t\t<\/div>\n\t\t\t\t\t<\/div>\n\t\t<\/div>\n\t\t\t\t<div class=\"elementor-column elementor-col-33 elementor-top-column elementor-element elementor-element-583b047\" data-id=\"583b047\" data-element_type=\"column\">\n\t\t\t<div class=\"elementor-widget-wrap elementor-element-populated\">\n\t\t\t\t\t\t\t\t<div class=\"elementor-element elementor-element-5d46082 elementor-widget elementor-widget-image\" data-id=\"5d46082\" data-element_type=\"widget\" data-widget_type=\"image.default\">\n\t\t\t\t<div class=\"elementor-widget-container\">\n\t\t\t\t\t\t\t\t\t\t\t\t\t\t\t\t<a href=\"https:\/\/visitbaceno.it\/wp-content\/uploads\/2023\/05\/Alpe-Devero-Baceno-ph.-Paolo-Sartori-1-scaled.jpg\" data-elementor-open-lightbox=\"yes\" data-elementor-lightbox-title=\"Alpe Devero - Baceno - ph. Paolo Sartori\" data-e-action-hash=\"#elementor-action%3Aaction%3Dlightbox%26settings%3DeyJpZCI6MTg0OSwidXJsIjoiaHR0cHM6XC9cL3Zpc2l0YmFjZW5vLml0XC93cC1jb250ZW50XC91cGxvYWRzXC8yMDIzXC8wNVwvQWxwZS1EZXZlcm8tQmFjZW5vLXBoLi1QYW9sby1TYXJ0b3JpLTEtc2NhbGVkLmpwZyJ9\">\n\t\t\t\t\t\t\t<img loading=\"lazy\" decoding=\"async\" width=\"1024\" height=\"681\" src=\"https:\/\/visitbaceno.it\/wp-content\/uploads\/2023\/05\/Alpe-Devero-Baceno-ph.-Paolo-Sartori-1-1024x681.jpg\" class=\"attachment-large size-large wp-image-1849\" alt=\"Alpe Devero - Baceno - ph. Paolo Sartori\" srcset=\"https:\/\/visitbaceno.it\/wp-content\/uploads\/2023\/05\/Alpe-Devero-Baceno-ph.-Paolo-Sartori-1-1024x681.jpg 1024w, https:\/\/visitbaceno.it\/wp-content\/uploads\/2023\/05\/Alpe-Devero-Baceno-ph.-Paolo-Sartori-1-300x200.jpg 300w, https:\/\/visitbaceno.it\/wp-content\/uploads\/2023\/05\/Alpe-Devero-Baceno-ph.-Paolo-Sartori-1-768x511.jpg 768w, https:\/\/visitbaceno.it\/wp-content\/uploads\/2023\/05\/Alpe-Devero-Baceno-ph.-Paolo-Sartori-1-1536x1022.jpg 1536w, https:\/\/visitbaceno.it\/wp-content\/uploads\/2023\/05\/Alpe-Devero-Baceno-ph.-Paolo-Sartori-1-2048x1363.jpg 2048w, https:\/\/visitbaceno.it\/wp-content\/uploads\/2023\/05\/Alpe-Devero-Baceno-ph.-Paolo-Sartori-1-600x399.jpg 600w\" sizes=\"auto, (max-width: 1024px) 100vw, 1024px\" \/>\t\t\t\t\t\t\t\t<\/a>\n\t\t\t\t\t\t\t\t\t\t\t\t\t\t\t<\/div>\n\t\t\t\t<\/div>\n\t\t\t\t\t<\/div>\n\t\t<\/div>\n\t\t\t\t<div class=\"elementor-column elementor-col-33 elementor-top-column elementor-element elementor-element-b2bf6e2\" data-id=\"b2bf6e2\" data-element_type=\"column\">\n\t\t\t<div class=\"elementor-widget-wrap elementor-element-populated\">\n\t\t\t\t\t\t\t\t<div class=\"elementor-element elementor-element-a0ec004 elementor-widget elementor-widget-image\" data-id=\"a0ec004\" data-element_type=\"widget\" data-widget_type=\"image.default\">\n\t\t\t\t<div class=\"elementor-widget-container\">\n\t\t\t\t\t\t\t\t\t\t\t\t\t\t\t\t<a href=\"https:\/\/visitbaceno.it\/wp-content\/uploads\/2023\/05\/Alpe-Devero-Baceno-ph.-Paolo-Sartori-5-scaled.jpg\" data-elementor-open-lightbox=\"yes\" data-elementor-lightbox-title=\"Alpe Devero - Baceno - ph. Paolo Sartori\" data-e-action-hash=\"#elementor-action%3Aaction%3Dlightbox%26settings%3DeyJpZCI6MTg0OCwidXJsIjoiaHR0cHM6XC9cL3Zpc2l0YmFjZW5vLml0XC93cC1jb250ZW50XC91cGxvYWRzXC8yMDIzXC8wNVwvQWxwZS1EZXZlcm8tQmFjZW5vLXBoLi1QYW9sby1TYXJ0b3JpLTUtc2NhbGVkLmpwZyJ9\">\n\t\t\t\t\t\t\t<img loading=\"lazy\" decoding=\"async\" width=\"1024\" height=\"683\" src=\"https:\/\/visitbaceno.it\/wp-content\/uploads\/2023\/05\/Alpe-Devero-Baceno-ph.-Paolo-Sartori-5-1024x683.jpg\" class=\"attachment-large size-large wp-image-1848\" alt=\"Alpe Devero - Baceno - ph. Paolo Sartori\" srcset=\"https:\/\/visitbaceno.it\/wp-content\/uploads\/2023\/05\/Alpe-Devero-Baceno-ph.-Paolo-Sartori-5-1024x683.jpg 1024w, https:\/\/visitbaceno.it\/wp-content\/uploads\/2023\/05\/Alpe-Devero-Baceno-ph.-Paolo-Sartori-5-300x200.jpg 300w, https:\/\/visitbaceno.it\/wp-content\/uploads\/2023\/05\/Alpe-Devero-Baceno-ph.-Paolo-Sartori-5-768x513.jpg 768w, https:\/\/visitbaceno.it\/wp-content\/uploads\/2023\/05\/Alpe-Devero-Baceno-ph.-Paolo-Sartori-5-1536x1025.jpg 1536w, https:\/\/visitbaceno.it\/wp-content\/uploads\/2023\/05\/Alpe-Devero-Baceno-ph.-Paolo-Sartori-5-2048x1367.jpg 2048w, https:\/\/visitbaceno.it\/wp-content\/uploads\/2023\/05\/Alpe-Devero-Baceno-ph.-Paolo-Sartori-5-600x400.jpg 600w\" sizes=\"auto, (max-width: 1024px) 100vw, 1024px\" \/>\t\t\t\t\t\t\t\t<\/a>\n\t\t\t\t\t\t\t\t\t\t\t\t\t\t\t<\/div>\n\t\t\t\t<\/div>\n\t\t\t\t\t<\/div>\n\t\t<\/div>\n\t\t\t\t\t\t\t<\/div>\n\t\t<\/section>\n\t\t\t\t<section class=\"elementor-section elementor-top-section elementor-element elementor-element-b94dda5 elementor-section-boxed elementor-section-height-default elementor-section-height-default\" data-id=\"b94dda5\" data-element_type=\"section\" data-settings=\"{&quot;jet_parallax_layout_list&quot;:[]}\">\n\t\t\t\t\t\t<div class=\"elementor-container elementor-column-gap-default\">\n\t\t\t\t\t<div class=\"elementor-column elementor-col-33 elementor-top-column elementor-element elementor-element-2edf938\" data-id=\"2edf938\" data-element_type=\"column\">\n\t\t\t<div class=\"elementor-widget-wrap elementor-element-populated\">\n\t\t\t\t\t\t\t\t<div class=\"elementor-element elementor-element-b328c7f elementor-widget elementor-widget-text-editor\" data-id=\"b328c7f\" data-element_type=\"widget\" data-widget_type=\"text-editor.default\">\n\t\t\t\t<div class=\"elementor-widget-container\">\n\t\t\t\t\t\t\t<p>Die <strong>Almen<\/strong> wurden von den Bewohnern des Talbodens seit dem Mittelalter <strong>intensiv genutzt<\/strong>: im Laufe der Jahrhunderte wurde die Naturlandschaft tiefgreifend ver\u00e4ndert und den menschlichen Bed\u00fcrfnissen angepasst. <br \/>Die <strong>Gew\u00e4sser wurden kanalisiert<\/strong>, das <strong>sumpfige Land wurde urbar gemacht<\/strong>, das <strong>Unterholz<\/strong> aus Heidelbeeren und Rhododendren wurde <strong>reduziert<\/strong>, um die Anbaufl\u00e4che zu vergr\u00f6\u00dfern, und schlie\u00dflich wurden einige Siedlungen errichtet.<\/p>\t\t\t\t\t\t<\/div>\n\t\t\t\t<\/div>\n\t\t\t\t\t<\/div>\n\t\t<\/div>\n\t\t\t\t<div class=\"elementor-column elementor-col-66 elementor-top-column elementor-element elementor-element-643a7fe\" data-id=\"643a7fe\" data-element_type=\"column\">\n\t\t\t<div class=\"elementor-widget-wrap elementor-element-populated\">\n\t\t\t\t\t\t\t\t<div class=\"elementor-element elementor-element-9dcafbd elementor-widget elementor-widget-text-editor\" data-id=\"9dcafbd\" data-element_type=\"widget\" data-widget_type=\"text-editor.default\">\n\t\t\t\t<div class=\"elementor-widget-container\">\n\t\t\t\t\t\t\t<p>Gegen Ende des letzten Jahrhunderts wurden <strong>die ersten touristischen Routen<\/strong> entwickelt, die das <strong>Gebiet f\u00fcr Reiselustige<\/strong> und Alpenentdecker interessant machten. So sind <strong>die ersten Beherbergungsbetriebe<\/strong> entstanden. <br \/>Im Sommer und im Winter gibt es <strong>den Shuttle-Service &#8222;Prontobus&#8220;<\/strong>, der von Baceno aus f\u00e4hrt.<br \/>Die menschliche T\u00e4tigkeit und der Klimawandel haben zwar das Erscheinungsbild des Gebiets teilweise ver\u00e4ndert, aber <strong>den reinen Charme und die Sch\u00f6nheit des Naturparks Veglia-Devero<\/strong> nicht beeintr\u00e4chtigt: seine Erhaltung, zusammen mit dem Schutz und der Aufwertung der Arbeit der Bergbev\u00f6lkerung, ist seit jeher die Hauptaufgabe der Verwaltungsbeh\u00f6rde der Schutzgebiete des Ossola.<\/p>\t\t\t\t\t\t<\/div>\n\t\t\t\t<\/div>\n\t\t\t\t\t<\/div>\n\t\t<\/div>\n\t\t\t\t\t\t\t<\/div>\n\t\t<\/section>\n\t\t\t\t<section class=\"elementor-section elementor-top-section elementor-element elementor-element-635e9fb elementor-section-boxed elementor-section-height-default elementor-section-height-default\" data-id=\"635e9fb\" data-element_type=\"section\" data-settings=\"{&quot;jet_parallax_layout_list&quot;:[]}\">\n\t\t\t\t\t\t<div class=\"elementor-container elementor-column-gap-default\">\n\t\t\t\t\t<div class=\"elementor-column elementor-col-100 elementor-top-column elementor-element elementor-element-e5f14f2\" data-id=\"e5f14f2\" data-element_type=\"column\">\n\t\t\t<div class=\"elementor-widget-wrap elementor-element-populated\">\n\t\t\t\t\t\t\t\t<div class=\"elementor-element elementor-element-333803f elementor-widget elementor-widget-image\" data-id=\"333803f\" data-element_type=\"widget\" data-widget_type=\"image.default\">\n\t\t\t\t<div class=\"elementor-widget-container\">\n\t\t\t\t\t\t\t\t\t\t\t\t\t\t\t\t<a href=\"https:\/\/visitbaceno.it\/wp-content\/uploads\/2023\/05\/Diga-di-Codelago-Alpe-Devero-Comune-di-Baceno-ph.-Paolo-Sartori-3-scaled.jpg\" data-elementor-open-lightbox=\"yes\" data-elementor-lightbox-title=\"Diga di Codelago in inverno - Alpe Devero, Comune di Baceno - ph. Paolo Sartori\" data-e-action-hash=\"#elementor-action%3Aaction%3Dlightbox%26settings%3DeyJpZCI6MTg0NywidXJsIjoiaHR0cHM6XC9cL3Zpc2l0YmFjZW5vLml0XC93cC1jb250ZW50XC91cGxvYWRzXC8yMDIzXC8wNVwvRGlnYS1kaS1Db2RlbGFnby1BbHBlLURldmVyby1Db211bmUtZGktQmFjZW5vLXBoLi1QYW9sby1TYXJ0b3JpLTMtc2NhbGVkLmpwZyJ9\">\n\t\t\t\t\t\t\t<img loading=\"lazy\" decoding=\"async\" width=\"1024\" height=\"680\" src=\"https:\/\/visitbaceno.it\/wp-content\/uploads\/2023\/05\/Diga-di-Codelago-Alpe-Devero-Comune-di-Baceno-ph.-Paolo-Sartori-3-1024x680.jpg\" class=\"attachment-large size-large wp-image-1847\" alt=\"Diga di Codelago in inverno - Alpe Devero, Comune di Baceno - ph. Paolo Sartori\" srcset=\"https:\/\/visitbaceno.it\/wp-content\/uploads\/2023\/05\/Diga-di-Codelago-Alpe-Devero-Comune-di-Baceno-ph.-Paolo-Sartori-3-1024x680.jpg 1024w, https:\/\/visitbaceno.it\/wp-content\/uploads\/2023\/05\/Diga-di-Codelago-Alpe-Devero-Comune-di-Baceno-ph.-Paolo-Sartori-3-300x199.jpg 300w, https:\/\/visitbaceno.it\/wp-content\/uploads\/2023\/05\/Diga-di-Codelago-Alpe-Devero-Comune-di-Baceno-ph.-Paolo-Sartori-3-768x510.jpg 768w, https:\/\/visitbaceno.it\/wp-content\/uploads\/2023\/05\/Diga-di-Codelago-Alpe-Devero-Comune-di-Baceno-ph.-Paolo-Sartori-3-1536x1020.jpg 1536w, https:\/\/visitbaceno.it\/wp-content\/uploads\/2023\/05\/Diga-di-Codelago-Alpe-Devero-Comune-di-Baceno-ph.-Paolo-Sartori-3-2048x1361.jpg 2048w, https:\/\/visitbaceno.it\/wp-content\/uploads\/2023\/05\/Diga-di-Codelago-Alpe-Devero-Comune-di-Baceno-ph.-Paolo-Sartori-3-600x399.jpg 600w\" sizes=\"auto, (max-width: 1024px) 100vw, 1024px\" \/>\t\t\t\t\t\t\t\t<\/a>\n\t\t\t\t\t\t\t\t\t\t\t\t\t\t\t<\/div>\n\t\t\t\t<\/div>\n\t\t\t\t\t<\/div>\n\t\t<\/div>\n\t\t\t\t\t\t\t<\/div>\n\t\t<\/section>\n\t\t\t\t\t\t\t<\/div>\n\t\t","protected":false},"excerpt":{"rendered":"<p>Der unber\u00fchrte Naturpark Alpe Veglia-Devero ist eine der artenreichsten Landschaften der Alpen und wurde 1995 gegr\u00fcndet. Der Naturpark besteht aus zwei gro\u00dfen Becken eiszeitlichen Ursprungs und geh\u00f6rt administrativ zu den Gemeinden Varzo, Trasquera, Baceno und Crodo. Er ist ein gesch\u00fctztes Gebiet, das sich \u00fcber 8.000 Hektar vom Monte Leone bis zur Punta d\u2019Arbola (Ofernhorn) erstreckt. [&hellip;]<\/p>\n","protected":false},"author":1,"featured_media":0,"parent":0,"menu_order":0,"comment_status":"closed","ping_status":"closed","template":"","meta":{"footnotes":""},"class_list":["post-5447","page","type-page","status-publish","hentry"],"_links":{"self":[{"href":"https:\/\/visitbaceno.it\/de\/wp-json\/wp\/v2\/pages\/5447","targetHints":{"allow":["GET"]}}],"collection":[{"href":"https:\/\/visitbaceno.it\/de\/wp-json\/wp\/v2\/pages"}],"about":[{"href":"https:\/\/visitbaceno.it\/de\/wp-json\/wp\/v2\/types\/page"}],"author":[{"embeddable":true,"href":"https:\/\/visitbaceno.it\/de\/wp-json\/wp\/v2\/users\/1"}],"replies":[{"embeddable":true,"href":"https:\/\/visitbaceno.it\/de\/wp-json\/wp\/v2\/comments?post=5447"}],"version-history":[{"count":5,"href":"https:\/\/visitbaceno.it\/de\/wp-json\/wp\/v2\/pages\/5447\/revisions"}],"predecessor-version":[{"id":5452,"href":"https:\/\/visitbaceno.it\/de\/wp-json\/wp\/v2\/pages\/5447\/revisions\/5452"}],"wp:attachment":[{"href":"https:\/\/visitbaceno.it\/de\/wp-json\/wp\/v2\/media?parent=5447"}],"curies":[{"name":"wp","href":"https:\/\/api.w.org\/{rel}","templated":true}]}}