{"id":5460,"date":"2023-05-11T14:39:52","date_gmt":"2023-05-11T14:39:52","guid":{"rendered":"https:\/\/visitbaceno.it\/flora-e-fauna\/"},"modified":"2024-05-05T09:20:48","modified_gmt":"2024-05-05T09:20:48","slug":"flora-und-fauna","status":"publish","type":"page","link":"https:\/\/visitbaceno.it\/de\/flora-und-fauna\/","title":{"rendered":"Flora und fauna"},"content":{"rendered":"\t\t<div data-elementor-type=\"wp-page\" data-elementor-id=\"5460\" class=\"elementor elementor-5460 elementor-1861\">\n\t\t\t\t\t\t\t\t\t<section class=\"elementor-section elementor-top-section elementor-element elementor-element-1acc951 elementor-section-boxed elementor-section-height-default elementor-section-height-default\" data-id=\"1acc951\" data-element_type=\"section\" data-settings=\"{&quot;jet_parallax_layout_list&quot;:[]}\">\n\t\t\t\t\t\t<div class=\"elementor-container elementor-column-gap-default\">\n\t\t\t\t\t<div class=\"elementor-column elementor-col-100 elementor-top-column elementor-element elementor-element-733f084\" data-id=\"733f084\" data-element_type=\"column\">\n\t\t\t<div class=\"elementor-widget-wrap elementor-element-populated\">\n\t\t\t\t\t\t\t\t<div class=\"elementor-element elementor-element-b42e9c7 elementor-widget elementor-widget-image\" data-id=\"b42e9c7\" data-element_type=\"widget\" data-widget_type=\"image.default\">\n\t\t\t\t<div class=\"elementor-widget-container\">\n\t\t\t<style>\/*! elementor - v3.13.3 - 28-05-2023 *\/\n.elementor-widget-image{text-align:center}.elementor-widget-image a{display:inline-block}.elementor-widget-image a img[src$=\".svg\"]{width:48px}.elementor-widget-image img{vertical-align:middle;display:inline-block}<\/style>\t\t\t\t\t\t\t\t\t\t\t\t\t<a href=\"https:\/\/visitbaceno.it\/wp-content\/uploads\/2023\/06\/Val-Buscagna-Alpe-Devero-Comune-di-Baceno-ph.-Paolo-Sartori-7-scaled.jpg\" data-elementor-open-lightbox=\"yes\" data-elementor-lightbox-title=\"Flora alpina in Val Buscagna, Alpe Devero - Comune di Baceno - ph. Paolo Sartori\" data-e-action-hash=\"#elementor-action%3Aaction%3Dlightbox%26settings%3DeyJpZCI6MjU5OCwidXJsIjoiaHR0cHM6XC9cL3Zpc2l0YmFjZW5vLml0XC93cC1jb250ZW50XC91cGxvYWRzXC8yMDIzXC8wNlwvVmFsLUJ1c2NhZ25hLUFscGUtRGV2ZXJvLUNvbXVuZS1kaS1CYWNlbm8tcGguLVBhb2xvLVNhcnRvcmktNy1zY2FsZWQuanBnIn0%3D\">\n\t\t\t\t\t\t\t<img loading=\"lazy\" decoding=\"async\" width=\"1024\" height=\"681\" src=\"https:\/\/visitbaceno.it\/wp-content\/uploads\/2023\/06\/Val-Buscagna-Alpe-Devero-Comune-di-Baceno-ph.-Paolo-Sartori-7-1024x681.jpg\" class=\"attachment-large size-large wp-image-2598\" alt=\"Flora alpina in Val Buscagna, Alpe Devero - Comune di Baceno - ph. Paolo Sartori\" srcset=\"https:\/\/visitbaceno.it\/wp-content\/uploads\/2023\/06\/Val-Buscagna-Alpe-Devero-Comune-di-Baceno-ph.-Paolo-Sartori-7-1024x681.jpg 1024w, https:\/\/visitbaceno.it\/wp-content\/uploads\/2023\/06\/Val-Buscagna-Alpe-Devero-Comune-di-Baceno-ph.-Paolo-Sartori-7-300x200.jpg 300w, https:\/\/visitbaceno.it\/wp-content\/uploads\/2023\/06\/Val-Buscagna-Alpe-Devero-Comune-di-Baceno-ph.-Paolo-Sartori-7-768x511.jpg 768w, https:\/\/visitbaceno.it\/wp-content\/uploads\/2023\/06\/Val-Buscagna-Alpe-Devero-Comune-di-Baceno-ph.-Paolo-Sartori-7-1536x1022.jpg 1536w, https:\/\/visitbaceno.it\/wp-content\/uploads\/2023\/06\/Val-Buscagna-Alpe-Devero-Comune-di-Baceno-ph.-Paolo-Sartori-7-2048x1363.jpg 2048w, https:\/\/visitbaceno.it\/wp-content\/uploads\/2023\/06\/Val-Buscagna-Alpe-Devero-Comune-di-Baceno-ph.-Paolo-Sartori-7-600x399.jpg 600w\" sizes=\"auto, (max-width: 1024px) 100vw, 1024px\" \/>\t\t\t\t\t\t\t\t<\/a>\n\t\t\t\t\t\t\t\t\t\t\t\t\t\t\t<\/div>\n\t\t\t\t<\/div>\n\t\t\t\t\t<\/div>\n\t\t<\/div>\n\t\t\t\t\t\t\t<\/div>\n\t\t<\/section>\n\t\t\t\t<section class=\"elementor-section elementor-top-section elementor-element elementor-element-4bc9270 elementor-section-boxed elementor-section-height-default elementor-section-height-default\" data-id=\"4bc9270\" data-element_type=\"section\" data-settings=\"{&quot;jet_parallax_layout_list&quot;:[]}\">\n\t\t\t\t\t\t<div class=\"elementor-container elementor-column-gap-default\">\n\t\t\t\t\t<div class=\"elementor-column elementor-col-50 elementor-top-column elementor-element elementor-element-f42b2b1\" data-id=\"f42b2b1\" data-element_type=\"column\">\n\t\t\t<div class=\"elementor-widget-wrap elementor-element-populated\">\n\t\t\t\t\t\t\t\t<div class=\"elementor-element elementor-element-8aeb2e3 elementor-widget elementor-widget-text-editor\" data-id=\"8aeb2e3\" data-element_type=\"widget\" data-widget_type=\"text-editor.default\">\n\t\t\t\t<div class=\"elementor-widget-container\">\n\t\t\t<style>\/*! elementor - v3.13.3 - 28-05-2023 *\/\n.elementor-widget-text-editor.elementor-drop-cap-view-stacked .elementor-drop-cap{background-color:#69727d;color:#fff}.elementor-widget-text-editor.elementor-drop-cap-view-framed .elementor-drop-cap{color:#69727d;border:3px solid;background-color:transparent}.elementor-widget-text-editor:not(.elementor-drop-cap-view-default) .elementor-drop-cap{margin-top:8px}.elementor-widget-text-editor:not(.elementor-drop-cap-view-default) .elementor-drop-cap-letter{width:1em;height:1em}.elementor-widget-text-editor .elementor-drop-cap{float:left;text-align:center;line-height:1;font-size:50px}.elementor-widget-text-editor .elementor-drop-cap-letter{display:inline-block}<\/style>\t\t\t\t<p>Die Flora des Antigorio-Tals zeichnet sich durch das weit verbreitete <strong>Vorhandensein von Weiden und W\u00e4ldern<\/strong> aus. In der Talsohle herrschen Laubw\u00e4lder aus <strong>Buchen, Kastanien und Birken<\/strong> vor, w\u00e4hrend in den h\u00f6heren Lagen bis etwa 2.200 m vor allem <strong>L\u00e4rchen, Erlen, Weiden, Ebereschen und Fichten<\/strong> wachsen.<\/p>\t\t\t\t\t\t<\/div>\n\t\t\t\t<\/div>\n\t\t\t\t\t<\/div>\n\t\t<\/div>\n\t\t\t\t<div class=\"elementor-column elementor-col-50 elementor-top-column elementor-element elementor-element-38ee7ad\" data-id=\"38ee7ad\" data-element_type=\"column\">\n\t\t\t<div class=\"elementor-widget-wrap elementor-element-populated\">\n\t\t\t\t\t\t\t\t<div class=\"elementor-element elementor-element-a582d3d elementor-widget elementor-widget-text-editor\" data-id=\"a582d3d\" data-element_type=\"widget\" data-widget_type=\"text-editor.default\">\n\t\t\t\t<div class=\"elementor-widget-container\">\n\t\t\t\t\t\t\t<p>Das Unterholz hingegen ist das Reich der <strong>Rhododendren<\/strong> (ihre Sommerbl\u00fcte ist bezaubernd) und der <strong>Heidelbeeren<\/strong>. Im <a href=\"https:\/\/visitbaceno.it\/de\/naturpark-veglia-devero\/\"><strong>Naturpark Veglia Devero<\/strong><\/a> wurden etwa <strong>320 botanische Arten<\/strong> identifiziert, <strong>von denen fast ein Viertel selten ist<\/strong>, wie der Enzian (<em>Gentiana brachyphylla<\/em>), der Astragalus (<em>Astragalus leontinus<\/em>) und die Kobrenia (<em>Kobrenia simpliciscula<\/em>).<\/p>\t\t\t\t\t\t<\/div>\n\t\t\t\t<\/div>\n\t\t\t\t\t<\/div>\n\t\t<\/div>\n\t\t\t\t\t\t\t<\/div>\n\t\t<\/section>\n\t\t\t\t<section class=\"elementor-section elementor-top-section elementor-element elementor-element-f75b187 elementor-section-boxed elementor-section-height-default elementor-section-height-default\" data-id=\"f75b187\" data-element_type=\"section\" data-settings=\"{&quot;jet_parallax_layout_list&quot;:[]}\">\n\t\t\t\t\t\t<div class=\"elementor-container elementor-column-gap-default\">\n\t\t\t\t\t<div class=\"elementor-column elementor-col-33 elementor-top-column elementor-element elementor-element-7ab21e4\" data-id=\"7ab21e4\" data-element_type=\"column\">\n\t\t\t<div class=\"elementor-widget-wrap elementor-element-populated\">\n\t\t\t\t\t\t\t\t<div class=\"elementor-element elementor-element-32b2f42 elementor-widget elementor-widget-image\" data-id=\"32b2f42\" data-element_type=\"widget\" data-widget_type=\"image.default\">\n\t\t\t\t<div class=\"elementor-widget-container\">\n\t\t\t\t\t\t\t\t\t\t\t\t\t\t\t\t<a href=\"https:\/\/visitbaceno.it\/wp-content\/uploads\/2023\/06\/Flora-alpina-Valle-Antigorio-ph.-Marco-Benedetto-Cerini-2-scaled.jpg\" data-elementor-open-lightbox=\"yes\" data-elementor-lightbox-title=\"Flora alpina - Valle Antigorio - ph. Marco Benedetto Cerini\" data-e-action-hash=\"#elementor-action%3Aaction%3Dlightbox%26settings%3DeyJpZCI6MjQ3NSwidXJsIjoiaHR0cHM6XC9cL3Zpc2l0YmFjZW5vLml0XC93cC1jb250ZW50XC91cGxvYWRzXC8yMDIzXC8wNlwvRmxvcmEtYWxwaW5hLVZhbGxlLUFudGlnb3Jpby1waC4tTWFyY28tQmVuZWRldHRvLUNlcmluaS0yLXNjYWxlZC5qcGcifQ%3D%3D\">\n\t\t\t\t\t\t\t<img loading=\"lazy\" decoding=\"async\" width=\"1024\" height=\"683\" src=\"https:\/\/visitbaceno.it\/wp-content\/uploads\/2023\/06\/Flora-alpina-Valle-Antigorio-ph.-Marco-Benedetto-Cerini-2-1024x683.jpg\" class=\"attachment-large size-large wp-image-2475\" alt=\"Flora alpina - Valle Antigorio - ph. Marco Benedetto Cerini\" srcset=\"https:\/\/visitbaceno.it\/wp-content\/uploads\/2023\/06\/Flora-alpina-Valle-Antigorio-ph.-Marco-Benedetto-Cerini-2-1024x683.jpg 1024w, https:\/\/visitbaceno.it\/wp-content\/uploads\/2023\/06\/Flora-alpina-Valle-Antigorio-ph.-Marco-Benedetto-Cerini-2-300x200.jpg 300w, https:\/\/visitbaceno.it\/wp-content\/uploads\/2023\/06\/Flora-alpina-Valle-Antigorio-ph.-Marco-Benedetto-Cerini-2-768x512.jpg 768w, https:\/\/visitbaceno.it\/wp-content\/uploads\/2023\/06\/Flora-alpina-Valle-Antigorio-ph.-Marco-Benedetto-Cerini-2-1536x1024.jpg 1536w, https:\/\/visitbaceno.it\/wp-content\/uploads\/2023\/06\/Flora-alpina-Valle-Antigorio-ph.-Marco-Benedetto-Cerini-2-2048x1365.jpg 2048w, https:\/\/visitbaceno.it\/wp-content\/uploads\/2023\/06\/Flora-alpina-Valle-Antigorio-ph.-Marco-Benedetto-Cerini-2-600x400.jpg 600w\" sizes=\"auto, (max-width: 1024px) 100vw, 1024px\" \/>\t\t\t\t\t\t\t\t<\/a>\n\t\t\t\t\t\t\t\t\t\t\t\t\t\t\t<\/div>\n\t\t\t\t<\/div>\n\t\t\t\t\t<\/div>\n\t\t<\/div>\n\t\t\t\t<div class=\"elementor-column elementor-col-33 elementor-top-column elementor-element elementor-element-89d6687\" data-id=\"89d6687\" data-element_type=\"column\">\n\t\t\t<div class=\"elementor-widget-wrap elementor-element-populated\">\n\t\t\t\t\t\t\t\t<div class=\"elementor-element elementor-element-e8a586d elementor-widget elementor-widget-image\" data-id=\"e8a586d\" data-element_type=\"widget\" data-widget_type=\"image.default\">\n\t\t\t\t<div class=\"elementor-widget-container\">\n\t\t\t\t\t\t\t\t\t\t\t\t\t\t\t\t<a href=\"https:\/\/visitbaceno.it\/wp-content\/uploads\/2023\/06\/Flora-alpina-Valle-Antigorio-ph.-Marco-Benedetto-Cerini-1-scaled.jpg\" data-elementor-open-lightbox=\"yes\" data-elementor-lightbox-title=\"Flora alpina - Valle Antigorio - ph. Marco Benedetto Cerini\" data-e-action-hash=\"#elementor-action%3Aaction%3Dlightbox%26settings%3DeyJpZCI6MjQ4MCwidXJsIjoiaHR0cHM6XC9cL3Zpc2l0YmFjZW5vLml0XC93cC1jb250ZW50XC91cGxvYWRzXC8yMDIzXC8wNlwvRmxvcmEtYWxwaW5hLVZhbGxlLUFudGlnb3Jpby1waC4tTWFyY28tQmVuZWRldHRvLUNlcmluaS0xLXNjYWxlZC5qcGcifQ%3D%3D\">\n\t\t\t\t\t\t\t<img loading=\"lazy\" decoding=\"async\" width=\"1024\" height=\"683\" src=\"https:\/\/visitbaceno.it\/wp-content\/uploads\/2023\/06\/Flora-alpina-Valle-Antigorio-ph.-Marco-Benedetto-Cerini-1-1024x683.jpg\" class=\"attachment-large size-large wp-image-2480\" alt=\"Flora alpina - Valle Antigorio - ph. Marco Benedetto Cerini\" srcset=\"https:\/\/visitbaceno.it\/wp-content\/uploads\/2023\/06\/Flora-alpina-Valle-Antigorio-ph.-Marco-Benedetto-Cerini-1-1024x683.jpg 1024w, https:\/\/visitbaceno.it\/wp-content\/uploads\/2023\/06\/Flora-alpina-Valle-Antigorio-ph.-Marco-Benedetto-Cerini-1-300x200.jpg 300w, https:\/\/visitbaceno.it\/wp-content\/uploads\/2023\/06\/Flora-alpina-Valle-Antigorio-ph.-Marco-Benedetto-Cerini-1-768x512.jpg 768w, https:\/\/visitbaceno.it\/wp-content\/uploads\/2023\/06\/Flora-alpina-Valle-Antigorio-ph.-Marco-Benedetto-Cerini-1-1536x1024.jpg 1536w, https:\/\/visitbaceno.it\/wp-content\/uploads\/2023\/06\/Flora-alpina-Valle-Antigorio-ph.-Marco-Benedetto-Cerini-1-2048x1365.jpg 2048w, https:\/\/visitbaceno.it\/wp-content\/uploads\/2023\/06\/Flora-alpina-Valle-Antigorio-ph.-Marco-Benedetto-Cerini-1-600x400.jpg 600w\" sizes=\"auto, (max-width: 1024px) 100vw, 1024px\" \/>\t\t\t\t\t\t\t\t<\/a>\n\t\t\t\t\t\t\t\t\t\t\t\t\t\t\t<\/div>\n\t\t\t\t<\/div>\n\t\t\t\t\t<\/div>\n\t\t<\/div>\n\t\t\t\t<div class=\"elementor-column elementor-col-33 elementor-top-column elementor-element elementor-element-e711919\" data-id=\"e711919\" data-element_type=\"column\">\n\t\t\t<div class=\"elementor-widget-wrap elementor-element-populated\">\n\t\t\t\t\t\t\t\t<div class=\"elementor-element elementor-element-db6bb77 elementor-widget elementor-widget-image\" data-id=\"db6bb77\" data-element_type=\"widget\" data-widget_type=\"image.default\">\n\t\t\t\t<div class=\"elementor-widget-container\">\n\t\t\t\t\t\t\t\t\t\t\t\t\t\t\t\t<a href=\"https:\/\/visitbaceno.it\/wp-content\/uploads\/2023\/06\/Flora-alpina-Valle-Antigorio-ph.-Marco-Benedetto-Cerini-3-scaled.jpg\" data-elementor-open-lightbox=\"yes\" data-elementor-lightbox-title=\"Flora alpina - Valle Antigorio - ph. Marco Benedetto Cerini\" data-e-action-hash=\"#elementor-action%3Aaction%3Dlightbox%26settings%3DeyJpZCI6MjQ4MSwidXJsIjoiaHR0cHM6XC9cL3Zpc2l0YmFjZW5vLml0XC93cC1jb250ZW50XC91cGxvYWRzXC8yMDIzXC8wNlwvRmxvcmEtYWxwaW5hLVZhbGxlLUFudGlnb3Jpby1waC4tTWFyY28tQmVuZWRldHRvLUNlcmluaS0zLXNjYWxlZC5qcGcifQ%3D%3D\">\n\t\t\t\t\t\t\t<img loading=\"lazy\" decoding=\"async\" width=\"1024\" height=\"683\" src=\"https:\/\/visitbaceno.it\/wp-content\/uploads\/2023\/06\/Flora-alpina-Valle-Antigorio-ph.-Marco-Benedetto-Cerini-3-1024x683.jpg\" class=\"attachment-large size-large wp-image-2481\" alt=\"Flora alpina - Valle Antigorio - ph. Marco Benedetto Cerini\" srcset=\"https:\/\/visitbaceno.it\/wp-content\/uploads\/2023\/06\/Flora-alpina-Valle-Antigorio-ph.-Marco-Benedetto-Cerini-3-1024x683.jpg 1024w, https:\/\/visitbaceno.it\/wp-content\/uploads\/2023\/06\/Flora-alpina-Valle-Antigorio-ph.-Marco-Benedetto-Cerini-3-300x200.jpg 300w, https:\/\/visitbaceno.it\/wp-content\/uploads\/2023\/06\/Flora-alpina-Valle-Antigorio-ph.-Marco-Benedetto-Cerini-3-768x512.jpg 768w, https:\/\/visitbaceno.it\/wp-content\/uploads\/2023\/06\/Flora-alpina-Valle-Antigorio-ph.-Marco-Benedetto-Cerini-3-1536x1024.jpg 1536w, https:\/\/visitbaceno.it\/wp-content\/uploads\/2023\/06\/Flora-alpina-Valle-Antigorio-ph.-Marco-Benedetto-Cerini-3-2048x1365.jpg 2048w, https:\/\/visitbaceno.it\/wp-content\/uploads\/2023\/06\/Flora-alpina-Valle-Antigorio-ph.-Marco-Benedetto-Cerini-3-600x400.jpg 600w\" sizes=\"auto, (max-width: 1024px) 100vw, 1024px\" \/>\t\t\t\t\t\t\t\t<\/a>\n\t\t\t\t\t\t\t\t\t\t\t\t\t\t\t<\/div>\n\t\t\t\t<\/div>\n\t\t\t\t\t<\/div>\n\t\t<\/div>\n\t\t\t\t\t\t\t<\/div>\n\t\t<\/section>\n\t\t\t\t<section class=\"elementor-section elementor-top-section elementor-element elementor-element-f9c7410 elementor-section-boxed elementor-section-height-default elementor-section-height-default\" data-id=\"f9c7410\" data-element_type=\"section\" data-settings=\"{&quot;jet_parallax_layout_list&quot;:[]}\">\n\t\t\t\t\t\t<div class=\"elementor-container elementor-column-gap-default\">\n\t\t\t\t\t<div class=\"elementor-column elementor-col-100 elementor-top-column elementor-element elementor-element-0cc0eca\" data-id=\"0cc0eca\" data-element_type=\"column\">\n\t\t\t<div class=\"elementor-widget-wrap elementor-element-populated\">\n\t\t\t\t\t\t\t\t<div class=\"elementor-element elementor-element-b4182ae elementor-widget elementor-widget-text-editor\" data-id=\"b4182ae\" data-element_type=\"widget\" data-widget_type=\"text-editor.default\">\n\t\t\t\t<div class=\"elementor-widget-container\">\n\t\t\t\t\t\t\t<p>Auch <strong>die Fauna ist sehr reichhaltig<\/strong>: Unter den S\u00e4ugetieren fallen <strong>G\u00e4msen, Murmeltiere und Alpenhasen<\/strong> auf, und unter den V\u00f6geln gibt es Arten, die auf das Mesolithikum zur\u00fcckgehen, wie <strong>den Steinadler und das Birkhuhn<\/strong>. In der Talsohle leben <strong>Hirsche, Rehe, F\u00fcchse<\/strong> und andere kleine S\u00e4ugetiere wie <strong>Dachse und Eichh\u00f6rnchen<\/strong>.<\/p>\t\t\t\t\t\t<\/div>\n\t\t\t\t<\/div>\n\t\t\t\t\t<\/div>\n\t\t<\/div>\n\t\t\t\t\t\t\t<\/div>\n\t\t<\/section>\n\t\t\t\t<section class=\"elementor-section elementor-top-section elementor-element elementor-element-0ad3881 elementor-section-boxed elementor-section-height-default elementor-section-height-default\" data-id=\"0ad3881\" data-element_type=\"section\" data-settings=\"{&quot;jet_parallax_layout_list&quot;:[]}\">\n\t\t\t\t\t\t<div class=\"elementor-container elementor-column-gap-default\">\n\t\t\t\t\t<div class=\"elementor-column elementor-col-33 elementor-top-column elementor-element elementor-element-c2ade2f\" data-id=\"c2ade2f\" data-element_type=\"column\">\n\t\t\t<div class=\"elementor-widget-wrap elementor-element-populated\">\n\t\t\t\t\t\t\t\t<div class=\"elementor-element elementor-element-5f9b3cf elementor-widget elementor-widget-image\" data-id=\"5f9b3cf\" data-element_type=\"widget\" data-widget_type=\"image.default\">\n\t\t\t\t<div class=\"elementor-widget-container\">\n\t\t\t\t\t\t\t\t\t\t\t\t\t\t\t\t<a href=\"https:\/\/visitbaceno.it\/wp-content\/uploads\/2023\/05\/Fauna-alpina-Comune-di-Baceno-Valle-Antigorio-ph.-Paolo-Sartori-15-scaled.jpg\" data-elementor-open-lightbox=\"yes\" data-elementor-lightbox-title=\"Fauna alpina in Valle Antigorio - Comune di Baceno - ph. Paolo Sartori\" data-e-action-hash=\"#elementor-action%3Aaction%3Dlightbox%26settings%3DeyJpZCI6MTg2NCwidXJsIjoiaHR0cHM6XC9cL3Zpc2l0YmFjZW5vLml0XC93cC1jb250ZW50XC91cGxvYWRzXC8yMDIzXC8wNVwvRmF1bmEtYWxwaW5hLUNvbXVuZS1kaS1CYWNlbm8tVmFsbGUtQW50aWdvcmlvLXBoLi1QYW9sby1TYXJ0b3JpLTE1LXNjYWxlZC5qcGcifQ%3D%3D\">\n\t\t\t\t\t\t\t<img loading=\"lazy\" decoding=\"async\" width=\"683\" height=\"1024\" src=\"https:\/\/visitbaceno.it\/wp-content\/uploads\/2023\/05\/Fauna-alpina-Comune-di-Baceno-Valle-Antigorio-ph.-Paolo-Sartori-15-683x1024.jpg\" class=\"attachment-large size-large wp-image-1864\" alt=\"Fauna alpina in Valle Antigorio - Comune di Baceno - ph. Paolo Sartori\" srcset=\"https:\/\/visitbaceno.it\/wp-content\/uploads\/2023\/05\/Fauna-alpina-Comune-di-Baceno-Valle-Antigorio-ph.-Paolo-Sartori-15-683x1024.jpg 683w, https:\/\/visitbaceno.it\/wp-content\/uploads\/2023\/05\/Fauna-alpina-Comune-di-Baceno-Valle-Antigorio-ph.-Paolo-Sartori-15-200x300.jpg 200w, https:\/\/visitbaceno.it\/wp-content\/uploads\/2023\/05\/Fauna-alpina-Comune-di-Baceno-Valle-Antigorio-ph.-Paolo-Sartori-15-768x1152.jpg 768w, https:\/\/visitbaceno.it\/wp-content\/uploads\/2023\/05\/Fauna-alpina-Comune-di-Baceno-Valle-Antigorio-ph.-Paolo-Sartori-15-1024x1536.jpg 1024w, https:\/\/visitbaceno.it\/wp-content\/uploads\/2023\/05\/Fauna-alpina-Comune-di-Baceno-Valle-Antigorio-ph.-Paolo-Sartori-15-1365x2048.jpg 1365w, https:\/\/visitbaceno.it\/wp-content\/uploads\/2023\/05\/Fauna-alpina-Comune-di-Baceno-Valle-Antigorio-ph.-Paolo-Sartori-15-600x900.jpg 600w, https:\/\/visitbaceno.it\/wp-content\/uploads\/2023\/05\/Fauna-alpina-Comune-di-Baceno-Valle-Antigorio-ph.-Paolo-Sartori-15-scaled.jpg 1707w\" sizes=\"auto, (max-width: 683px) 100vw, 683px\" \/>\t\t\t\t\t\t\t\t<\/a>\n\t\t\t\t\t\t\t\t\t\t\t\t\t\t\t<\/div>\n\t\t\t\t<\/div>\n\t\t\t\t\t<\/div>\n\t\t<\/div>\n\t\t\t\t<div class=\"elementor-column elementor-col-33 elementor-top-column elementor-element elementor-element-6ecef3a\" data-id=\"6ecef3a\" data-element_type=\"column\">\n\t\t\t<div class=\"elementor-widget-wrap elementor-element-populated\">\n\t\t\t\t\t\t\t\t<div class=\"elementor-element elementor-element-fabd51b elementor-widget elementor-widget-image\" data-id=\"fabd51b\" data-element_type=\"widget\" data-widget_type=\"image.default\">\n\t\t\t\t<div class=\"elementor-widget-container\">\n\t\t\t\t\t\t\t\t\t\t\t\t\t\t\t\t<a href=\"https:\/\/visitbaceno.it\/wp-content\/uploads\/2023\/05\/Fauna-alpina-Comune-di-Baceno-Valle-Antigorio-ph.-Paolo-Sartori-2-scaled.jpg\" data-elementor-open-lightbox=\"yes\" data-elementor-lightbox-title=\"Fauna alpina in Valle Antigorio - Comune di Baceno - ph. Paolo Sartori\" data-e-action-hash=\"#elementor-action%3Aaction%3Dlightbox%26settings%3DeyJpZCI6MTg2MiwidXJsIjoiaHR0cHM6XC9cL3Zpc2l0YmFjZW5vLml0XC93cC1jb250ZW50XC91cGxvYWRzXC8yMDIzXC8wNVwvRmF1bmEtYWxwaW5hLUNvbXVuZS1kaS1CYWNlbm8tVmFsbGUtQW50aWdvcmlvLXBoLi1QYW9sby1TYXJ0b3JpLTItc2NhbGVkLmpwZyJ9\">\n\t\t\t\t\t\t\t<img loading=\"lazy\" decoding=\"async\" width=\"683\" height=\"1024\" src=\"https:\/\/visitbaceno.it\/wp-content\/uploads\/2023\/05\/Fauna-alpina-Comune-di-Baceno-Valle-Antigorio-ph.-Paolo-Sartori-2-683x1024.jpg\" class=\"attachment-large size-large wp-image-1862\" alt=\"Fauna alpina in Valle Antigorio - Comune di Baceno - ph. Paolo Sartori\" srcset=\"https:\/\/visitbaceno.it\/wp-content\/uploads\/2023\/05\/Fauna-alpina-Comune-di-Baceno-Valle-Antigorio-ph.-Paolo-Sartori-2-683x1024.jpg 683w, https:\/\/visitbaceno.it\/wp-content\/uploads\/2023\/05\/Fauna-alpina-Comune-di-Baceno-Valle-Antigorio-ph.-Paolo-Sartori-2-200x300.jpg 200w, https:\/\/visitbaceno.it\/wp-content\/uploads\/2023\/05\/Fauna-alpina-Comune-di-Baceno-Valle-Antigorio-ph.-Paolo-Sartori-2-768x1152.jpg 768w, https:\/\/visitbaceno.it\/wp-content\/uploads\/2023\/05\/Fauna-alpina-Comune-di-Baceno-Valle-Antigorio-ph.-Paolo-Sartori-2-1024x1536.jpg 1024w, https:\/\/visitbaceno.it\/wp-content\/uploads\/2023\/05\/Fauna-alpina-Comune-di-Baceno-Valle-Antigorio-ph.-Paolo-Sartori-2-1365x2048.jpg 1365w, https:\/\/visitbaceno.it\/wp-content\/uploads\/2023\/05\/Fauna-alpina-Comune-di-Baceno-Valle-Antigorio-ph.-Paolo-Sartori-2-600x900.jpg 600w, https:\/\/visitbaceno.it\/wp-content\/uploads\/2023\/05\/Fauna-alpina-Comune-di-Baceno-Valle-Antigorio-ph.-Paolo-Sartori-2-scaled.jpg 1707w\" sizes=\"auto, (max-width: 683px) 100vw, 683px\" \/>\t\t\t\t\t\t\t\t<\/a>\n\t\t\t\t\t\t\t\t\t\t\t\t\t\t\t<\/div>\n\t\t\t\t<\/div>\n\t\t\t\t\t<\/div>\n\t\t<\/div>\n\t\t\t\t<div class=\"elementor-column elementor-col-33 elementor-top-column elementor-element elementor-element-8a253d4\" data-id=\"8a253d4\" data-element_type=\"column\">\n\t\t\t<div class=\"elementor-widget-wrap elementor-element-populated\">\n\t\t\t\t\t\t\t\t<div class=\"elementor-element elementor-element-6aac538 elementor-widget elementor-widget-image\" data-id=\"6aac538\" data-element_type=\"widget\" data-widget_type=\"image.default\">\n\t\t\t\t<div class=\"elementor-widget-container\">\n\t\t\t\t\t\t\t\t\t\t\t\t\t\t\t\t<a href=\"https:\/\/visitbaceno.it\/wp-content\/uploads\/2023\/05\/Fauna-alpina-Comune-di-Baceno-Valle-Antigorio-ph.-Paolo-Sartori-6-scaled.jpg\" data-elementor-open-lightbox=\"yes\" data-elementor-lightbox-title=\"Fauna alpina in Valle Antigorio - Comune di Baceno - ph. Paolo Sartori\" data-e-action-hash=\"#elementor-action%3Aaction%3Dlightbox%26settings%3DeyJpZCI6MTg2NSwidXJsIjoiaHR0cHM6XC9cL3Zpc2l0YmFjZW5vLml0XC93cC1jb250ZW50XC91cGxvYWRzXC8yMDIzXC8wNVwvRmF1bmEtYWxwaW5hLUNvbXVuZS1kaS1CYWNlbm8tVmFsbGUtQW50aWdvcmlvLXBoLi1QYW9sby1TYXJ0b3JpLTYtc2NhbGVkLmpwZyJ9\">\n\t\t\t\t\t\t\t<img loading=\"lazy\" decoding=\"async\" width=\"683\" height=\"1024\" src=\"https:\/\/visitbaceno.it\/wp-content\/uploads\/2023\/05\/Fauna-alpina-Comune-di-Baceno-Valle-Antigorio-ph.-Paolo-Sartori-6-683x1024.jpg\" class=\"attachment-large size-large wp-image-1865\" alt=\"Fauna alpina in Valle Antigorio - Comune di Baceno - ph. Paolo Sartori\" srcset=\"https:\/\/visitbaceno.it\/wp-content\/uploads\/2023\/05\/Fauna-alpina-Comune-di-Baceno-Valle-Antigorio-ph.-Paolo-Sartori-6-683x1024.jpg 683w, https:\/\/visitbaceno.it\/wp-content\/uploads\/2023\/05\/Fauna-alpina-Comune-di-Baceno-Valle-Antigorio-ph.-Paolo-Sartori-6-200x300.jpg 200w, https:\/\/visitbaceno.it\/wp-content\/uploads\/2023\/05\/Fauna-alpina-Comune-di-Baceno-Valle-Antigorio-ph.-Paolo-Sartori-6-768x1152.jpg 768w, https:\/\/visitbaceno.it\/wp-content\/uploads\/2023\/05\/Fauna-alpina-Comune-di-Baceno-Valle-Antigorio-ph.-Paolo-Sartori-6-1024x1536.jpg 1024w, https:\/\/visitbaceno.it\/wp-content\/uploads\/2023\/05\/Fauna-alpina-Comune-di-Baceno-Valle-Antigorio-ph.-Paolo-Sartori-6-1365x2048.jpg 1365w, https:\/\/visitbaceno.it\/wp-content\/uploads\/2023\/05\/Fauna-alpina-Comune-di-Baceno-Valle-Antigorio-ph.-Paolo-Sartori-6-600x900.jpg 600w, https:\/\/visitbaceno.it\/wp-content\/uploads\/2023\/05\/Fauna-alpina-Comune-di-Baceno-Valle-Antigorio-ph.-Paolo-Sartori-6-scaled.jpg 1707w\" sizes=\"auto, (max-width: 683px) 100vw, 683px\" \/>\t\t\t\t\t\t\t\t<\/a>\n\t\t\t\t\t\t\t\t\t\t\t\t\t\t\t<\/div>\n\t\t\t\t<\/div>\n\t\t\t\t\t<\/div>\n\t\t<\/div>\n\t\t\t\t\t\t\t<\/div>\n\t\t<\/section>\n\t\t\t\t\t\t\t<\/div>\n\t\t","protected":false},"excerpt":{"rendered":"<p>Die Flora des Antigorio-Tals zeichnet sich durch das weit verbreitete Vorhandensein von Weiden und W\u00e4ldern aus. In der Talsohle herrschen Laubw\u00e4lder aus Buchen, Kastanien und Birken vor, w\u00e4hrend in den h\u00f6heren Lagen bis etwa 2.200 m vor allem L\u00e4rchen, Erlen, Weiden, Ebereschen und Fichten wachsen. Das Unterholz hingegen ist das Reich der Rhododendren (ihre Sommerbl\u00fcte [&hellip;]<\/p>\n","protected":false},"author":1,"featured_media":0,"parent":0,"menu_order":0,"comment_status":"closed","ping_status":"closed","template":"","meta":{"footnotes":""},"class_list":["post-5460","page","type-page","status-publish","hentry"],"_links":{"self":[{"href":"https:\/\/visitbaceno.it\/de\/wp-json\/wp\/v2\/pages\/5460","targetHints":{"allow":["GET"]}}],"collection":[{"href":"https:\/\/visitbaceno.it\/de\/wp-json\/wp\/v2\/pages"}],"about":[{"href":"https:\/\/visitbaceno.it\/de\/wp-json\/wp\/v2\/types\/page"}],"author":[{"embeddable":true,"href":"https:\/\/visitbaceno.it\/de\/wp-json\/wp\/v2\/users\/1"}],"replies":[{"embeddable":true,"href":"https:\/\/visitbaceno.it\/de\/wp-json\/wp\/v2\/comments?post=5460"}],"version-history":[{"count":5,"href":"https:\/\/visitbaceno.it\/de\/wp-json\/wp\/v2\/pages\/5460\/revisions"}],"predecessor-version":[{"id":5465,"href":"https:\/\/visitbaceno.it\/de\/wp-json\/wp\/v2\/pages\/5460\/revisions\/5465"}],"wp:attachment":[{"href":"https:\/\/visitbaceno.it\/de\/wp-json\/wp\/v2\/media?parent=5460"}],"curies":[{"name":"wp","href":"https:\/\/api.w.org\/{rel}","templated":true}]}}