{"id":5709,"date":"2023-05-31T16:28:13","date_gmt":"2023-05-31T16:28:13","guid":{"rendered":"https:\/\/visitbaceno.it\/sci-di-discesa\/"},"modified":"2026-02-27T16:55:01","modified_gmt":"2026-02-27T16:55:01","slug":"alpinkski","status":"publish","type":"page","link":"https:\/\/visitbaceno.it\/de\/alpinkski\/","title":{"rendered":"Alpinkski"},"content":{"rendered":"\t\t<div data-elementor-type=\"wp-page\" data-elementor-id=\"5709\" class=\"elementor elementor-5709 elementor-2241\">\n\t\t\t\t\t\t\t\t\t<section class=\"elementor-section elementor-top-section elementor-element elementor-element-64bb876 elementor-section-boxed elementor-section-height-default elementor-section-height-default\" data-id=\"64bb876\" data-element_type=\"section\" data-settings=\"{&quot;jet_parallax_layout_list&quot;:[]}\">\n\t\t\t\t\t\t<div class=\"elementor-container elementor-column-gap-default\">\n\t\t\t\t\t<div class=\"elementor-column elementor-col-100 elementor-top-column elementor-element elementor-element-06b83dd\" data-id=\"06b83dd\" data-element_type=\"column\">\n\t\t\t<div class=\"elementor-widget-wrap elementor-element-populated\">\n\t\t\t\t\t\t\t\t<div class=\"elementor-element elementor-element-f0c952a elementor-widget elementor-widget-text-editor\" data-id=\"f0c952a\" data-element_type=\"widget\" data-widget_type=\"text-editor.default\">\n\t\t\t\t<div class=\"elementor-widget-container\">\n\t\t\t<style>\/*! elementor - v3.13.3 - 28-05-2023 *\/\n.elementor-widget-text-editor.elementor-drop-cap-view-stacked .elementor-drop-cap{background-color:#69727d;color:#fff}.elementor-widget-text-editor.elementor-drop-cap-view-framed .elementor-drop-cap{color:#69727d;border:3px solid;background-color:transparent}.elementor-widget-text-editor:not(.elementor-drop-cap-view-default) .elementor-drop-cap{margin-top:8px}.elementor-widget-text-editor:not(.elementor-drop-cap-view-default) .elementor-drop-cap-letter{width:1em;height:1em}.elementor-widget-text-editor .elementor-drop-cap{float:left;text-align:center;line-height:1;font-size:50px}.elementor-widget-text-editor .elementor-drop-cap-letter{display:inline-block}<\/style>\t\t\t\t<p><a href=\"https:\/\/www.facebook.com\/alpedeveroski\" target=\"_blank\" rel=\"noopener\"><strong>Das Skigebiet der Alpe Devero<\/strong><\/a> ist von einer wundersch\u00f6nen und unber\u00fchrten Landschaft umgeben. Die besondere Lage garantiert reichlich nat\u00fcrlichen Schnee f\u00fcr die <strong>drei Aufstiegsanlagen<\/strong> (ein Sessellift und zwei Skilifte), die den Gipfel des Monte Cazzola. Von hier aus gibt es <strong>mittelschwere Abfahrten<\/strong> und eine spannende, <strong>sicher befahrbare Off-Piste<\/strong>.<br \/>Das Skigebiet umfasst vier Pisten mit <strong>einer Gesamtl\u00e4nge von 8 km und einem H\u00f6henunterschied von 600 m<\/strong>, von 2240 bis 1640 m H\u00f6he.<\/p><p><strong>N\u00fctzliche Informationen<\/strong>: Tel. 338 6196254 &#8211; 335 6518121<br \/><strong>Winter\u00f6ffnung<\/strong> je nach Schneeverh\u00e4ltnissen, in der Regel von Mari\u00e4 Empf\u00e4ngnis bis Ende M\u00e4rz \/ Osterferien<br \/><strong>Sommer\u00f6ffnung<\/strong>: Juni &#8211; September<br \/>Serviceleistungen: <strong>Ski- und Schneeschuhverleih<\/strong>, Skischule, Bergf\u00fchrer, Bergrettung, Bar auf der Piste.<\/p>\t\t\t\t\t\t<\/div>\n\t\t\t\t<\/div>\n\t\t\t\t\t<\/div>\n\t\t<\/div>\n\t\t\t\t\t\t\t<\/div>\n\t\t<\/section>\n\t\t\t\t<section class=\"elementor-section elementor-top-section elementor-element elementor-element-9ea4ce5 elementor-section-boxed elementor-section-height-default elementor-section-height-default\" data-id=\"9ea4ce5\" data-element_type=\"section\" data-settings=\"{&quot;jet_parallax_layout_list&quot;:[]}\">\n\t\t\t\t\t\t<div class=\"elementor-container elementor-column-gap-default\">\n\t\t\t\t\t<div class=\"elementor-column elementor-col-100 elementor-top-column elementor-element elementor-element-8c89145\" data-id=\"8c89145\" data-element_type=\"column\">\n\t\t\t<div class=\"elementor-widget-wrap elementor-element-populated\">\n\t\t\t\t\t\t\t\t<div class=\"elementor-element elementor-element-515c982 elementor-widget elementor-widget-image\" data-id=\"515c982\" data-element_type=\"widget\" data-widget_type=\"image.default\">\n\t\t\t\t<div class=\"elementor-widget-container\">\n\t\t\t<style>\/*! elementor - v3.13.3 - 28-05-2023 *\/\n.elementor-widget-image{text-align:center}.elementor-widget-image a{display:inline-block}.elementor-widget-image a img[src$=\".svg\"]{width:48px}.elementor-widget-image img{vertical-align:middle;display:inline-block}<\/style>\t\t\t\t\t\t\t\t\t\t\t\t\t<a href=\"https:\/\/visitbaceno.it\/wp-content\/uploads\/2023\/06\/Alpe-Devero-Devero-Ski-ph.-Marco-Benedetto-Cerini-3-scaled.jpg\" data-elementor-open-lightbox=\"yes\" data-elementor-lightbox-title=\"Alpe Devero - Devero Ski - ph. Marco Benedetto Cerini\" data-e-action-hash=\"#elementor-action%3Aaction%3Dlightbox%26settings%3DeyJpZCI6MjcyMywidXJsIjoiaHR0cHM6XC9cL3Zpc2l0YmFjZW5vLml0XC93cC1jb250ZW50XC91cGxvYWRzXC8yMDIzXC8wNlwvQWxwZS1EZXZlcm8tRGV2ZXJvLVNraS1waC4tTWFyY28tQmVuZWRldHRvLUNlcmluaS0zLXNjYWxlZC5qcGcifQ%3D%3D\">\n\t\t\t\t\t\t\t<img loading=\"lazy\" decoding=\"async\" width=\"1024\" height=\"683\" src=\"https:\/\/visitbaceno.it\/wp-content\/uploads\/2023\/06\/Alpe-Devero-Devero-Ski-ph.-Marco-Benedetto-Cerini-3-1024x683.jpg\" class=\"attachment-large size-large wp-image-2723\" alt=\"Alpe Devero - Devero Ski - ph. Marco Benedetto Cerini\" srcset=\"https:\/\/visitbaceno.it\/wp-content\/uploads\/2023\/06\/Alpe-Devero-Devero-Ski-ph.-Marco-Benedetto-Cerini-3-1024x683.jpg 1024w, https:\/\/visitbaceno.it\/wp-content\/uploads\/2023\/06\/Alpe-Devero-Devero-Ski-ph.-Marco-Benedetto-Cerini-3-300x200.jpg 300w, https:\/\/visitbaceno.it\/wp-content\/uploads\/2023\/06\/Alpe-Devero-Devero-Ski-ph.-Marco-Benedetto-Cerini-3-768x512.jpg 768w, https:\/\/visitbaceno.it\/wp-content\/uploads\/2023\/06\/Alpe-Devero-Devero-Ski-ph.-Marco-Benedetto-Cerini-3-1536x1024.jpg 1536w, https:\/\/visitbaceno.it\/wp-content\/uploads\/2023\/06\/Alpe-Devero-Devero-Ski-ph.-Marco-Benedetto-Cerini-3-2048x1365.jpg 2048w, https:\/\/visitbaceno.it\/wp-content\/uploads\/2023\/06\/Alpe-Devero-Devero-Ski-ph.-Marco-Benedetto-Cerini-3-600x400.jpg 600w\" sizes=\"auto, (max-width: 1024px) 100vw, 1024px\" \/>\t\t\t\t\t\t\t\t<\/a>\n\t\t\t\t\t\t\t\t\t\t\t\t\t\t\t<\/div>\n\t\t\t\t<\/div>\n\t\t\t\t\t<\/div>\n\t\t<\/div>\n\t\t\t\t\t\t\t<\/div>\n\t\t<\/section>\n\t\t\t\t\t\t\t<\/div>\n\t\t","protected":false},"excerpt":{"rendered":"<p>Das Skigebiet der Alpe Devero ist von einer wundersch\u00f6nen und unber\u00fchrten Landschaft umgeben. Die besondere Lage garantiert reichlich nat\u00fcrlichen Schnee f\u00fcr die drei Aufstiegsanlagen (ein Sessellift und zwei Skilifte), die den Gipfel des Monte Cazzola. Von hier aus gibt es mittelschwere Abfahrten und eine spannende, sicher befahrbare Off-Piste.Das Skigebiet umfasst vier Pisten mit einer Gesamtl\u00e4nge [&hellip;]<\/p>\n","protected":false},"author":1,"featured_media":0,"parent":0,"menu_order":0,"comment_status":"closed","ping_status":"closed","template":"","meta":{"footnotes":""},"class_list":["post-5709","page","type-page","status-publish","hentry"],"_links":{"self":[{"href":"https:\/\/visitbaceno.it\/de\/wp-json\/wp\/v2\/pages\/5709","targetHints":{"allow":["GET"]}}],"collection":[{"href":"https:\/\/visitbaceno.it\/de\/wp-json\/wp\/v2\/pages"}],"about":[{"href":"https:\/\/visitbaceno.it\/de\/wp-json\/wp\/v2\/types\/page"}],"author":[{"embeddable":true,"href":"https:\/\/visitbaceno.it\/de\/wp-json\/wp\/v2\/users\/1"}],"replies":[{"embeddable":true,"href":"https:\/\/visitbaceno.it\/de\/wp-json\/wp\/v2\/comments?post=5709"}],"version-history":[{"count":7,"href":"https:\/\/visitbaceno.it\/de\/wp-json\/wp\/v2\/pages\/5709\/revisions"}],"predecessor-version":[{"id":7020,"href":"https:\/\/visitbaceno.it\/de\/wp-json\/wp\/v2\/pages\/5709\/revisions\/7020"}],"wp:attachment":[{"href":"https:\/\/visitbaceno.it\/de\/wp-json\/wp\/v2\/media?parent=5709"}],"curies":[{"name":"wp","href":"https:\/\/api.w.org\/{rel}","templated":true}]}}