{"id":5715,"date":"2023-05-31T16:36:54","date_gmt":"2023-05-31T16:36:54","guid":{"rendered":"https:\/\/visitbaceno.it\/sci-alpinismo\/"},"modified":"2024-05-22T17:37:15","modified_gmt":"2024-05-22T17:37:15","slug":"skitouren","status":"publish","type":"page","link":"https:\/\/visitbaceno.it\/de\/skitouren\/","title":{"rendered":"Skitouren"},"content":{"rendered":"\t\t<div data-elementor-type=\"wp-page\" data-elementor-id=\"5715\" class=\"elementor elementor-5715 elementor-2246\">\n\t\t\t\t\t\t\t\t\t<section class=\"elementor-section elementor-top-section elementor-element elementor-element-b7b4342 elementor-section-boxed elementor-section-height-default elementor-section-height-default\" data-id=\"b7b4342\" data-element_type=\"section\" data-settings=\"{&quot;jet_parallax_layout_list&quot;:[]}\">\n\t\t\t\t\t\t<div class=\"elementor-container elementor-column-gap-default\">\n\t\t\t\t\t<div class=\"elementor-column elementor-col-100 elementor-top-column elementor-element elementor-element-aa23684\" data-id=\"aa23684\" data-element_type=\"column\">\n\t\t\t<div class=\"elementor-widget-wrap elementor-element-populated\">\n\t\t\t\t\t\t\t\t<div class=\"elementor-element elementor-element-59185c7 elementor-widget elementor-widget-text-editor\" data-id=\"59185c7\" data-element_type=\"widget\" data-widget_type=\"text-editor.default\">\n\t\t\t\t<div class=\"elementor-widget-container\">\n\t\t\t<style>\/*! elementor - v3.13.3 - 28-05-2023 *\/\n.elementor-widget-text-editor.elementor-drop-cap-view-stacked .elementor-drop-cap{background-color:#69727d;color:#fff}.elementor-widget-text-editor.elementor-drop-cap-view-framed .elementor-drop-cap{color:#69727d;border:3px solid;background-color:transparent}.elementor-widget-text-editor:not(.elementor-drop-cap-view-default) .elementor-drop-cap{margin-top:8px}.elementor-widget-text-editor:not(.elementor-drop-cap-view-default) .elementor-drop-cap-letter{width:1em;height:1em}.elementor-widget-text-editor .elementor-drop-cap{float:left;text-align:center;line-height:1;font-size:50px}.elementor-widget-text-editor .elementor-drop-cap-letter{display:inline-block}<\/style>\t\t\t\t<p>Das <strong>Antigorio-Tal<\/strong> ist so reich an wundersch\u00f6nen Landschaften und schneebedeckten Gipfeln, dass <strong>Skitourengeher hier seit jeher ideale Orte<\/strong> f\u00fcr ein Outdoor-Erlebnis in purer Freiheit finden.<br \/>Dank der <strong>reichen Schneef\u00e4lle<\/strong>, auch in den letzten Jahren, ist das <strong>Devero-Gebirge<\/strong> ein ideales und beliebtes Ziel f\u00fcr diesen Wintersport.<br \/>Von der Devero-Ebene bis zum Sangiatto und dann zum Monte Cobernas, die Aufstiege zum Monte Cazzola oder zum Monte Schwarzhorn oder die \u00dcberquerung der Punta di Valdeserta geh\u00f6ren zu den <strong>beliebtesten und faszinierendsten Routen<\/strong>, um dann das spannende Erlebnis <strong>einer Abfahrt im frischen Schnee<\/strong> zu genie\u00dfen.<\/p>\t\t\t\t\t\t<\/div>\n\t\t\t\t<\/div>\n\t\t\t\t\t<\/div>\n\t\t<\/div>\n\t\t\t\t\t\t\t<\/div>\n\t\t<\/section>\n\t\t\t\t<section class=\"elementor-section elementor-top-section elementor-element elementor-element-3cc8418 elementor-section-boxed elementor-section-height-default elementor-section-height-default\" data-id=\"3cc8418\" data-element_type=\"section\" data-settings=\"{&quot;jet_parallax_layout_list&quot;:[]}\">\n\t\t\t\t\t\t<div class=\"elementor-container elementor-column-gap-default\">\n\t\t\t\t\t<div class=\"elementor-column elementor-col-33 elementor-top-column elementor-element elementor-element-8563c78\" data-id=\"8563c78\" data-element_type=\"column\">\n\t\t\t<div class=\"elementor-widget-wrap elementor-element-populated\">\n\t\t\t\t\t\t\t\t<div class=\"elementor-element elementor-element-9c40277 elementor-widget elementor-widget-image\" data-id=\"9c40277\" data-element_type=\"widget\" data-widget_type=\"image.default\">\n\t\t\t\t<div class=\"elementor-widget-container\">\n\t\t\t<style>\/*! elementor - v3.13.3 - 28-05-2023 *\/\n.elementor-widget-image{text-align:center}.elementor-widget-image a{display:inline-block}.elementor-widget-image a img[src$=\".svg\"]{width:48px}.elementor-widget-image img{vertical-align:middle;display:inline-block}<\/style>\t\t\t\t\t\t\t\t\t\t\t\t\t<a href=\"https:\/\/visitbaceno.it\/wp-content\/uploads\/2023\/05\/Sci-alpinismo-Valle-Antigorio-Comune-di-Baceno-ph.-Paolo-Sartori-8-scaled.jpg\" data-elementor-open-lightbox=\"yes\" data-elementor-lightbox-title=\"Sci alpinismo - Valle Antigorio - Comune di Baceno - ph. Paolo Sartori\" data-e-action-hash=\"#elementor-action%3Aaction%3Dlightbox%26settings%3DeyJpZCI6MjI0OSwidXJsIjoiaHR0cHM6XC9cL3Zpc2l0YmFjZW5vLml0XC93cC1jb250ZW50XC91cGxvYWRzXC8yMDIzXC8wNVwvU2NpLWFscGluaXNtby1WYWxsZS1BbnRpZ29yaW8tQ29tdW5lLWRpLUJhY2Vuby1waC4tUGFvbG8tU2FydG9yaS04LXNjYWxlZC5qcGcifQ%3D%3D\">\n\t\t\t\t\t\t\t<img loading=\"lazy\" decoding=\"async\" width=\"1024\" height=\"683\" src=\"https:\/\/visitbaceno.it\/wp-content\/uploads\/2023\/05\/Sci-alpinismo-Valle-Antigorio-Comune-di-Baceno-ph.-Paolo-Sartori-8-1024x683.jpg\" class=\"attachment-large size-large wp-image-2249\" alt=\"Sci alpinismo - Valle Antigorio - Comune di Baceno - ph. Paolo Sartori\" srcset=\"https:\/\/visitbaceno.it\/wp-content\/uploads\/2023\/05\/Sci-alpinismo-Valle-Antigorio-Comune-di-Baceno-ph.-Paolo-Sartori-8-1024x683.jpg 1024w, https:\/\/visitbaceno.it\/wp-content\/uploads\/2023\/05\/Sci-alpinismo-Valle-Antigorio-Comune-di-Baceno-ph.-Paolo-Sartori-8-300x200.jpg 300w, https:\/\/visitbaceno.it\/wp-content\/uploads\/2023\/05\/Sci-alpinismo-Valle-Antigorio-Comune-di-Baceno-ph.-Paolo-Sartori-8-768x512.jpg 768w, https:\/\/visitbaceno.it\/wp-content\/uploads\/2023\/05\/Sci-alpinismo-Valle-Antigorio-Comune-di-Baceno-ph.-Paolo-Sartori-8-1536x1024.jpg 1536w, https:\/\/visitbaceno.it\/wp-content\/uploads\/2023\/05\/Sci-alpinismo-Valle-Antigorio-Comune-di-Baceno-ph.-Paolo-Sartori-8-2048x1365.jpg 2048w, https:\/\/visitbaceno.it\/wp-content\/uploads\/2023\/05\/Sci-alpinismo-Valle-Antigorio-Comune-di-Baceno-ph.-Paolo-Sartori-8-600x400.jpg 600w\" sizes=\"auto, (max-width: 1024px) 100vw, 1024px\" \/>\t\t\t\t\t\t\t\t<\/a>\n\t\t\t\t\t\t\t\t\t\t\t\t\t\t\t<\/div>\n\t\t\t\t<\/div>\n\t\t\t\t\t<\/div>\n\t\t<\/div>\n\t\t\t\t<div class=\"elementor-column elementor-col-33 elementor-top-column elementor-element elementor-element-6fb82ec\" data-id=\"6fb82ec\" data-element_type=\"column\">\n\t\t\t<div class=\"elementor-widget-wrap elementor-element-populated\">\n\t\t\t\t\t\t\t\t<div class=\"elementor-element elementor-element-d50410d elementor-widget elementor-widget-image\" data-id=\"d50410d\" data-element_type=\"widget\" data-widget_type=\"image.default\">\n\t\t\t\t<div class=\"elementor-widget-container\">\n\t\t\t\t\t\t\t\t\t\t\t\t\t\t\t\t<a href=\"https:\/\/visitbaceno.it\/wp-content\/uploads\/2023\/05\/Sci-alpinismo-Valle-Antigorio-Comune-di-Baceno-ph.-Paolo-Sartori-25-scaled.jpg\" data-elementor-open-lightbox=\"yes\" data-elementor-lightbox-title=\"Sci alpinismo - Valle Antigorio - Comune di Baceno - ph. Paolo Sartori\" data-e-action-hash=\"#elementor-action%3Aaction%3Dlightbox%26settings%3DeyJpZCI6MjI1MSwidXJsIjoiaHR0cHM6XC9cL3Zpc2l0YmFjZW5vLml0XC93cC1jb250ZW50XC91cGxvYWRzXC8yMDIzXC8wNVwvU2NpLWFscGluaXNtby1WYWxsZS1BbnRpZ29yaW8tQ29tdW5lLWRpLUJhY2Vuby1waC4tUGFvbG8tU2FydG9yaS0yNS1zY2FsZWQuanBnIn0%3D\">\n\t\t\t\t\t\t\t<img loading=\"lazy\" decoding=\"async\" width=\"1024\" height=\"683\" src=\"https:\/\/visitbaceno.it\/wp-content\/uploads\/2023\/05\/Sci-alpinismo-Valle-Antigorio-Comune-di-Baceno-ph.-Paolo-Sartori-25-1024x683.jpg\" class=\"attachment-large size-large wp-image-2251\" alt=\"Sci alpinismo - Valle Antigorio - Comune di Baceno - ph. Paolo Sartori\" srcset=\"https:\/\/visitbaceno.it\/wp-content\/uploads\/2023\/05\/Sci-alpinismo-Valle-Antigorio-Comune-di-Baceno-ph.-Paolo-Sartori-25-1024x683.jpg 1024w, https:\/\/visitbaceno.it\/wp-content\/uploads\/2023\/05\/Sci-alpinismo-Valle-Antigorio-Comune-di-Baceno-ph.-Paolo-Sartori-25-300x200.jpg 300w, https:\/\/visitbaceno.it\/wp-content\/uploads\/2023\/05\/Sci-alpinismo-Valle-Antigorio-Comune-di-Baceno-ph.-Paolo-Sartori-25-768x512.jpg 768w, https:\/\/visitbaceno.it\/wp-content\/uploads\/2023\/05\/Sci-alpinismo-Valle-Antigorio-Comune-di-Baceno-ph.-Paolo-Sartori-25-1536x1024.jpg 1536w, https:\/\/visitbaceno.it\/wp-content\/uploads\/2023\/05\/Sci-alpinismo-Valle-Antigorio-Comune-di-Baceno-ph.-Paolo-Sartori-25-2048x1365.jpg 2048w, https:\/\/visitbaceno.it\/wp-content\/uploads\/2023\/05\/Sci-alpinismo-Valle-Antigorio-Comune-di-Baceno-ph.-Paolo-Sartori-25-600x400.jpg 600w\" sizes=\"auto, (max-width: 1024px) 100vw, 1024px\" \/>\t\t\t\t\t\t\t\t<\/a>\n\t\t\t\t\t\t\t\t\t\t\t\t\t\t\t<\/div>\n\t\t\t\t<\/div>\n\t\t\t\t\t<\/div>\n\t\t<\/div>\n\t\t\t\t<div class=\"elementor-column elementor-col-33 elementor-top-column elementor-element elementor-element-14695d6\" data-id=\"14695d6\" data-element_type=\"column\">\n\t\t\t<div class=\"elementor-widget-wrap elementor-element-populated\">\n\t\t\t\t\t\t\t\t<div class=\"elementor-element elementor-element-0f5eade elementor-widget elementor-widget-image\" data-id=\"0f5eade\" data-element_type=\"widget\" data-widget_type=\"image.default\">\n\t\t\t\t<div class=\"elementor-widget-container\">\n\t\t\t\t\t\t\t\t\t\t\t\t\t\t\t\t<a href=\"https:\/\/visitbaceno.it\/wp-content\/uploads\/2023\/05\/Sci-alpinismo-Valle-Antigorio-Comune-di-Baceno-ph.-Paolo-Sartori-42-scaled.jpg\" data-elementor-open-lightbox=\"yes\" data-elementor-lightbox-title=\"Sci alpinismo - Valle Antigorio - Comune di Baceno - ph. Paolo Sartori\" data-e-action-hash=\"#elementor-action%3Aaction%3Dlightbox%26settings%3DeyJpZCI6MjI0OCwidXJsIjoiaHR0cHM6XC9cL3Zpc2l0YmFjZW5vLml0XC93cC1jb250ZW50XC91cGxvYWRzXC8yMDIzXC8wNVwvU2NpLWFscGluaXNtby1WYWxsZS1BbnRpZ29yaW8tQ29tdW5lLWRpLUJhY2Vuby1waC4tUGFvbG8tU2FydG9yaS00Mi1zY2FsZWQuanBnIn0%3D\">\n\t\t\t\t\t\t\t<img loading=\"lazy\" decoding=\"async\" width=\"1024\" height=\"683\" src=\"https:\/\/visitbaceno.it\/wp-content\/uploads\/2023\/05\/Sci-alpinismo-Valle-Antigorio-Comune-di-Baceno-ph.-Paolo-Sartori-42-1024x683.jpg\" class=\"attachment-large size-large wp-image-2248\" alt=\"Sci alpinismo - Valle Antigorio - Comune di Baceno - ph. Paolo Sartori\" srcset=\"https:\/\/visitbaceno.it\/wp-content\/uploads\/2023\/05\/Sci-alpinismo-Valle-Antigorio-Comune-di-Baceno-ph.-Paolo-Sartori-42-1024x683.jpg 1024w, https:\/\/visitbaceno.it\/wp-content\/uploads\/2023\/05\/Sci-alpinismo-Valle-Antigorio-Comune-di-Baceno-ph.-Paolo-Sartori-42-300x200.jpg 300w, https:\/\/visitbaceno.it\/wp-content\/uploads\/2023\/05\/Sci-alpinismo-Valle-Antigorio-Comune-di-Baceno-ph.-Paolo-Sartori-42-768x512.jpg 768w, https:\/\/visitbaceno.it\/wp-content\/uploads\/2023\/05\/Sci-alpinismo-Valle-Antigorio-Comune-di-Baceno-ph.-Paolo-Sartori-42-1536x1024.jpg 1536w, https:\/\/visitbaceno.it\/wp-content\/uploads\/2023\/05\/Sci-alpinismo-Valle-Antigorio-Comune-di-Baceno-ph.-Paolo-Sartori-42-2048x1365.jpg 2048w, https:\/\/visitbaceno.it\/wp-content\/uploads\/2023\/05\/Sci-alpinismo-Valle-Antigorio-Comune-di-Baceno-ph.-Paolo-Sartori-42-600x400.jpg 600w\" sizes=\"auto, (max-width: 1024px) 100vw, 1024px\" \/>\t\t\t\t\t\t\t\t<\/a>\n\t\t\t\t\t\t\t\t\t\t\t\t\t\t\t<\/div>\n\t\t\t\t<\/div>\n\t\t\t\t\t<\/div>\n\t\t<\/div>\n\t\t\t\t\t\t\t<\/div>\n\t\t<\/section>\n\t\t\t\t\t\t\t<\/div>\n\t\t","protected":false},"excerpt":{"rendered":"<p>Das Antigorio-Tal ist so reich an wundersch\u00f6nen Landschaften und schneebedeckten Gipfeln, dass Skitourengeher hier seit jeher ideale Orte f\u00fcr ein Outdoor-Erlebnis in purer Freiheit finden.Dank der reichen Schneef\u00e4lle, auch in den letzten Jahren, ist das Devero-Gebirge ein ideales und beliebtes Ziel f\u00fcr diesen Wintersport.Von der Devero-Ebene bis zum Sangiatto und dann zum Monte Cobernas, die [&hellip;]<\/p>\n","protected":false},"author":1,"featured_media":0,"parent":0,"menu_order":0,"comment_status":"closed","ping_status":"closed","template":"","meta":{"footnotes":""},"class_list":["post-5715","page","type-page","status-publish","hentry"],"_links":{"self":[{"href":"https:\/\/visitbaceno.it\/de\/wp-json\/wp\/v2\/pages\/5715","targetHints":{"allow":["GET"]}}],"collection":[{"href":"https:\/\/visitbaceno.it\/de\/wp-json\/wp\/v2\/pages"}],"about":[{"href":"https:\/\/visitbaceno.it\/de\/wp-json\/wp\/v2\/types\/page"}],"author":[{"embeddable":true,"href":"https:\/\/visitbaceno.it\/de\/wp-json\/wp\/v2\/users\/1"}],"replies":[{"embeddable":true,"href":"https:\/\/visitbaceno.it\/de\/wp-json\/wp\/v2\/comments?post=5715"}],"version-history":[{"count":4,"href":"https:\/\/visitbaceno.it\/de\/wp-json\/wp\/v2\/pages\/5715\/revisions"}],"predecessor-version":[{"id":5719,"href":"https:\/\/visitbaceno.it\/de\/wp-json\/wp\/v2\/pages\/5715\/revisions\/5719"}],"wp:attachment":[{"href":"https:\/\/visitbaceno.it\/de\/wp-json\/wp\/v2\/media?parent=5715"}],"curies":[{"name":"wp","href":"https:\/\/api.w.org\/{rel}","templated":true}]}}