{"id":5764,"date":"2023-06-14T12:55:49","date_gmt":"2023-06-14T12:55:49","guid":{"rendered":"https:\/\/visitbaceno.it\/typische-produkte\/"},"modified":"2024-05-23T14:06:12","modified_gmt":"2024-05-23T14:06:12","slug":"typische-produkte","status":"publish","type":"page","link":"https:\/\/visitbaceno.it\/de\/typische-produkte\/","title":{"rendered":"Typische Produkte"},"content":{"rendered":"\t\t<div data-elementor-type=\"wp-page\" data-elementor-id=\"5764\" class=\"elementor elementor-5764 elementor-2526\">\n\t\t\t\t\t\t\t\t\t<section class=\"elementor-section elementor-top-section elementor-element elementor-element-94b5397 elementor-section-boxed elementor-section-height-default elementor-section-height-default\" data-id=\"94b5397\" data-element_type=\"section\" data-settings=\"{&quot;jet_parallax_layout_list&quot;:[]}\">\n\t\t\t\t\t\t<div class=\"elementor-container elementor-column-gap-default\">\n\t\t\t\t\t<div class=\"elementor-column elementor-col-100 elementor-top-column elementor-element elementor-element-054b506\" data-id=\"054b506\" data-element_type=\"column\">\n\t\t\t<div class=\"elementor-widget-wrap elementor-element-populated\">\n\t\t\t\t\t\t\t\t<div class=\"elementor-element elementor-element-7cf656e elementor-widget elementor-widget-text-editor\" data-id=\"7cf656e\" data-element_type=\"widget\" data-widget_type=\"text-editor.default\">\n\t\t\t\t<div class=\"elementor-widget-container\">\n\t\t\t<style>\/*! elementor - v3.13.3 - 28-05-2023 *\/\n.elementor-widget-text-editor.elementor-drop-cap-view-stacked .elementor-drop-cap{background-color:#69727d;color:#fff}.elementor-widget-text-editor.elementor-drop-cap-view-framed .elementor-drop-cap{color:#69727d;border:3px solid;background-color:transparent}.elementor-widget-text-editor:not(.elementor-drop-cap-view-default) .elementor-drop-cap{margin-top:8px}.elementor-widget-text-editor:not(.elementor-drop-cap-view-default) .elementor-drop-cap-letter{width:1em;height:1em}.elementor-widget-text-editor .elementor-drop-cap{float:left;text-align:center;line-height:1;font-size:50px}.elementor-widget-text-editor .elementor-drop-cap-letter{display:inline-block}<\/style>\t\t\t\t<p>Was gibt es Besseres als ein k\u00f6stliches Mittagessen nach einem anstrengenden Tag voller Entdeckungen?<\/p>\n\t\t\t\t\t\t<\/div>\n\t\t\t\t<\/div>\n\t\t\t\t\t<\/div>\n\t\t<\/div>\n\t\t\t\t\t\t\t<\/div>\n\t\t<\/section>\n\t\t\t\t<section class=\"elementor-section elementor-top-section elementor-element elementor-element-a4af5ee elementor-section-boxed elementor-section-height-default elementor-section-height-default\" data-id=\"a4af5ee\" data-element_type=\"section\" data-settings=\"{&quot;jet_parallax_layout_list&quot;:[]}\">\n\t\t\t\t\t\t<div class=\"elementor-container elementor-column-gap-default\">\n\t\t\t\t\t<div class=\"elementor-column elementor-col-50 elementor-top-column elementor-element elementor-element-cc80f77\" data-id=\"cc80f77\" data-element_type=\"column\">\n\t\t\t<div class=\"elementor-widget-wrap elementor-element-populated\">\n\t\t\t\t\t\t\t\t<div class=\"elementor-element elementor-element-af80408 elementor-widget elementor-widget-text-editor\" data-id=\"af80408\" data-element_type=\"widget\" data-widget_type=\"text-editor.default\">\n\t\t\t\t<div class=\"elementor-widget-container\">\n\t\t\t\t\t\t\t<p>Die <strong>typischen Gerichte<\/strong> von Baceno und seiner Umgebung <strong>duften nach der Einfachheit und Authentizit\u00e4t<\/strong> des Berglebens. Die Landwirtschaft ist seit Jahrhunderten eine traditionelle T\u00e4tigkeit der Dorfbewohner, und so findet sich die raffinierte Weisheit der <strong>Milchverarbeitung <\/strong> in der gro\u00dfen Vielfalt von Geschmack und Textur der K\u00e4sesorten wieder. Der pr\u00e4chtige <strong>Bettelmatt<\/strong>, der ebenso schmackhafte <strong>Ossolano <\/strong> &#8211; von der Alp und aus der K\u00e4serei -, <strong>reife K\u00e4sesorten<\/strong>, <em><strong>spress<\/strong><\/em>, die <strong>Mascarpa <\/strong> (ger\u00e4ucherter Ricotta von der Alm), begleitet von <strong>Honig<\/strong>, leckeren <strong>Kompotten <\/strong> oder einer herzhaften Scheibe <strong>Schwarzbrot<\/strong>, werden zu einem unvergesslichen Erlebnis. <br \/>Es geht weiter mit dem Triumph der Aromen und Geschm\u00e4cker auf unseren Schneidebrettern: <strong>Schmalz, Speck, Trockenfleisch, Kopfsalami und Lebermortadell<\/strong>a&#8230; nicht zu vergessen die <strong>Butter <\/strong> und der <strong>Joghurt <\/strong> von der Alpe Devero, wahre Gaumenfreuden.<\/p>\n\t\t\t\t\t\t<\/div>\n\t\t\t\t<\/div>\n\t\t\t\t\t<\/div>\n\t\t<\/div>\n\t\t\t\t<div class=\"elementor-column elementor-col-50 elementor-top-column elementor-element elementor-element-ee507fe\" data-id=\"ee507fe\" data-element_type=\"column\">\n\t\t\t<div class=\"elementor-widget-wrap elementor-element-populated\">\n\t\t\t\t\t\t\t\t<div class=\"elementor-element elementor-element-58d9713 elementor-widget elementor-widget-text-editor\" data-id=\"58d9713\" data-element_type=\"widget\" data-widget_type=\"text-editor.default\">\n\t\t\t\t<div class=\"elementor-widget-container\">\n\t\t\t\t\t\t\t<p>Die Einfachheit des Lebens in den Bergen spiegelt sich in <strong>einfachen, aber schmackhaften Gerichten<\/strong> wider, die mit einfachen Zutaten zubereitet werden. <strong>Kartoffeln <\/strong> sind die Hauptzutat f\u00fcr die <em>pasta rust\u00eca<\/em>, <strong>Zwiebeln <\/strong> f\u00fcr die <em>supa da pitun<\/em> und <strong>Brot und Milch<\/strong> f\u00fcr die Kuchen. Und dann Reis und Milch, Wildfleisch, Pasta, Ravioli, Suppen und Gnocchi, mit Gem\u00fcse und <strong>Wildkr\u00e4utern <\/strong> gew\u00fcrzt.<br \/>Schlie\u00dflich darf auf dem Baceno-Tisch die <strong>Polenta <\/strong> nicht fehlen, die von W\u00fcrsten, Schmorbraten und Wild begleitet wird. Sie wird entweder mit typischen Rezepten wie <em>fragait <\/em> (in Butter gebratene Polenta) zubereitet oder mit K\u00e4se und Butter \u00fcberbacken.<\/p>\n\t\t\t\t\t\t<\/div>\n\t\t\t\t<\/div>\n\t\t\t\t\t<\/div>\n\t\t<\/div>\n\t\t\t\t\t\t\t<\/div>\n\t\t<\/section>\n\t\t\t\t<section class=\"elementor-section elementor-top-section elementor-element elementor-element-d8c0122 elementor-section-boxed elementor-section-height-default elementor-section-height-default\" data-id=\"d8c0122\" data-element_type=\"section\" data-settings=\"{&quot;jet_parallax_layout_list&quot;:[]}\">\n\t\t\t\t\t\t<div class=\"elementor-container elementor-column-gap-default\">\n\t\t\t\t\t<div class=\"elementor-column elementor-col-33 elementor-top-column elementor-element elementor-element-264b9c2\" data-id=\"264b9c2\" data-element_type=\"column\">\n\t\t\t<div class=\"elementor-widget-wrap elementor-element-populated\">\n\t\t\t\t\t\t\t\t<div class=\"elementor-element elementor-element-b09323e elementor-widget elementor-widget-image\" data-id=\"b09323e\" data-element_type=\"widget\" data-widget_type=\"image.default\">\n\t\t\t\t<div class=\"elementor-widget-container\">\n\t\t\t<style>\/*! elementor - v3.13.3 - 28-05-2023 *\/\n.elementor-widget-image{text-align:center}.elementor-widget-image a{display:inline-block}.elementor-widget-image a img[src$=\".svg\"]{width:48px}.elementor-widget-image img{vertical-align:middle;display:inline-block}<\/style>\t\t\t\t\t\t\t\t\t\t\t\t\t<a href=\"https:\/\/visitbaceno.it\/wp-content\/uploads\/2023\/06\/Gastronomia-tipica-Baceno-Valle-Antigorio-scaled.jpeg\" data-elementor-open-lightbox=\"yes\" data-elementor-lightbox-title=\"Gastronomia tipica - Baceno - Valle Antigorio\" data-e-action-hash=\"#elementor-action%3Aaction%3Dlightbox%26settings%3DeyJpZCI6MjUyOSwidXJsIjoiaHR0cHM6XC9cL3Zpc2l0YmFjZW5vLml0XC93cC1jb250ZW50XC91cGxvYWRzXC8yMDIzXC8wNlwvR2FzdHJvbm9taWEtdGlwaWNhLUJhY2Vuby1WYWxsZS1BbnRpZ29yaW8tc2NhbGVkLmpwZWcifQ%3D%3D\">\n\t\t\t\t\t\t\t<img loading=\"lazy\" decoding=\"async\" width=\"1024\" height=\"681\" src=\"https:\/\/visitbaceno.it\/wp-content\/uploads\/2023\/06\/Gastronomia-tipica-Baceno-Valle-Antigorio-1024x681.jpeg\" class=\"attachment-large size-large wp-image-2529\" alt=\"Gastronomia tipica - Baceno - Valle Antigorio\" srcset=\"https:\/\/visitbaceno.it\/wp-content\/uploads\/2023\/06\/Gastronomia-tipica-Baceno-Valle-Antigorio-1024x681.jpeg 1024w, https:\/\/visitbaceno.it\/wp-content\/uploads\/2023\/06\/Gastronomia-tipica-Baceno-Valle-Antigorio-300x200.jpeg 300w, https:\/\/visitbaceno.it\/wp-content\/uploads\/2023\/06\/Gastronomia-tipica-Baceno-Valle-Antigorio-768x511.jpeg 768w, https:\/\/visitbaceno.it\/wp-content\/uploads\/2023\/06\/Gastronomia-tipica-Baceno-Valle-Antigorio-1536x1022.jpeg 1536w, https:\/\/visitbaceno.it\/wp-content\/uploads\/2023\/06\/Gastronomia-tipica-Baceno-Valle-Antigorio-2048x1362.jpeg 2048w, https:\/\/visitbaceno.it\/wp-content\/uploads\/2023\/06\/Gastronomia-tipica-Baceno-Valle-Antigorio-600x399.jpeg 600w\" sizes=\"auto, (max-width: 1024px) 100vw, 1024px\" \/>\t\t\t\t\t\t\t\t<\/a>\n\t\t\t\t\t\t\t\t\t\t\t\t\t\t\t<\/div>\n\t\t\t\t<\/div>\n\t\t\t\t\t<\/div>\n\t\t<\/div>\n\t\t\t\t<div class=\"elementor-column elementor-col-33 elementor-top-column elementor-element elementor-element-6d26b2d\" data-id=\"6d26b2d\" data-element_type=\"column\">\n\t\t\t<div class=\"elementor-widget-wrap elementor-element-populated\">\n\t\t\t\t\t\t\t\t<div class=\"elementor-element elementor-element-a5302c2 elementor-widget elementor-widget-image\" data-id=\"a5302c2\" data-element_type=\"widget\" data-widget_type=\"image.default\">\n\t\t\t\t<div class=\"elementor-widget-container\">\n\t\t\t\t\t\t\t\t\t\t\t\t\t\t\t\t<a href=\"https:\/\/visitbaceno.it\/wp-content\/uploads\/2023\/06\/Formaggio-Bettelmatt-ph.-Paolo-Sartori-7-scaled.jpg\" data-elementor-open-lightbox=\"yes\" data-elementor-lightbox-title=\"Formaggio Bettelmatt - Baceno, Valle Antigorio - ph. Paolo Sartori\" data-e-action-hash=\"#elementor-action%3Aaction%3Dlightbox%26settings%3DeyJpZCI6MjU1NiwidXJsIjoiaHR0cHM6XC9cL3Zpc2l0YmFjZW5vLml0XC93cC1jb250ZW50XC91cGxvYWRzXC8yMDIzXC8wNlwvRm9ybWFnZ2lvLUJldHRlbG1hdHQtcGguLVBhb2xvLVNhcnRvcmktNy1zY2FsZWQuanBnIn0%3D\">\n\t\t\t\t\t\t\t<img loading=\"lazy\" decoding=\"async\" width=\"1024\" height=\"683\" src=\"https:\/\/visitbaceno.it\/wp-content\/uploads\/2023\/06\/Formaggio-Bettelmatt-ph.-Paolo-Sartori-7-1024x683.jpg\" class=\"attachment-large size-large wp-image-2556\" alt=\"Formaggio Bettelmatt - Baceno, Valle Antigorio - ph. Paolo Sartori\" srcset=\"https:\/\/visitbaceno.it\/wp-content\/uploads\/2023\/06\/Formaggio-Bettelmatt-ph.-Paolo-Sartori-7-1024x683.jpg 1024w, https:\/\/visitbaceno.it\/wp-content\/uploads\/2023\/06\/Formaggio-Bettelmatt-ph.-Paolo-Sartori-7-300x200.jpg 300w, https:\/\/visitbaceno.it\/wp-content\/uploads\/2023\/06\/Formaggio-Bettelmatt-ph.-Paolo-Sartori-7-768x513.jpg 768w, https:\/\/visitbaceno.it\/wp-content\/uploads\/2023\/06\/Formaggio-Bettelmatt-ph.-Paolo-Sartori-7-1536x1025.jpg 1536w, https:\/\/visitbaceno.it\/wp-content\/uploads\/2023\/06\/Formaggio-Bettelmatt-ph.-Paolo-Sartori-7-2048x1367.jpg 2048w, https:\/\/visitbaceno.it\/wp-content\/uploads\/2023\/06\/Formaggio-Bettelmatt-ph.-Paolo-Sartori-7-600x400.jpg 600w\" sizes=\"auto, (max-width: 1024px) 100vw, 1024px\" \/>\t\t\t\t\t\t\t\t<\/a>\n\t\t\t\t\t\t\t\t\t\t\t\t\t\t\t<\/div>\n\t\t\t\t<\/div>\n\t\t\t\t\t<\/div>\n\t\t<\/div>\n\t\t\t\t<div class=\"elementor-column elementor-col-33 elementor-top-column elementor-element elementor-element-e367bed\" data-id=\"e367bed\" data-element_type=\"column\">\n\t\t\t<div class=\"elementor-widget-wrap elementor-element-populated\">\n\t\t\t\t\t\t\t\t<div class=\"elementor-element elementor-element-f250ba6 elementor-widget elementor-widget-image\" data-id=\"f250ba6\" data-element_type=\"widget\" data-widget_type=\"image.default\">\n\t\t\t\t<div class=\"elementor-widget-container\">\n\t\t\t\t\t\t\t\t\t\t\t\t\t\t\t\t<a href=\"https:\/\/visitbaceno.it\/wp-content\/uploads\/2023\/06\/Gastronomia-tipica-Baceno-Valle-Antigorio-_-scaled.jpeg\" data-elementor-open-lightbox=\"yes\" data-elementor-lightbox-title=\"Gastronomia tipica - Baceno - Valle Antigorio\" data-e-action-hash=\"#elementor-action%3Aaction%3Dlightbox%26settings%3DeyJpZCI6MjUyOCwidXJsIjoiaHR0cHM6XC9cL3Zpc2l0YmFjZW5vLml0XC93cC1jb250ZW50XC91cGxvYWRzXC8yMDIzXC8wNlwvR2FzdHJvbm9taWEtdGlwaWNhLUJhY2Vuby1WYWxsZS1BbnRpZ29yaW8tXy1zY2FsZWQuanBlZyJ9\">\n\t\t\t\t\t\t\t<img loading=\"lazy\" decoding=\"async\" width=\"1024\" height=\"681\" src=\"https:\/\/visitbaceno.it\/wp-content\/uploads\/2023\/06\/Gastronomia-tipica-Baceno-Valle-Antigorio-_-1024x681.jpeg\" class=\"attachment-large size-large wp-image-2528\" alt=\"Gastronomia tipica - Baceno - Valle Antigorio\" srcset=\"https:\/\/visitbaceno.it\/wp-content\/uploads\/2023\/06\/Gastronomia-tipica-Baceno-Valle-Antigorio-_-1024x681.jpeg 1024w, https:\/\/visitbaceno.it\/wp-content\/uploads\/2023\/06\/Gastronomia-tipica-Baceno-Valle-Antigorio-_-300x200.jpeg 300w, https:\/\/visitbaceno.it\/wp-content\/uploads\/2023\/06\/Gastronomia-tipica-Baceno-Valle-Antigorio-_-768x511.jpeg 768w, https:\/\/visitbaceno.it\/wp-content\/uploads\/2023\/06\/Gastronomia-tipica-Baceno-Valle-Antigorio-_-1536x1022.jpeg 1536w, https:\/\/visitbaceno.it\/wp-content\/uploads\/2023\/06\/Gastronomia-tipica-Baceno-Valle-Antigorio-_-2048x1362.jpeg 2048w, https:\/\/visitbaceno.it\/wp-content\/uploads\/2023\/06\/Gastronomia-tipica-Baceno-Valle-Antigorio-_-600x399.jpeg 600w\" sizes=\"auto, (max-width: 1024px) 100vw, 1024px\" \/>\t\t\t\t\t\t\t\t<\/a>\n\t\t\t\t\t\t\t\t\t\t\t\t\t\t\t<\/div>\n\t\t\t\t<\/div>\n\t\t\t\t\t<\/div>\n\t\t<\/div>\n\t\t\t\t\t\t\t<\/div>\n\t\t<\/section>\n\t\t\t\t<section class=\"elementor-section elementor-top-section elementor-element elementor-element-83e6dff elementor-section-boxed elementor-section-height-default elementor-section-height-default\" data-id=\"83e6dff\" data-element_type=\"section\" data-settings=\"{&quot;jet_parallax_layout_list&quot;:[]}\">\n\t\t\t\t\t\t<div class=\"elementor-container elementor-column-gap-default\">\n\t\t\t\t\t<div class=\"elementor-column elementor-col-25 elementor-top-column elementor-element elementor-element-e53edcb\" data-id=\"e53edcb\" data-element_type=\"column\">\n\t\t\t<div class=\"elementor-widget-wrap elementor-element-populated\">\n\t\t\t\t\t\t\t\t<div class=\"elementor-element elementor-element-bd6b94d elementor-widget elementor-widget-image\" data-id=\"bd6b94d\" data-element_type=\"widget\" data-widget_type=\"image.default\">\n\t\t\t\t<div class=\"elementor-widget-container\">\n\t\t\t\t\t\t\t\t\t\t\t\t\t\t\t<img loading=\"lazy\" decoding=\"async\" width=\"1024\" height=\"681\" src=\"https:\/\/visitbaceno.it\/wp-content\/uploads\/2024\/03\/La-Lanca-shooting-giugno-2023-420-1024x681.jpg\" class=\"attachment-large size-large wp-image-5204\" alt=\"\" srcset=\"https:\/\/visitbaceno.it\/wp-content\/uploads\/2024\/03\/La-Lanca-shooting-giugno-2023-420-1024x681.jpg 1024w, https:\/\/visitbaceno.it\/wp-content\/uploads\/2024\/03\/La-Lanca-shooting-giugno-2023-420-300x200.jpg 300w, https:\/\/visitbaceno.it\/wp-content\/uploads\/2024\/03\/La-Lanca-shooting-giugno-2023-420-768x511.jpg 768w, https:\/\/visitbaceno.it\/wp-content\/uploads\/2024\/03\/La-Lanca-shooting-giugno-2023-420-1536x1022.jpg 1536w, https:\/\/visitbaceno.it\/wp-content\/uploads\/2024\/03\/La-Lanca-shooting-giugno-2023-420-2048x1362.jpg 2048w, https:\/\/visitbaceno.it\/wp-content\/uploads\/2024\/03\/La-Lanca-shooting-giugno-2023-420-600x399.jpg 600w\" sizes=\"auto, (max-width: 1024px) 100vw, 1024px\" \/>\t\t\t\t\t\t\t\t\t\t\t\t\t\t\t<\/div>\n\t\t\t\t<\/div>\n\t\t\t\t\t<\/div>\n\t\t<\/div>\n\t\t\t\t<div class=\"elementor-column elementor-col-25 elementor-top-column elementor-element elementor-element-d4ffd0e\" data-id=\"d4ffd0e\" data-element_type=\"column\">\n\t\t\t<div class=\"elementor-widget-wrap elementor-element-populated\">\n\t\t\t\t\t\t\t\t<div class=\"elementor-element elementor-element-2260a59 elementor-widget elementor-widget-image\" data-id=\"2260a59\" data-element_type=\"widget\" data-widget_type=\"image.default\">\n\t\t\t\t<div class=\"elementor-widget-container\">\n\t\t\t\t\t\t\t\t\t\t\t\t\t\t\t<img loading=\"lazy\" decoding=\"async\" width=\"1024\" height=\"681\" src=\"https:\/\/visitbaceno.it\/wp-content\/uploads\/2024\/03\/24AGRI_AC_MTF4399-1024x681.jpg\" class=\"attachment-large size-large wp-image-5207\" alt=\"\" srcset=\"https:\/\/visitbaceno.it\/wp-content\/uploads\/2024\/03\/24AGRI_AC_MTF4399-1024x681.jpg 1024w, https:\/\/visitbaceno.it\/wp-content\/uploads\/2024\/03\/24AGRI_AC_MTF4399-300x200.jpg 300w, https:\/\/visitbaceno.it\/wp-content\/uploads\/2024\/03\/24AGRI_AC_MTF4399-768x511.jpg 768w, https:\/\/visitbaceno.it\/wp-content\/uploads\/2024\/03\/24AGRI_AC_MTF4399-1536x1022.jpg 1536w, https:\/\/visitbaceno.it\/wp-content\/uploads\/2024\/03\/24AGRI_AC_MTF4399-2048x1362.jpg 2048w, https:\/\/visitbaceno.it\/wp-content\/uploads\/2024\/03\/24AGRI_AC_MTF4399-600x399.jpg 600w\" sizes=\"auto, (max-width: 1024px) 100vw, 1024px\" \/>\t\t\t\t\t\t\t\t\t\t\t\t\t\t\t<\/div>\n\t\t\t\t<\/div>\n\t\t\t\t\t<\/div>\n\t\t<\/div>\n\t\t\t\t<div class=\"elementor-column elementor-col-25 elementor-top-column elementor-element elementor-element-d5392f8\" data-id=\"d5392f8\" data-element_type=\"column\">\n\t\t\t<div class=\"elementor-widget-wrap elementor-element-populated\">\n\t\t\t\t\t\t\t\t<div class=\"elementor-element elementor-element-a9fc556 elementor-widget elementor-widget-image\" data-id=\"a9fc556\" data-element_type=\"widget\" data-widget_type=\"image.default\">\n\t\t\t\t<div class=\"elementor-widget-container\">\n\t\t\t\t\t\t\t\t\t\t\t\t\t\t\t<img loading=\"lazy\" decoding=\"async\" width=\"1024\" height=\"683\" src=\"https:\/\/visitbaceno.it\/wp-content\/uploads\/2024\/03\/WhatsApp-Image-2024-03-07-at-11.52.50-2-1024x683.jpeg\" class=\"attachment-large size-large wp-image-5210\" alt=\"\" srcset=\"https:\/\/visitbaceno.it\/wp-content\/uploads\/2024\/03\/WhatsApp-Image-2024-03-07-at-11.52.50-2-1024x683.jpeg 1024w, https:\/\/visitbaceno.it\/wp-content\/uploads\/2024\/03\/WhatsApp-Image-2024-03-07-at-11.52.50-2-300x200.jpeg 300w, https:\/\/visitbaceno.it\/wp-content\/uploads\/2024\/03\/WhatsApp-Image-2024-03-07-at-11.52.50-2-768x512.jpeg 768w, https:\/\/visitbaceno.it\/wp-content\/uploads\/2024\/03\/WhatsApp-Image-2024-03-07-at-11.52.50-2-600x400.jpeg 600w, https:\/\/visitbaceno.it\/wp-content\/uploads\/2024\/03\/WhatsApp-Image-2024-03-07-at-11.52.50-2.jpeg 1080w\" sizes=\"auto, (max-width: 1024px) 100vw, 1024px\" \/>\t\t\t\t\t\t\t\t\t\t\t\t\t\t\t<\/div>\n\t\t\t\t<\/div>\n\t\t\t\t\t<\/div>\n\t\t<\/div>\n\t\t\t\t<div class=\"elementor-column elementor-col-25 elementor-top-column elementor-element elementor-element-ffc6bf3\" data-id=\"ffc6bf3\" data-element_type=\"column\">\n\t\t\t<div class=\"elementor-widget-wrap elementor-element-populated\">\n\t\t\t\t\t\t\t\t<div class=\"elementor-element elementor-element-27b3d4a elementor-widget elementor-widget-image\" data-id=\"27b3d4a\" data-element_type=\"widget\" data-widget_type=\"image.default\">\n\t\t\t\t<div class=\"elementor-widget-container\">\n\t\t\t\t\t\t\t\t\t\t\t\t\t\t\t<img loading=\"lazy\" decoding=\"async\" width=\"1024\" height=\"683\" src=\"https:\/\/visitbaceno.it\/wp-content\/uploads\/2024\/02\/Baceno_Sagra_Mele_Miele_2023_5620_LR-1024x683.jpg\" class=\"attachment-large size-large wp-image-4883\" alt=\"\" srcset=\"https:\/\/visitbaceno.it\/wp-content\/uploads\/2024\/02\/Baceno_Sagra_Mele_Miele_2023_5620_LR-1024x683.jpg 1024w, https:\/\/visitbaceno.it\/wp-content\/uploads\/2024\/02\/Baceno_Sagra_Mele_Miele_2023_5620_LR-300x200.jpg 300w, https:\/\/visitbaceno.it\/wp-content\/uploads\/2024\/02\/Baceno_Sagra_Mele_Miele_2023_5620_LR-768x512.jpg 768w, https:\/\/visitbaceno.it\/wp-content\/uploads\/2024\/02\/Baceno_Sagra_Mele_Miele_2023_5620_LR-1536x1024.jpg 1536w, https:\/\/visitbaceno.it\/wp-content\/uploads\/2024\/02\/Baceno_Sagra_Mele_Miele_2023_5620_LR-600x400.jpg 600w, https:\/\/visitbaceno.it\/wp-content\/uploads\/2024\/02\/Baceno_Sagra_Mele_Miele_2023_5620_LR.jpg 1800w\" sizes=\"auto, (max-width: 1024px) 100vw, 1024px\" \/>\t\t\t\t\t\t\t\t\t\t\t\t\t\t\t<\/div>\n\t\t\t\t<\/div>\n\t\t\t\t\t<\/div>\n\t\t<\/div>\n\t\t\t\t\t\t\t<\/div>\n\t\t<\/section>\n\t\t\t\t\t\t\t<\/div>\n\t\t","protected":false},"excerpt":{"rendered":"<p>Was gibt es Besseres als ein k\u00f6stliches Mittagessen nach einem anstrengenden Tag voller Entdeckungen? Die typischen Gerichte von Baceno und seiner Umgebung duften nach der Einfachheit und Authentizit\u00e4t des Berglebens. Die Landwirtschaft ist seit Jahrhunderten eine traditionelle T\u00e4tigkeit der Dorfbewohner, und so findet sich die raffinierte Weisheit der Milchverarbeitung in der gro\u00dfen Vielfalt von Geschmack [&hellip;]<\/p>\n","protected":false},"author":1,"featured_media":0,"parent":0,"menu_order":0,"comment_status":"closed","ping_status":"closed","template":"","meta":{"footnotes":""},"class_list":["post-5764","page","type-page","status-publish","hentry"],"_links":{"self":[{"href":"https:\/\/visitbaceno.it\/de\/wp-json\/wp\/v2\/pages\/5764","targetHints":{"allow":["GET"]}}],"collection":[{"href":"https:\/\/visitbaceno.it\/de\/wp-json\/wp\/v2\/pages"}],"about":[{"href":"https:\/\/visitbaceno.it\/de\/wp-json\/wp\/v2\/types\/page"}],"author":[{"embeddable":true,"href":"https:\/\/visitbaceno.it\/de\/wp-json\/wp\/v2\/users\/1"}],"replies":[{"embeddable":true,"href":"https:\/\/visitbaceno.it\/de\/wp-json\/wp\/v2\/comments?post=5764"}],"version-history":[{"count":1,"href":"https:\/\/visitbaceno.it\/de\/wp-json\/wp\/v2\/pages\/5764\/revisions"}],"predecessor-version":[{"id":5765,"href":"https:\/\/visitbaceno.it\/de\/wp-json\/wp\/v2\/pages\/5764\/revisions\/5765"}],"wp:attachment":[{"href":"https:\/\/visitbaceno.it\/de\/wp-json\/wp\/v2\/media?parent=5764"}],"curies":[{"name":"wp","href":"https:\/\/api.w.org\/{rel}","templated":true}]}}