{"id":5770,"date":"2023-06-01T09:59:51","date_gmt":"2023-06-01T09:59:51","guid":{"rendered":"https:\/\/visitbaceno.it\/anreise\/"},"modified":"2025-06-25T13:11:26","modified_gmt":"2025-06-25T13:11:26","slug":"anreise","status":"publish","type":"page","link":"https:\/\/visitbaceno.it\/de\/anreise\/","title":{"rendered":"Anreise"},"content":{"rendered":"\t\t<div data-elementor-type=\"wp-page\" data-elementor-id=\"5770\" class=\"elementor elementor-5770 elementor-2298\">\n\t\t\t\t\t\t\t\t\t<section class=\"elementor-section elementor-top-section elementor-element elementor-element-020f1c9 elementor-section-boxed elementor-section-height-default elementor-section-height-default\" data-id=\"020f1c9\" data-element_type=\"section\" data-settings=\"{&quot;jet_parallax_layout_list&quot;:[]}\">\n\t\t\t\t\t\t<div class=\"elementor-container elementor-column-gap-default\">\n\t\t\t\t\t<div class=\"elementor-column elementor-col-100 elementor-top-column elementor-element elementor-element-1d441f9\" data-id=\"1d441f9\" data-element_type=\"column\">\n\t\t\t<div class=\"elementor-widget-wrap elementor-element-populated\">\n\t\t\t\t\t\t\t\t<div class=\"elementor-element elementor-element-bb3878d elementor-widget elementor-widget-text-editor\" data-id=\"bb3878d\" data-element_type=\"widget\" data-widget_type=\"text-editor.default\">\n\t\t\t\t<div class=\"elementor-widget-container\">\n\t\t\t<style>\/*! elementor - v3.13.3 - 28-05-2023 *\/\n.elementor-widget-text-editor.elementor-drop-cap-view-stacked .elementor-drop-cap{background-color:#69727d;color:#fff}.elementor-widget-text-editor.elementor-drop-cap-view-framed .elementor-drop-cap{color:#69727d;border:3px solid;background-color:transparent}.elementor-widget-text-editor:not(.elementor-drop-cap-view-default) .elementor-drop-cap{margin-top:8px}.elementor-widget-text-editor:not(.elementor-drop-cap-view-default) .elementor-drop-cap-letter{width:1em;height:1em}.elementor-widget-text-editor .elementor-drop-cap{float:left;text-align:center;line-height:1;font-size:50px}.elementor-widget-text-editor .elementor-drop-cap-letter{display:inline-block}<\/style>\t\t\t\t<p>Baceno ist leicht zu erreichen:<\/p><ul><li><strong>mit dem Flugzeug<\/strong>, der Flughafen Mailand Malpensa ist etwa 100 km entfernt.<br \/>Fluginformationsdienst, tel. +39 02 74852200 &#8211; Geb\u00fchrenfreie Nummer 800 337337.<br \/>Web: <a href=\"http:\/\/www.sea-aeroportimilano.it\" target=\"_blank\" rel=\"noopener\">www.sea-aeroportimilano.it<\/a><\/li><li><strong>Mit dem Auto<\/strong>, von den wichtigsten St\u00e4dten Norditaliens aus, \u00fcber die Autobahn A26 bis Gravellona Toce.<br \/>Von hier aus weiter auf der Schnellstra\u00dfe SS 33 Simplon bis zur Ausfahrt Crodo, wo man auf die SS 659 Valle Antigorio abbiegt.<\/li><li><strong>Mit den \u00f6ffentlichen Verkehrsmitteln<\/strong> fahren Sie bis zum Bahnhof Domodossola, der etwa 20 km von Baceno entfernt ist.<br \/>Au\u00dferhalb des Bahnhofs kann man mit dem Comazzi-Bus weiterfahren &#8211; Linie Domodossola-Cascata del Toce (<a href=\"https:\/\/www.comazzibus.com\/linee_orari.php\" target=\"_blank\" rel=\"noopener\">hier klicken f\u00fcr Fahrpl\u00e4ne<\/a>), die direkt nach Baceno f\u00fchrt.<br \/>F\u00fcr Informationen: tel. +39 0324 240333 \u2013 e-mail: <a href=\"mailto:comazzi@comazzibus.com\">comazzi@comazzibus.com<\/a>;<\/li><li><strong>ProntoBus<\/strong>: Von Baceno aus kann man die Alpe Devero bequem mit dem ProntoBus Baceno-Alpe Devero erreichen.<br \/>Haltestellen:<br \/>1. Baceno (vor dem Rathaus); 2. Croveo (vor der Cooperativa); 3. Osso di Croveo; 4. Kreuzung f\u00fcr Esigo; 5. Goglio (Piazzale Centrale Enel); 6. Alpe Devero.<strong><br \/>HIER <a href=\"https:\/\/visitbaceno.it\/wp-content\/uploads\/2025\/06\/Orario-estivo-Prontobus.pdf\">DER SOMMERFAHRPLAN 2025<\/a> (G\u00dcLTIG BIS 7\/9\/2025)<\/strong><br \/>Weitere Informationen: Tel. +39 3394045429 \u2013 E-mail: <a href=\"mailto:info@unioneantigoriodivedroformazza.it\">info@unioneantigoriodivedroformazza.it<\/a>.<\/li><\/ul>\t\t\t\t\t\t<\/div>\n\t\t\t\t<\/div>\n\t\t\t\t\t<\/div>\n\t\t<\/div>\n\t\t\t\t\t\t\t<\/div>\n\t\t<\/section>\n\t\t\t\t\t\t\t<\/div>\n\t\t","protected":false},"excerpt":{"rendered":"<p>Baceno ist leicht zu erreichen: mit dem Flugzeug, der Flughafen Mailand Malpensa ist etwa 100 km entfernt.Fluginformationsdienst, tel. +39 02 74852200 &#8211; Geb\u00fchrenfreie Nummer 800 337337.Web: www.sea-aeroportimilano.it Mit dem Auto, von den wichtigsten St\u00e4dten Norditaliens aus, \u00fcber die Autobahn A26 bis Gravellona Toce.Von hier aus weiter auf der Schnellstra\u00dfe SS 33 Simplon bis zur Ausfahrt [&hellip;]<\/p>\n","protected":false},"author":1,"featured_media":0,"parent":0,"menu_order":0,"comment_status":"closed","ping_status":"closed","template":"","meta":{"footnotes":""},"class_list":["post-5770","page","type-page","status-publish","hentry"],"_links":{"self":[{"href":"https:\/\/visitbaceno.it\/de\/wp-json\/wp\/v2\/pages\/5770","targetHints":{"allow":["GET"]}}],"collection":[{"href":"https:\/\/visitbaceno.it\/de\/wp-json\/wp\/v2\/pages"}],"about":[{"href":"https:\/\/visitbaceno.it\/de\/wp-json\/wp\/v2\/types\/page"}],"author":[{"embeddable":true,"href":"https:\/\/visitbaceno.it\/de\/wp-json\/wp\/v2\/users\/1"}],"replies":[{"embeddable":true,"href":"https:\/\/visitbaceno.it\/de\/wp-json\/wp\/v2\/comments?post=5770"}],"version-history":[{"count":20,"href":"https:\/\/visitbaceno.it\/de\/wp-json\/wp\/v2\/pages\/5770\/revisions"}],"predecessor-version":[{"id":6611,"href":"https:\/\/visitbaceno.it\/de\/wp-json\/wp\/v2\/pages\/5770\/revisions\/6611"}],"wp:attachment":[{"href":"https:\/\/visitbaceno.it\/de\/wp-json\/wp\/v2\/media?parent=5770"}],"curies":[{"name":"wp","href":"https:\/\/api.w.org\/{rel}","templated":true}]}}